{"id":42854,"date":"2018-06-23T20:47:33","date_gmt":"2018-06-23T18:47:33","guid":{"rendered":"http:\/\/www.libraria-occitana.org\/?post_type=product&#038;p=42854"},"modified":"2026-04-24T23:11:07","modified_gmt":"2026-04-24T21:11:07","slug":"atal-fasem","status":"publish","type":"product","link":"https:\/\/www.libraria-occitana.org\/oc\/produch\/atal-fasem\/","title":{"rendered":"Atal fas\u00e8m"},"content":{"rendered":"<p>Per S\u00e8rgi Viaule, aquel roman es a l\u2019enc\u00f2p un omenatge e una escomesa. Explica perqu\u00e9 : \u00ab Es un omenatge a Enric Molin. Li soi devent de mas primi\u00e8ras j\u00f2ias de lector. D\u2019efi\u00e8ch, los primi\u00e8rs romans en lenga n\u00f2stra que legigu\u00e8ri a la debuta de las annadas 1970, son estats los de l\u2019autor roergat, e sonque los seus. A l\u2019ep\u00f2ca \u00e8ran los sols de disponibles. Me congost\u00e8ri de <em>Grela d\u2019abrial<\/em>, <em>E la barta florigu\u00e8t<\/em>, <em>Rambalhs de b\u00f2ria<\/em>, e maites encara. Son los que me marqu\u00e8ron e que de temps m\u2019acompanh\u00e8ron.<br \/>\nAqu\u00f2\u2019s Enric Molin que me dobrigu\u00e8t la p\u00f2rta que dona sus la literatura occitana. Aqu\u00f2\u2019s el que m\u2019aland\u00e8t las fen\u00e8stras que badan sus l\u2019univ\u00e8rs literari occitan. Tot segur, es el que me convid\u00e8t a la lectura e a l\u2019escritura \u00bb.<\/p>\n<p>Amb aqueste <em>Atal fas\u00e8m<\/em> S\u00e8rgi Viaule a volgut escriure un roman \u00ab a la Molin \u00bb. A tengut a servar la meteissa temporalitat, lo meteis mitan e la meteissa problematica de la mis\u00e8ria morala e materiala. S\u00e8rgi Viaule es un autor inclassificable.<\/p>\n","protected":false},"excerpt":{"rendered":"<p>Per S\u00e8rgi Viaule, aquel roman es a l\u2019enc\u00f2p un omenatge e una escomesa. Explica perqu\u00e9 : \u00ab Es un omenatge a Enric Molin. Li soi devent de mas primi\u00e8ras j\u00f2ias de lector. D\u2019efi\u00e8ch, los primi\u00e8rs romans en lenga n\u00f2stra que legigu\u00e8ri a la debuta de las annadas 1970, son estats los de l\u2019autor roergat, e [&hellip;]<\/p>\n","protected":false},"featured_media":42857,"template":"","meta":{"_acf_changed":false,"_genesis_hide_title":false,"_genesis_hide_breadcrumbs":false,"_genesis_hide_singular_image":false,"_genesis_hide_footer_widgets":false,"_genesis_custom_body_class":"","_genesis_custom_post_class":"","_genesis_layout":""},"product_brand":[],"product_cat":[7133,7175,7183],"product_tag":[],"class_list":{"0":"post-42854","1":"product","2":"type-product","3":"status-publish","4":"has-post-thumbnail","6":"product_cat-libres-oc","7":"product_cat-literatura-oc","8":"product_cat-romans-novelas-oc","9":"pa_auteur-viaule-sergi-oc","10":"pa_editeur-ieo-fr-oc","11":"pa_langue-occitan-oc","12":"pa_langue-occitan-lengadocian-oc","13":"entry","15":"first","16":"outofstock","17":"shipping-taxable","18":"purchasable","19":"product-type-simple"},"acf":[],"_links":{"self":[{"href":"https:\/\/www.libraria-occitana.org\/oc\/wp-json\/wp\/v2\/product\/42854","targetHints":{"allow":["GET"]}}],"collection":[{"href":"https:\/\/www.libraria-occitana.org\/oc\/wp-json\/wp\/v2\/product"}],"about":[{"href":"https:\/\/www.libraria-occitana.org\/oc\/wp-json\/wp\/v2\/types\/product"}],"wp:featuredmedia":[{"embeddable":true,"href":"https:\/\/www.libraria-occitana.org\/oc\/wp-json\/wp\/v2\/media\/42857"}],"wp:attachment":[{"href":"https:\/\/www.libraria-occitana.org\/oc\/wp-json\/wp\/v2\/media?parent=42854"}],"wp:term":[{"taxonomy":"product_brand","embeddable":true,"href":"https:\/\/www.libraria-occitana.org\/oc\/wp-json\/wp\/v2\/product_brand?post=42854"},{"taxonomy":"product_cat","embeddable":true,"href":"https:\/\/www.libraria-occitana.org\/oc\/wp-json\/wp\/v2\/product_cat?post=42854"},{"taxonomy":"product_tag","embeddable":true,"href":"https:\/\/www.libraria-occitana.org\/oc\/wp-json\/wp\/v2\/product_tag?post=42854"}],"curies":[{"name":"wp","href":"https:\/\/api.w.org\/{rel}","templated":true}]}}