{"id":42867,"date":"1976-06-30T21:07:08","date_gmt":"1976-06-30T19:07:08","guid":{"rendered":"http:\/\/www.libraria-occitana.org\/product\/qualques-novas-dendacom-mai\/"},"modified":"2026-04-29T03:51:48","modified_gmt":"2026-04-29T01:51:48","slug":"qualques-novas-dendacom-mai","status":"publish","type":"product","link":"https:\/\/www.libraria-occitana.org\/oc\/produch\/qualques-novas-dendacom-mai\/","title":{"rendered":"Qualques n\u00f2vas d&#8217;endac\u00f2m mai"},"content":{"rendered":"<p>Recuelh d'un vintenat de n\u00f2vas.<\/p>\n<p>\u00ab Lo pa\u00efs dels miralhs existissi\u00e1 pus. I avi\u00e1 ara, la realitat, e, de l\u2019autre band de las vitras, de las gla\u00e7as, del mendre rebat sus las aigas o dins un agach, un mond silenci\u00f3s, badalhonat, condemnat a \u00e8stre pas qu\u2019una reproduccion inversa d\u2019aquela realitat.<br \/>\n\u00ab La fin de la cronica es pas de bon comprendre per ieu. L\u2019Anonim se p\u00e8rd en consideracions moralas. Pasmens una estr\u00f2fa que rapela los melhors moments del \u00ab clus trobar \u00bb, acaba definitivament son t\u00e8xt. Estr\u00f2fa misteriosa e profetic qu\u2019an\u00f3ncia en verses laborioses entrebescats que dins la seguida dels temps avenidors, los presoni\u00e8rs dels miralhs acabar\u00e0n per se rebelar, per se recampar e per s\u2019armar. Capitar\u00e0n a faire espetar las espessas susf\u00e0cias de veire, sortir\u00e0n tornamai a la realitat. La fin, apocaliptica benl\u00e8u, es perduda. Ai oblidat de dire qu\u2019apond, d\u2019autre part, que lo desastre ser\u00e0 anonciat per tota una ti\u00e8ra de signes indubitables que los \u00f2mes de la realitat falsa comprendr\u00e0n pas. \u00bb<\/p>\n","protected":false},"excerpt":{"rendered":"<p>Recuelh d&#8217;un vintenat de n\u00f2vas. \u00ab Lo pa\u00efs dels miralhs existissi\u00e1 pus. I avi\u00e1 ara, la realitat, e, de l\u2019autre band de las vitras, de las gla\u00e7as, del mendre rebat sus las aigas o dins un agach, un mond silenci\u00f3s, badalhonat, condemnat a \u00e8stre pas qu\u2019una reproduccion inversa d\u2019aquela realitat. \u00ab La fin de la [&hellip;]<\/p>\n","protected":false},"featured_media":42864,"template":"","meta":{"_acf_changed":false,"_genesis_hide_title":false,"_genesis_hide_breadcrumbs":false,"_genesis_hide_singular_image":false,"_genesis_hide_footer_widgets":false,"_genesis_custom_body_class":"","_genesis_custom_post_class":"","_genesis_layout":""},"product_brand":[],"product_cat":[7133,7175,7183],"product_tag":[],"class_list":{"0":"post-42867","1":"product","2":"type-product","3":"status-publish","4":"has-post-thumbnail","6":"product_cat-libres-oc","7":"product_cat-literatura-oc","8":"product_cat-romans-novelas-oc","9":"pa_auteur-vernet-florian-oc","10":"pa_editeur-ieo-fr-oc","11":"pa_langue-occitan-oc","12":"pa_langue-occitan-lengadocian-oc","13":"entry","15":"first","16":"instock","17":"shipping-taxable","18":"purchasable","19":"product-type-simple"},"acf":[],"_links":{"self":[{"href":"https:\/\/www.libraria-occitana.org\/oc\/wp-json\/wp\/v2\/product\/42867","targetHints":{"allow":["GET"]}}],"collection":[{"href":"https:\/\/www.libraria-occitana.org\/oc\/wp-json\/wp\/v2\/product"}],"about":[{"href":"https:\/\/www.libraria-occitana.org\/oc\/wp-json\/wp\/v2\/types\/product"}],"wp:featuredmedia":[{"embeddable":true,"href":"https:\/\/www.libraria-occitana.org\/oc\/wp-json\/wp\/v2\/media\/42864"}],"wp:attachment":[{"href":"https:\/\/www.libraria-occitana.org\/oc\/wp-json\/wp\/v2\/media?parent=42867"}],"wp:term":[{"taxonomy":"product_brand","embeddable":true,"href":"https:\/\/www.libraria-occitana.org\/oc\/wp-json\/wp\/v2\/product_brand?post=42867"},{"taxonomy":"product_cat","embeddable":true,"href":"https:\/\/www.libraria-occitana.org\/oc\/wp-json\/wp\/v2\/product_cat?post=42867"},{"taxonomy":"product_tag","embeddable":true,"href":"https:\/\/www.libraria-occitana.org\/oc\/wp-json\/wp\/v2\/product_tag?post=42867"}],"curies":[{"name":"wp","href":"https:\/\/api.w.org\/{rel}","templated":true}]}}