{"id":42900,"date":"2015-11-25T16:41:05","date_gmt":"2015-11-25T15:41:05","guid":{"rendered":"http:\/\/www.libraria-occitana.org\/product\/guilhem-le-prince-troubadour\/"},"modified":"2026-04-29T10:01:59","modified_gmt":"2026-04-29T08:01:59","slug":"guilhem-le-prince-troubadour","status":"publish","type":"product","link":"https:\/\/www.libraria-occitana.org\/oc\/produch\/guilhem-le-prince-troubadour\/","title":{"rendered":"Guilhem, le Prince troubadour"},"content":{"rendered":"<p>La vie romanc\u00e9e de Guillaume IX d&#8217;Aquitaine, comte de Poitiers, prince et troubadour, po\u00e8te et initiateur de l&#8217;id\u00e9al courtois au Moyen-\u00c2ge.<\/p>\n","protected":false},"excerpt":{"rendered":"<p>La vie romanc\u00e9e de Guillaume IX d&#8217;Aquitaine, comte de Poitiers, prince et troubadour, po\u00e8te et initiateur de l&#8217;id\u00e9al courtois au Moyen-\u00c2ge.<\/p>\n","protected":false},"featured_media":42898,"template":"","meta":{"_acf_changed":false,"_genesis_hide_title":false,"_genesis_hide_breadcrumbs":false,"_genesis_hide_singular_image":false,"_genesis_hide_footer_widgets":false,"_genesis_custom_body_class":"","_genesis_custom_post_class":"","_genesis_layout":""},"product_brand":[],"product_cat":[7133,7175,7183],"product_tag":[],"class_list":{"0":"post-42900","1":"product","2":"type-product","3":"status-publish","4":"has-post-thumbnail","6":"product_cat-libres-oc","7":"product_cat-literatura-oc","8":"product_cat-romans-novelas-oc","9":"pa_auteur-fabre-pau-oc","10":"pa_editeur-gilbert-jaccon-oc","11":"pa_langue-francais-oc","12":"entry","14":"first","15":"outofstock","16":"shipping-taxable","17":"purchasable","18":"product-type-simple"},"acf":[],"_links":{"self":[{"href":"https:\/\/www.libraria-occitana.org\/oc\/wp-json\/wp\/v2\/product\/42900","targetHints":{"allow":["GET"]}}],"collection":[{"href":"https:\/\/www.libraria-occitana.org\/oc\/wp-json\/wp\/v2\/product"}],"about":[{"href":"https:\/\/www.libraria-occitana.org\/oc\/wp-json\/wp\/v2\/types\/product"}],"wp:featuredmedia":[{"embeddable":true,"href":"https:\/\/www.libraria-occitana.org\/oc\/wp-json\/wp\/v2\/media\/42898"}],"wp:attachment":[{"href":"https:\/\/www.libraria-occitana.org\/oc\/wp-json\/wp\/v2\/media?parent=42900"}],"wp:term":[{"taxonomy":"product_brand","embeddable":true,"href":"https:\/\/www.libraria-occitana.org\/oc\/wp-json\/wp\/v2\/product_brand?post=42900"},{"taxonomy":"product_cat","embeddable":true,"href":"https:\/\/www.libraria-occitana.org\/oc\/wp-json\/wp\/v2\/product_cat?post=42900"},{"taxonomy":"product_tag","embeddable":true,"href":"https:\/\/www.libraria-occitana.org\/oc\/wp-json\/wp\/v2\/product_tag?post=42900"}],"curies":[{"name":"wp","href":"https:\/\/api.w.org\/{rel}","templated":true}]}}