{"id":42914,"date":"2018-09-25T17:32:11","date_gmt":"2018-09-25T15:32:11","guid":{"rendered":"http:\/\/www.libraria-occitana.org\/product\/voici-larbre-de-lamour-nature-et-culture-dans-la-poesie-medievale-doc\/"},"modified":"2026-04-29T10:09:25","modified_gmt":"2026-04-29T08:09:25","slug":"voici-larbre-de-lamour-nature-et-culture-dans-la-poesie-medievale-doc","status":"publish","type":"product","link":"https:\/\/www.libraria-occitana.org\/oc\/produch\/voici-larbre-de-lamour-nature-et-culture-dans-la-poesie-medievale-doc\/","title":{"rendered":"Voici l&#8217;arbre de l&#8217;amour : Nature et culture dans la po\u00e9sie m\u00e9di\u00e9vale d&#8217;oc"},"content":{"rendered":"<p>La <em>fin&#8217;amor<\/em> est un chant qui unit \u00e9troitement l&#8217;amour et la nature ; la po\u00e9sie, dans la concision de la <em>canso<\/em>, est la juste expression de cette relation intime.<br \/>\nD\u00e8s que l&#8217;on entend le chant des troubadours, c&#8217;est un paysage qui surgit. Or les po\u00e8tes furent aussi t\u00e9moins de l&#8217;\u00e9volution de ce paysage, du d\u00e9frichement et des progr\u00e8s techniques. Peut-on alors rivaliser avec la nature ? Machines complexes, automates, recherches alchimiques caract\u00e9risent les si\u00e8cles des troubadours, et ils n&#8217;ont pu les ignorer.<br \/>\nMais l&#8217;\u0153uvre po\u00e9tique transforme mieux encore le monde ext\u00e9rieur. Si le paysage est un th\u00e9\u00e2tre, la pi\u00e8ce qui s&#8217;y joue est aussi celle d&#8217;un renversement des ph\u00e9nom\u00e8nes naturels soumis \u00e0 la chamade du c\u0153ur. Le troubadour, en alchimiste des mots, rivalise avec la nature et se sert de ses \u00e9motions amoureuses pour la remodeler selon ses propres d\u00e9sirs : au verger d&#8217;amour, la neige est fleur.<br \/>\nLe po\u00e8te tend \u00e0 l&#8217;introspection, et, sans \u00eatre philosophe, il n&#8217;a pas m\u00e9connu les divers courants n\u00e9o-platoniciens. S&#8217;il analyse si finement ses sentiments, c&#8217;est qu&#8217;il est lui-m\u00eame une nature. Pour lui, comme pour tout autre artiste, la connaissance de soi est au c\u0153ur de l&#8217;\u0153uvre. Ainsi se d\u00e9couvre l&#8217;arbre d&#8217;amour.<\/p>\n","protected":false},"excerpt":{"rendered":"<p>La fin&#8217;amor est un chant qui unit \u00e9troitement l&#8217;amour et la nature ; la po\u00e9sie, dans la concision de la canso, est la juste expression de cette relation intime. D\u00e8s que l&#8217;on entend le chant des troubadours, c&#8217;est un paysage qui surgit. Or les po\u00e8tes furent aussi t\u00e9moins de l&#8217;\u00e9volution de ce paysage, du d\u00e9frichement [&hellip;]<\/p>\n","protected":false},"featured_media":42912,"template":"","meta":{"_acf_changed":false,"_genesis_hide_title":false,"_genesis_hide_breadcrumbs":false,"_genesis_hide_singular_image":false,"_genesis_hide_footer_widgets":false,"_genesis_custom_body_class":"","_genesis_custom_post_class":"","_genesis_layout":""},"product_brand":[],"product_cat":[7189,7133,7175],"product_tag":[],"class_list":{"0":"post-42914","1":"product","2":"type-product","3":"status-publish","4":"has-post-thumbnail","6":"product_cat-estudis-literaris-oc","7":"product_cat-libres-oc","8":"product_cat-literatura-oc","9":"pa_auteur-thiolier-mejean-suzanne-oc","10":"pa_editeur-lharmattan-oc","11":"pa_langue-francais-oc","12":"entry","14":"first","15":"instock","16":"shipping-taxable","17":"purchasable","18":"product-type-simple"},"acf":[],"_links":{"self":[{"href":"https:\/\/www.libraria-occitana.org\/oc\/wp-json\/wp\/v2\/product\/42914","targetHints":{"allow":["GET"]}}],"collection":[{"href":"https:\/\/www.libraria-occitana.org\/oc\/wp-json\/wp\/v2\/product"}],"about":[{"href":"https:\/\/www.libraria-occitana.org\/oc\/wp-json\/wp\/v2\/types\/product"}],"wp:featuredmedia":[{"embeddable":true,"href":"https:\/\/www.libraria-occitana.org\/oc\/wp-json\/wp\/v2\/media\/42912"}],"wp:attachment":[{"href":"https:\/\/www.libraria-occitana.org\/oc\/wp-json\/wp\/v2\/media?parent=42914"}],"wp:term":[{"taxonomy":"product_brand","embeddable":true,"href":"https:\/\/www.libraria-occitana.org\/oc\/wp-json\/wp\/v2\/product_brand?post=42914"},{"taxonomy":"product_cat","embeddable":true,"href":"https:\/\/www.libraria-occitana.org\/oc\/wp-json\/wp\/v2\/product_cat?post=42914"},{"taxonomy":"product_tag","embeddable":true,"href":"https:\/\/www.libraria-occitana.org\/oc\/wp-json\/wp\/v2\/product_tag?post=42914"}],"curies":[{"name":"wp","href":"https:\/\/api.w.org\/{rel}","templated":true}]}}