{"id":42926,"date":"2011-05-25T18:07:30","date_gmt":"2011-05-25T16:07:30","guid":{"rendered":"http:\/\/www.libraria-occitana.org\/product\/lhomme-contre-le-loup-une-guerre-de-deux-mille-ans\/"},"modified":"2026-04-25T20:36:40","modified_gmt":"2026-04-25T18:36:40","slug":"lhomme-contre-le-loup-une-guerre-de-deux-mille-ans","status":"publish","type":"product","link":"https:\/\/www.libraria-occitana.org\/oc\/produch\/lhomme-contre-le-loup-une-guerre-de-deux-mille-ans\/","title":{"rendered":"L&#8217;homme contre le loup : Une guerre de deux mille ans"},"content":{"rendered":"<p>Longtemps la lutte contre le loup a \u00e9t\u00e9 v\u00e9cue comme un barom\u00e8tre du progr\u00e8s de la civilisation. Le loup a bien \u00e9t\u00e9 le seul animal sauvage \u00e0 susciter chez l\u2019homme autant d\u2019\u00e9nergie pour le r\u00e9guler. Depuis les lois de Solon au VIe si\u00e8cle avant J.-C., les soci\u00e9t\u00e9s ont forg\u00e9 une r\u00e9glementation sp\u00e9cifique pour le contenir, le pourchasser, puis l\u2019exterminer. En vue de s\u2019en prot\u00e9ger, les pouvoirs publics ont mis en place un arsenal r\u00e9pressif sans \u00e9quivalent. Ils lui ont m\u00eame d\u00e9di\u00e9 une institution, qui pr\u00e9tend remonter \u00e0 l\u2019an 800 et qui subsiste toujours : la louveterie.<\/p>\n<p>Mais le loup est aussi l\u2019un des rares animaux \u00e0 avoir suscit\u00e9 autant de dissensions. Reconnu comme ennemi public de la soci\u00e9t\u00e9, il a fait l\u2019objet de statuts d\u00e9rogatoires. Alors que la chasse \u00e9tait r\u00e9serv\u00e9e aux privil\u00e9gi\u00e9s, le danger caus\u00e9 par le canid\u00e9 a occasionn\u00e9 des exceptions \u00e0 l\u2019interdiction du port d\u2019armes. Contre lui les autorit\u00e9s ont organis\u00e9 des battues. Autour du loup se sont cristallis\u00e9es des ranc\u0153urs sociales, qui refl\u00e8tent des antagonismes dans les modes de vie et d\u2019occupation de l\u2019espace. Aujourd\u2019hui, le passage au statut d\u2019animal prot\u00e9g\u00e9 n\u2019a pas r\u00e9gl\u00e9 le conflit sans fin qui oppose l\u2019homme et le loup. Il a m\u00eame raviv\u00e9 les tensions depuis son retour naturel en France en 1992. Dans ce contexte passionnel, le sens des r\u00e9alit\u00e9s et l\u2019ouverture d\u2019esprit imposent des compromis. En retra\u00e7ant un conflit de plus de deux mille ans, l\u2019auteur offre une synth\u00e8se de r\u00e9f\u00e9rence pour contribuer \u00e0 un d\u00e9bat d\u2019actualit\u00e9.<\/p>\n","protected":false},"excerpt":{"rendered":"<p>Longtemps la lutte contre le loup a \u00e9t\u00e9 v\u00e9cue comme un barom\u00e8tre du progr\u00e8s de la civilisation. Le loup a bien \u00e9t\u00e9 le seul animal sauvage \u00e0 susciter chez l\u2019homme autant d\u2019\u00e9nergie pour le r\u00e9guler. Depuis les lois de Solon au VIe si\u00e8cle avant J.-C., les soci\u00e9t\u00e9s ont forg\u00e9 une r\u00e9glementation sp\u00e9cifique pour le contenir, [&hellip;]<\/p>\n","protected":false},"featured_media":42924,"template":"","meta":{"_acf_changed":false,"_genesis_hide_title":false,"_genesis_hide_breadcrumbs":false,"_genesis_hide_singular_image":false,"_genesis_hide_footer_widgets":false,"_genesis_custom_body_class":"","_genesis_custom_post_class":"","_genesis_layout":""},"product_brand":[],"product_cat":[7133,7197,7201],"product_tag":[],"class_list":{"0":"post-42926","1":"product","2":"type-product","3":"status-publish","4":"has-post-thumbnail","6":"product_cat-libres-oc","7":"product_cat-natura-torisme-oc","8":"product_cat-natura-vargier-oc","9":"pa_auteur-moriceau-jean-marc-oc","10":"pa_editeur-fayard-oc","11":"pa_langue-francais-oc","12":"entry","14":"first","15":"instock","16":"shipping-taxable","17":"purchasable","18":"product-type-simple"},"acf":[],"_links":{"self":[{"href":"https:\/\/www.libraria-occitana.org\/oc\/wp-json\/wp\/v2\/product\/42926","targetHints":{"allow":["GET"]}}],"collection":[{"href":"https:\/\/www.libraria-occitana.org\/oc\/wp-json\/wp\/v2\/product"}],"about":[{"href":"https:\/\/www.libraria-occitana.org\/oc\/wp-json\/wp\/v2\/types\/product"}],"wp:featuredmedia":[{"embeddable":true,"href":"https:\/\/www.libraria-occitana.org\/oc\/wp-json\/wp\/v2\/media\/42924"}],"wp:attachment":[{"href":"https:\/\/www.libraria-occitana.org\/oc\/wp-json\/wp\/v2\/media?parent=42926"}],"wp:term":[{"taxonomy":"product_brand","embeddable":true,"href":"https:\/\/www.libraria-occitana.org\/oc\/wp-json\/wp\/v2\/product_brand?post=42926"},{"taxonomy":"product_cat","embeddable":true,"href":"https:\/\/www.libraria-occitana.org\/oc\/wp-json\/wp\/v2\/product_cat?post=42926"},{"taxonomy":"product_tag","embeddable":true,"href":"https:\/\/www.libraria-occitana.org\/oc\/wp-json\/wp\/v2\/product_tag?post=42926"}],"curies":[{"name":"wp","href":"https:\/\/api.w.org\/{rel}","templated":true}]}}