{"id":42942,"date":"2010-02-25T20:30:55","date_gmt":"2010-02-25T19:30:55","guid":{"rendered":"http:\/\/www.libraria-occitana.org\/product\/terra-de-masucs\/"},"modified":"2026-04-19T05:41:37","modified_gmt":"2026-04-19T03:41:37","slug":"terra-de-masucs","status":"publish","type":"product","link":"https:\/\/www.libraria-occitana.org\/oc\/produch\/terra-de-masucs\/","title":{"rendered":"T\u00e8rra de masucs"},"content":{"rendered":"<p>Philippe Vialard est n\u00e9 sur l&#8217;Aubrac, il revendique cette origine. L&#8217;occitan est une de ses langues maternelles. Toute sa famille le parle encore aujourd&#8217;hui.<br \/>\nIl fait ses \u00e9tudes musicales \u00e0 Paris. L\u00e0, il prend conscience de l&#8217;importance de la langue occitane pour ses racines. Il commence donc \u00e0 retrouver intacts dans sa m\u00e9moire des airs traditionnels de son enfance qu&#8217;il chante \u00e0 nouveau et arrange ; puis il en vient tout naturellement \u00e0 cr\u00e9er des chansons sur des textes d&#8217;auteurs contemporains.<br \/>\nIl a publi\u00e9 plusieurs albums et obtenu de nombreux prix chacun saluant son sens de la m\u00e9lodie et de l&#8217;adaptation de po\u00e8mes et textes en occitan.<\/p>\n<p>Cet album m\u00eale traditionnels revisit\u00e9s et cr\u00e9ations. Les textes sont de Raymond Lahondes, Andr\u00e9 Cl\u00e9ment, Max Rouquette, Roland Chabanon et Henri Monier.<\/p>\n<p><strong>Titres :<\/strong><br \/>\n1. S\u00e8m montanhols 2&#8217;51<br \/>\n2. Crei-me, jovent ! 2&#8217;49<br \/>\n3. Catarina, ma vesina 3&#8217;17<br \/>\n4. \u00d2me d&#8217;\u00f2c 3&#8217;33<br \/>\n5. Regrets 2&#8217;38<br \/>\n6. Lo sabaud 3&#8217;08<br \/>\n7. T\u00e8rra de masuc 3&#8217;10<br \/>\n8. Triste es lo c\u00e8l 3&#8217;01<br \/>\n9. Ai somniat 5&#8217;01<br \/>\n10. Mon paire, pecaire 2&#8217;37<br \/>\n11. Lo v\u00e8spre 3&#8217;51<br \/>\n12. Lo masuc 4&#8217;11<br \/>\n13. P\u00f2rc gras 3&#8217;03<br \/>\n14. Le Buron 13&#8217;35<\/p>\n","protected":false},"excerpt":{"rendered":"<p>Philippe Vialard est n\u00e9 sur l&#8217;Aubrac, il revendique cette origine. L&#8217;occitan est une de ses langues maternelles. Toute sa famille le parle encore aujourd&#8217;hui. Il fait ses \u00e9tudes musicales \u00e0 Paris. L\u00e0, il prend conscience de l&#8217;importance de la langue occitane pour ses racines. Il commence donc \u00e0 retrouver intacts dans sa m\u00e9moire des airs [&hellip;]<\/p>\n","protected":false},"featured_media":42936,"template":"","meta":{"_acf_changed":false,"_genesis_hide_title":false,"_genesis_hide_breadcrumbs":false,"_genesis_hide_singular_image":false,"_genesis_hide_footer_widgets":false,"_genesis_custom_body_class":"","_genesis_custom_post_class":"","_genesis_layout":""},"product_brand":[],"product_cat":[7219,16683],"product_tag":[],"class_list":{"0":"post-42942","1":"product","2":"type-product","3":"status-publish","4":"has-post-thumbnail","6":"product_cat-chancon-oc","7":"product_cat-musica-oc","8":"pa_auteur-vialard-philippe-oc","9":"pa_editeur-amis-de-philippe-vialard-oc","10":"pa_langue-francais-oc","11":"pa_langue-occitan-oc","12":"pa_langue-occitan-lengadocian-oc","13":"entry","15":"first","16":"instock","17":"shipping-taxable","18":"purchasable","19":"product-type-simple"},"acf":[],"_links":{"self":[{"href":"https:\/\/www.libraria-occitana.org\/oc\/wp-json\/wp\/v2\/product\/42942","targetHints":{"allow":["GET"]}}],"collection":[{"href":"https:\/\/www.libraria-occitana.org\/oc\/wp-json\/wp\/v2\/product"}],"about":[{"href":"https:\/\/www.libraria-occitana.org\/oc\/wp-json\/wp\/v2\/types\/product"}],"wp:featuredmedia":[{"embeddable":true,"href":"https:\/\/www.libraria-occitana.org\/oc\/wp-json\/wp\/v2\/media\/42936"}],"wp:attachment":[{"href":"https:\/\/www.libraria-occitana.org\/oc\/wp-json\/wp\/v2\/media?parent=42942"}],"wp:term":[{"taxonomy":"product_brand","embeddable":true,"href":"https:\/\/www.libraria-occitana.org\/oc\/wp-json\/wp\/v2\/product_brand?post=42942"},{"taxonomy":"product_cat","embeddable":true,"href":"https:\/\/www.libraria-occitana.org\/oc\/wp-json\/wp\/v2\/product_cat?post=42942"},{"taxonomy":"product_tag","embeddable":true,"href":"https:\/\/www.libraria-occitana.org\/oc\/wp-json\/wp\/v2\/product_tag?post=42942"}],"curies":[{"name":"wp","href":"https:\/\/api.w.org\/{rel}","templated":true}]}}