{"id":43006,"date":"2014-01-27T14:44:00","date_gmt":"2014-01-27T13:44:00","guid":{"rendered":"http:\/\/www.libraria-occitana.org\/product\/les-miracles-de-saint-etienne-de-muret\/"},"modified":"2026-04-25T23:51:55","modified_gmt":"2026-04-25T21:51:55","slug":"les-miracles-de-saint-etienne-de-muret","status":"publish","type":"product","link":"https:\/\/www.libraria-occitana.org\/oc\/produch\/les-miracles-de-saint-etienne-de-muret\/","title":{"rendered":"Les miracles de saint \u00c9tienne de Muret : Un feuillet enlumin\u00e9 du graduel de Grandmont"},"content":{"rendered":"<p>Le 27 mai 2013, la Soci\u00e9t\u00e9 des archives historiques et du mus\u00e9e d&#8217;Ussel a pu faire l&#8217;acquisition en vente publique \u00e0 Paris, pour le mus\u00e9e du pays d&#8217;Ussel, d&#8217;un exceptionnel feuillet manuscrit provenant de l&#8217;abbaye limousine de Grandmont, un feuillet d&#8217;un graduel avec la messe du saint fondateur, \u00c9tienne de Muret, chef d&#8217;\u0153uvre de l&#8217;enluminure limousine de la fin du Moyen \u00c2ge, mais h\u00e9las aussi seul vestige de ce manuscrit qui devait en compter au moins trois cents.<br \/>\nCette brochure fait la description d\u00e9taill\u00e9e du feuillet.<\/p>\n","protected":false},"excerpt":{"rendered":"<p>Le 27 mai 2013, la Soci\u00e9t\u00e9 des archives historiques et du mus\u00e9e d&#8217;Ussel a pu faire l&#8217;acquisition en vente publique \u00e0 Paris, pour le mus\u00e9e du pays d&#8217;Ussel, d&#8217;un exceptionnel feuillet manuscrit provenant de l&#8217;abbaye limousine de Grandmont, un feuillet d&#8217;un graduel avec la messe du saint fondateur, \u00c9tienne de Muret, chef d&#8217;\u0153uvre de l&#8217;enluminure [&hellip;]<\/p>\n","protected":false},"featured_media":43001,"template":"","meta":{"_acf_changed":false,"_genesis_hide_title":false,"_genesis_hide_breadcrumbs":false,"_genesis_hide_singular_image":false,"_genesis_hide_footer_widgets":false,"_genesis_custom_body_class":"","_genesis_custom_post_class":"","_genesis_layout":""},"product_brand":[],"product_cat":[7161,7149,7133],"product_tag":[],"class_list":{"0":"post-43006","1":"product","2":"type-product","3":"status-publish","4":"has-post-thumbnail","6":"product_cat-istoria-medievala-oc","7":"product_cat-istoria-geografia-oc","8":"product_cat-libres-oc","9":"pa_auteur-lemaitre-jean-loup-oc","10":"pa_editeur-musee-du-pays-dussel-oc","11":"pa_langue-autras-lingas-oc","12":"pa_langue-francais-oc","13":"entry","15":"first","16":"outofstock","17":"shipping-taxable","18":"purchasable","19":"product-type-simple"},"acf":[],"_links":{"self":[{"href":"https:\/\/www.libraria-occitana.org\/oc\/wp-json\/wp\/v2\/product\/43006","targetHints":{"allow":["GET"]}}],"collection":[{"href":"https:\/\/www.libraria-occitana.org\/oc\/wp-json\/wp\/v2\/product"}],"about":[{"href":"https:\/\/www.libraria-occitana.org\/oc\/wp-json\/wp\/v2\/types\/product"}],"wp:featuredmedia":[{"embeddable":true,"href":"https:\/\/www.libraria-occitana.org\/oc\/wp-json\/wp\/v2\/media\/43001"}],"wp:attachment":[{"href":"https:\/\/www.libraria-occitana.org\/oc\/wp-json\/wp\/v2\/media?parent=43006"}],"wp:term":[{"taxonomy":"product_brand","embeddable":true,"href":"https:\/\/www.libraria-occitana.org\/oc\/wp-json\/wp\/v2\/product_brand?post=43006"},{"taxonomy":"product_cat","embeddable":true,"href":"https:\/\/www.libraria-occitana.org\/oc\/wp-json\/wp\/v2\/product_cat?post=43006"},{"taxonomy":"product_tag","embeddable":true,"href":"https:\/\/www.libraria-occitana.org\/oc\/wp-json\/wp\/v2\/product_tag?post=43006"}],"curies":[{"name":"wp","href":"https:\/\/api.w.org\/{rel}","templated":true}]}}