{"id":43015,"date":"2016-10-27T15:36:16","date_gmt":"2016-10-27T13:36:16","guid":{"rendered":"http:\/\/www.libraria-occitana.org\/product\/se-souvenir-de-la-haute-vienne\/"},"modified":"2026-04-29T10:15:54","modified_gmt":"2026-04-29T08:15:54","slug":"se-souvenir-de-la-haute-vienne","status":"publish","type":"product","link":"https:\/\/www.libraria-occitana.org\/oc\/produch\/se-souvenir-de-la-haute-vienne\/","title":{"rendered":"Se souvenir de la&#8230; Haute-Vienne"},"content":{"rendered":"<p>Plus de cinq cents cartes postales et images anciennes nous montrent le d\u00e9partement de la Haute-Vienne tel qu\u2019il \u00e9tait il y a un si\u00e8cle. Au fil des presque deux cents communes, villes ou villages pr\u00e9sent\u00e9s, ce livre est un t\u00e9moignage unique de la vie d\u2019autrefois.<br \/>\nCommerces, gares, monuments, \u00e9v\u00e9nements : rien n\u2019a \u00e9t\u00e9 oubli\u00e9. Les images comment\u00e9es permettent de visualiser et de mieux comprendre les principaux changements survenus dans le d\u00e9partement depuis un si\u00e8cle.<br \/>\nDe la visite pr\u00e9sidentielle aux maudites f\u00eates de l\u2019aviation \u00e0 Saint-Yrieix, en passant par les vanniers de Feytiat ou la cavalcade de Bellac, revivez la vie quotidienne de nos anc\u00eatres haut-viennois comme si vous y \u00e9tiez.<\/p>\n","protected":false},"excerpt":{"rendered":"<p>Plus de cinq cents cartes postales et images anciennes nous montrent le d\u00e9partement de la Haute-Vienne tel qu\u2019il \u00e9tait il y a un si\u00e8cle. Au fil des presque deux cents communes, villes ou villages pr\u00e9sent\u00e9s, ce livre est un t\u00e9moignage unique de la vie d\u2019autrefois. Commerces, gares, monuments, \u00e9v\u00e9nements : rien n\u2019a \u00e9t\u00e9 oubli\u00e9. Les [&hellip;]<\/p>\n","protected":false},"featured_media":43013,"template":"","meta":{"_acf_changed":false,"_genesis_hide_title":false,"_genesis_hide_breadcrumbs":false,"_genesis_hide_singular_image":false,"_genesis_hide_footer_widgets":false,"_genesis_custom_body_class":"","_genesis_custom_post_class":"","_genesis_layout":""},"product_brand":[],"product_cat":[7159,7149,7133,7239],"product_tag":[],"class_list":{"0":"post-43015","1":"product","2":"type-product","3":"status-publish","4":"has-post-thumbnail","6":"product_cat-istoria-moderna-e-contemporala-oc","7":"product_cat-istoria-geografia-oc","8":"product_cat-libres-oc","9":"product_cat-promos-oc","10":"pa_auteur-molleman-rudi-oc","11":"pa_editeur-geste-oc","12":"pa_langue-francais-oc","13":"entry","15":"first","16":"outofstock","17":"shipping-taxable","18":"purchasable","19":"product-type-simple"},"acf":[],"_links":{"self":[{"href":"https:\/\/www.libraria-occitana.org\/oc\/wp-json\/wp\/v2\/product\/43015","targetHints":{"allow":["GET"]}}],"collection":[{"href":"https:\/\/www.libraria-occitana.org\/oc\/wp-json\/wp\/v2\/product"}],"about":[{"href":"https:\/\/www.libraria-occitana.org\/oc\/wp-json\/wp\/v2\/types\/product"}],"wp:featuredmedia":[{"embeddable":true,"href":"https:\/\/www.libraria-occitana.org\/oc\/wp-json\/wp\/v2\/media\/43013"}],"wp:attachment":[{"href":"https:\/\/www.libraria-occitana.org\/oc\/wp-json\/wp\/v2\/media?parent=43015"}],"wp:term":[{"taxonomy":"product_brand","embeddable":true,"href":"https:\/\/www.libraria-occitana.org\/oc\/wp-json\/wp\/v2\/product_brand?post=43015"},{"taxonomy":"product_cat","embeddable":true,"href":"https:\/\/www.libraria-occitana.org\/oc\/wp-json\/wp\/v2\/product_cat?post=43015"},{"taxonomy":"product_tag","embeddable":true,"href":"https:\/\/www.libraria-occitana.org\/oc\/wp-json\/wp\/v2\/product_tag?post=43015"}],"curies":[{"name":"wp","href":"https:\/\/api.w.org\/{rel}","templated":true}]}}