{"id":43027,"date":"2018-02-27T16:17:16","date_gmt":"2018-02-27T15:17:16","guid":{"rendered":"http:\/\/www.libraria-occitana.org\/product\/le-limousin-dans-la-guerre-sous-petain-et-loccupation\/"},"modified":"2026-04-08T20:46:33","modified_gmt":"2026-04-08T18:46:33","slug":"le-limousin-dans-la-guerre-sous-petain-et-loccupation","status":"publish","type":"product","link":"https:\/\/www.libraria-occitana.org\/oc\/produch\/le-limousin-dans-la-guerre-sous-petain-et-loccupation\/","title":{"rendered":"Le Limousin dans la guerre sous P\u00e9tain et l&#8217;Occupation"},"content":{"rendered":"<p>1940-1944.<br \/>\nCinq ans de vie limousine qui ont nourri la m\u00e9moire collective et marqu\u00e9 les esprits de fa\u00e7on ind\u00e9l\u00e9bile.<br \/>\nLe lecteur retrouvera dans cet ouvrage, guid\u00e9 par l\u2019analyse d\u2019un historien sp\u00e9cialiste, tous les \u00e9v\u00e9nements, dramatiques ou h\u00e9ro\u00efques, qui ont fa\u00e7onn\u00e9 l\u2019histoire r\u00e9gionale, d\u2019Oradour \u00e0 la bataille du mont Gargan, des pendaisons de Tulle aux combats d\u2019Ussel et d\u2019\u00c9gletons, de l\u2019affaire du bois de Thuraud \u00e0 la premi\u00e8re lib\u00e9ration de Gu\u00e9ret\u2026<br \/>\nIl partagera le combat de quelques grandes figures exemplaires de la R\u00e9sistance tels Edmond Michelet, Georges Guingouin et L\u00e9on Lanot mais sera aussi confront\u00e9 aux difficult\u00e9s de la vie sous l\u2019Occupation et aux m\u00e9faits de la politique de collaboration de l\u2019\u00c9tat fran\u00e7ais. Rien n\u2019en sera oubli\u00e9 : les rationnements, l\u2019exploitation des \u00e9trangers dans les Groupes de Travailleurs, la r\u00e9pression des opposants politiques, les jeunes Fran\u00e7ais livr\u00e9s en esclavage par le STO, l\u2019antis\u00e9mitisme et les rafles de Juifs \u00e9trangers organis\u00e9es pour les pr\u00e9dateurs nazis\u2026 Rien ne sera oubli\u00e9 de ce qui devait \u00eatre couvert par la propagande et le culte du Mar\u00e9chal \u00ab vainqueur de Verdun \u00bb.<br \/>\nLe regard ici port\u00e9 sur cette p\u00e9riode s\u2019est voulu le plus large possible, \u00e9clair\u00e9 par des recherches r\u00e9centes et d\u2019ultimes t\u00e9moignages concernant notamment la vie clandestine \u00e0 laquelle furent contraints les multiples \u00ab ind\u00e9sirables \u00bb du r\u00e9gime p\u00e9tainiste.<\/p>\n","protected":false},"excerpt":{"rendered":"<p>1940-1944. Cinq ans de vie limousine qui ont nourri la m\u00e9moire collective et marqu\u00e9 les esprits de fa\u00e7on ind\u00e9l\u00e9bile. Le lecteur retrouvera dans cet ouvrage, guid\u00e9 par l\u2019analyse d\u2019un historien sp\u00e9cialiste, tous les \u00e9v\u00e9nements, dramatiques ou h\u00e9ro\u00efques, qui ont fa\u00e7onn\u00e9 l\u2019histoire r\u00e9gionale, d\u2019Oradour \u00e0 la bataille du mont Gargan, des pendaisons de Tulle aux combats [&hellip;]<\/p>\n","protected":false},"featured_media":42998,"template":"","meta":{"_acf_changed":false,"_genesis_hide_title":false,"_genesis_hide_breadcrumbs":false,"_genesis_hide_singular_image":false,"_genesis_hide_footer_widgets":false,"_genesis_custom_body_class":"","_genesis_custom_post_class":"","_genesis_layout":""},"product_brand":[],"product_cat":[7159,7149,7133],"product_tag":[],"class_list":{"0":"post-43027","1":"product","2":"type-product","3":"status-publish","4":"has-post-thumbnail","6":"product_cat-istoria-moderna-e-contemporala-oc","7":"product_cat-istoria-geografia-oc","8":"product_cat-libres-oc","9":"pa_auteur-perlier-guy-oc","10":"pa_editeur-geste-oc","11":"pa_langue-francais-oc","12":"entry","14":"first","15":"outofstock","16":"shipping-taxable","17":"purchasable","18":"product-type-simple"},"acf":[],"_links":{"self":[{"href":"https:\/\/www.libraria-occitana.org\/oc\/wp-json\/wp\/v2\/product\/43027","targetHints":{"allow":["GET"]}}],"collection":[{"href":"https:\/\/www.libraria-occitana.org\/oc\/wp-json\/wp\/v2\/product"}],"about":[{"href":"https:\/\/www.libraria-occitana.org\/oc\/wp-json\/wp\/v2\/types\/product"}],"wp:featuredmedia":[{"embeddable":true,"href":"https:\/\/www.libraria-occitana.org\/oc\/wp-json\/wp\/v2\/media\/42998"}],"wp:attachment":[{"href":"https:\/\/www.libraria-occitana.org\/oc\/wp-json\/wp\/v2\/media?parent=43027"}],"wp:term":[{"taxonomy":"product_brand","embeddable":true,"href":"https:\/\/www.libraria-occitana.org\/oc\/wp-json\/wp\/v2\/product_brand?post=43027"},{"taxonomy":"product_cat","embeddable":true,"href":"https:\/\/www.libraria-occitana.org\/oc\/wp-json\/wp\/v2\/product_cat?post=43027"},{"taxonomy":"product_tag","embeddable":true,"href":"https:\/\/www.libraria-occitana.org\/oc\/wp-json\/wp\/v2\/product_tag?post=43027"}],"curies":[{"name":"wp","href":"https:\/\/api.w.org\/{rel}","templated":true}]}}