{"id":43067,"date":"2018-11-09T18:51:38","date_gmt":"2018-11-09T17:51:38","guid":{"rendered":"http:\/\/www.libraria-occitana.org\/?post_type=product&#038;p=43067"},"modified":"2026-04-13T02:51:15","modified_gmt":"2026-04-13T00:51:15","slug":"lo-diari-46-la-cultura-en-occitan","status":"publish","type":"product","link":"https:\/\/www.libraria-occitana.org\/oc\/produch\/lo-diari-46-la-cultura-en-occitan\/","title":{"rendered":"Lo diari : La cultura, en occitan #46"},"content":{"rendered":"<p>Lo Diari es lo magazine de la cultura, tota la cultura, mas en occitan. Literatura, musica, esp\u00f2rt, societat, audiovisual, nov\u00e8las tecnologias, i trobaretz de tot per cadun, servit per una c\u00f2la de redactors venguts de pertot.<\/p>\n","protected":false},"excerpt":{"rendered":"<p>Lo Diari es lo magazine de la cultura, tota la cultura, mas en occitan. Literatura, musica, esp\u00f2rt, societat, audiovisual, nov\u00e8las tecnologias, i trobaretz de tot per cadun, servit per una c\u00f2la de redactors venguts de pertot.<\/p>\n","protected":false},"featured_media":43073,"template":"","meta":{"_acf_changed":false,"_genesis_hide_title":false,"_genesis_hide_breadcrumbs":false,"_genesis_hide_singular_image":false,"_genesis_hide_footer_widgets":false,"_genesis_custom_body_class":"","_genesis_custom_post_class":"","_genesis_layout":""},"product_brand":[],"product_cat":[7133,7203],"product_tag":[],"class_list":{"0":"post-43067","1":"product","2":"type-product","3":"status-publish","4":"has-post-thumbnail","6":"product_cat-libres-oc","7":"product_cat-politica-sociologia-actualitat-oc","8":"pa_auteur-collectiu-oc-2","9":"pa_editeur-ieo-meidia-pireneus-oc-1","10":"pa_langue-occitan-oc","11":"entry","13":"first","14":"instock","15":"shipping-taxable","16":"purchasable","17":"product-type-simple"},"acf":[],"_links":{"self":[{"href":"https:\/\/www.libraria-occitana.org\/oc\/wp-json\/wp\/v2\/product\/43067","targetHints":{"allow":["GET"]}}],"collection":[{"href":"https:\/\/www.libraria-occitana.org\/oc\/wp-json\/wp\/v2\/product"}],"about":[{"href":"https:\/\/www.libraria-occitana.org\/oc\/wp-json\/wp\/v2\/types\/product"}],"wp:featuredmedia":[{"embeddable":true,"href":"https:\/\/www.libraria-occitana.org\/oc\/wp-json\/wp\/v2\/media\/43073"}],"wp:attachment":[{"href":"https:\/\/www.libraria-occitana.org\/oc\/wp-json\/wp\/v2\/media?parent=43067"}],"wp:term":[{"taxonomy":"product_brand","embeddable":true,"href":"https:\/\/www.libraria-occitana.org\/oc\/wp-json\/wp\/v2\/product_brand?post=43067"},{"taxonomy":"product_cat","embeddable":true,"href":"https:\/\/www.libraria-occitana.org\/oc\/wp-json\/wp\/v2\/product_cat?post=43067"},{"taxonomy":"product_tag","embeddable":true,"href":"https:\/\/www.libraria-occitana.org\/oc\/wp-json\/wp\/v2\/product_tag?post=43067"}],"curies":[{"name":"wp","href":"https:\/\/api.w.org\/{rel}","templated":true}]}}