{"id":43079,"date":"2018-10-09T19:16:32","date_gmt":"2018-10-09T17:16:32","guid":{"rendered":"http:\/\/www.libraria-occitana.org\/product\/georges-guingouin-itineraire-dune-pensee-militante\/"},"modified":"2026-04-17T00:36:27","modified_gmt":"2026-04-16T22:36:27","slug":"georges-guingouin-itineraire-dune-pensee-militante","status":"publish","type":"product","link":"https:\/\/www.libraria-occitana.org\/oc\/produch\/georges-guingouin-itineraire-dune-pensee-militante\/","title":{"rendered":"Georges Guingouin : Itin\u00e9raire d&#8217;une pens\u00e9e militante"},"content":{"rendered":"<p>Nombreux sont les livres, les \u00e9tudes, les r\u00e9alisations audiovisuelles diffus\u00e9s sur Georges Guingouin. Ils permettent de dresser un portrait objectif de ce personnage historique de la R\u00e9sistance et du Limousin contemporain.<\/p>\n<p>Derri\u00e8re l\u2019image du Robin des Bois, le chef de guerre et le dissident indisciplin\u00e9, se cache le penseur politique. Cet aspect a \u00e9t\u00e9 peu explor\u00e9. Or, Georges Guingouin a inscrit les \u00e9pisodes successifs de sa vie et ses \u00e9crits dans la rigueur d\u2019une pens\u00e9e sociale et morale en ligne droite. Journaliste, analyste des relations internationales avant la Seconde Guerre mondiale mais aussi des tumultes et des bouleversements politiques de l\u2019apr\u00e8s-guerre, il est l\u2019auteur d\u2019un appel \u00e0 la R\u00e9sistance d\u00e8s l\u2019\u00e9t\u00e9 1940. Les textes rassembl\u00e9s dans cet ouvrage manifestent la continuit\u00e9 d\u2019un engagement individuel dans une p\u00e9riode qui ne manque ni de volte-face, ni de reniements, et encore moins de d\u00e9sillusions. \u00c0 ce titre, ils apportent un \u00e9clairage que r\u00e9sume parfaitement l\u2019un des ultimes propos de sa vie : \u00ab je n\u2019ai jamais consid\u00e9r\u00e9 l\u2019ob\u00e9issance comme une vertu communiste \u00bb.<\/p>\n","protected":false},"excerpt":{"rendered":"<p>Nombreux sont les livres, les \u00e9tudes, les r\u00e9alisations audiovisuelles diffus\u00e9s sur Georges Guingouin. Ils permettent de dresser un portrait objectif de ce personnage historique de la R\u00e9sistance et du Limousin contemporain. Derri\u00e8re l\u2019image du Robin des Bois, le chef de guerre et le dissident indisciplin\u00e9, se cache le penseur politique. Cet aspect a \u00e9t\u00e9 peu [&hellip;]<\/p>\n","protected":false},"featured_media":43077,"template":"","meta":{"_acf_changed":false,"_genesis_hide_title":false,"_genesis_hide_breadcrumbs":false,"_genesis_hide_singular_image":false,"_genesis_hide_footer_widgets":false,"_genesis_custom_body_class":"","_genesis_custom_post_class":"","_genesis_layout":""},"product_brand":[],"product_cat":[7159,7149,7133],"product_tag":[],"class_list":{"0":"post-43079","1":"product","2":"type-product","3":"status-publish","4":"has-post-thumbnail","6":"product_cat-istoria-moderna-e-contemporala-oc","7":"product_cat-istoria-geografia-oc","8":"product_cat-libres-oc","9":"pa_auteur-chatain-georges-oc","10":"pa_editeur-le-puy-fraud-oc","11":"pa_langue-francais-oc","12":"entry","14":"first","15":"instock","16":"shipping-taxable","17":"purchasable","18":"product-type-simple"},"acf":[],"_links":{"self":[{"href":"https:\/\/www.libraria-occitana.org\/oc\/wp-json\/wp\/v2\/product\/43079","targetHints":{"allow":["GET"]}}],"collection":[{"href":"https:\/\/www.libraria-occitana.org\/oc\/wp-json\/wp\/v2\/product"}],"about":[{"href":"https:\/\/www.libraria-occitana.org\/oc\/wp-json\/wp\/v2\/types\/product"}],"wp:featuredmedia":[{"embeddable":true,"href":"https:\/\/www.libraria-occitana.org\/oc\/wp-json\/wp\/v2\/media\/43077"}],"wp:attachment":[{"href":"https:\/\/www.libraria-occitana.org\/oc\/wp-json\/wp\/v2\/media?parent=43079"}],"wp:term":[{"taxonomy":"product_brand","embeddable":true,"href":"https:\/\/www.libraria-occitana.org\/oc\/wp-json\/wp\/v2\/product_brand?post=43079"},{"taxonomy":"product_cat","embeddable":true,"href":"https:\/\/www.libraria-occitana.org\/oc\/wp-json\/wp\/v2\/product_cat?post=43079"},{"taxonomy":"product_tag","embeddable":true,"href":"https:\/\/www.libraria-occitana.org\/oc\/wp-json\/wp\/v2\/product_tag?post=43079"}],"curies":[{"name":"wp","href":"https:\/\/api.w.org\/{rel}","templated":true}]}}