{"id":43103,"date":"2018-02-22T10:30:23","date_gmt":"2018-02-22T09:30:23","guid":{"rendered":"http:\/\/www.libraria-occitana.org\/product\/cueillettes-sauvages-en-auvergne-limousin-quercy-glaner-60-plantes-et-fruits\/"},"modified":"2026-04-15T21:36:26","modified_gmt":"2026-04-15T19:36:26","slug":"cueillettes-sauvages-en-auvergne-limousin-quercy-glaner-60-plantes-et-fruits","status":"publish","type":"product","link":"https:\/\/www.libraria-occitana.org\/oc\/produch\/cueillettes-sauvages-en-auvergne-limousin-quercy-glaner-60-plantes-et-fruits\/","title":{"rendered":"Cueillettes sauvages en Auvergne-Limousin-Quercy&#8230; Glaner 60 plantes et fruits"},"content":{"rendered":"<p>Quelles plantes glaner lors de ses balades en Auvergne-Limousin-Quercy ?<br \/>\n60 fiches d\u00e9taill\u00e9es sur les plantes \u00e0 r\u00e9colter : description pr\u00e9cise, \u00e9poque de cueillette, m\u00e9thode de conservation et de pr\u00e9paration.<\/p>\n<p>Plus de 80 recettes de cuisine et de sant\u00e9.<br \/>\nL&#8217;art du glanage : recommandations, pr\u00e9cautions \u00e0 prendre, \u00e9quipement, etc.<\/p>\n<p>8 d\u00e9partements concern\u00e9s :<br \/>\n&#8211; Allier (03)<br \/>\n&#8211; Cantal (15)<br \/>\n&#8211; Haute-Loire (43)<br \/>\n&#8211; Puy-de-D\u00f4me (63)<br \/>\n&#8211; Corr\u00e8ze (19)<br \/>\n&#8211; Creuse (23)<br \/>\n&#8211; Haute-Vienne (87)<br \/>\n&#8211; Lot (46)<\/p>\n","protected":false},"excerpt":{"rendered":"<p>Quelles plantes glaner lors de ses balades en Auvergne-Limousin-Quercy ? 60 fiches d\u00e9taill\u00e9es sur les plantes \u00e0 r\u00e9colter : description pr\u00e9cise, \u00e9poque de cueillette, m\u00e9thode de conservation et de pr\u00e9paration. Plus de 80 recettes de cuisine et de sant\u00e9. L&#8217;art du glanage : recommandations, pr\u00e9cautions \u00e0 prendre, \u00e9quipement, etc. 8 d\u00e9partements concern\u00e9s : &#8211; Allier [&hellip;]<\/p>\n","protected":false},"featured_media":43101,"template":"","meta":{"_acf_changed":false,"_genesis_hide_title":false,"_genesis_hide_breadcrumbs":false,"_genesis_hide_singular_image":false,"_genesis_hide_footer_widgets":false,"_genesis_custom_body_class":"","_genesis_custom_post_class":"","_genesis_layout":""},"product_brand":[],"product_cat":[7133,7213,7197,7201,7207],"product_tag":[],"class_list":{"0":"post-43103","1":"product","2":"type-product","3":"status-publish","4":"has-post-thumbnail","6":"product_cat-libres-oc","7":"product_cat-metiers-saubre-far-oc","8":"product_cat-natura-torisme-oc","9":"product_cat-natura-vargier-oc","10":"product_cat-tradicions-patrimoni-oc","11":"pa_auteur-chavanne-philippe-oc","12":"pa_editeur-artemis-editions-oc","13":"pa_langue-francais-oc","14":"entry","16":"first","17":"outofstock","18":"shipping-taxable","19":"purchasable","20":"product-type-simple"},"acf":[],"_links":{"self":[{"href":"https:\/\/www.libraria-occitana.org\/oc\/wp-json\/wp\/v2\/product\/43103","targetHints":{"allow":["GET"]}}],"collection":[{"href":"https:\/\/www.libraria-occitana.org\/oc\/wp-json\/wp\/v2\/product"}],"about":[{"href":"https:\/\/www.libraria-occitana.org\/oc\/wp-json\/wp\/v2\/types\/product"}],"wp:featuredmedia":[{"embeddable":true,"href":"https:\/\/www.libraria-occitana.org\/oc\/wp-json\/wp\/v2\/media\/43101"}],"wp:attachment":[{"href":"https:\/\/www.libraria-occitana.org\/oc\/wp-json\/wp\/v2\/media?parent=43103"}],"wp:term":[{"taxonomy":"product_brand","embeddable":true,"href":"https:\/\/www.libraria-occitana.org\/oc\/wp-json\/wp\/v2\/product_brand?post=43103"},{"taxonomy":"product_cat","embeddable":true,"href":"https:\/\/www.libraria-occitana.org\/oc\/wp-json\/wp\/v2\/product_cat?post=43103"},{"taxonomy":"product_tag","embeddable":true,"href":"https:\/\/www.libraria-occitana.org\/oc\/wp-json\/wp\/v2\/product_tag?post=43103"}],"curies":[{"name":"wp","href":"https:\/\/api.w.org\/{rel}","templated":true}]}}