{"id":43138,"date":"2018-09-22T15:43:19","date_gmt":"2018-09-22T13:43:19","guid":{"rendered":"http:\/\/www.libraria-occitana.org\/product\/dentelles-de-france-comment-les-reconnaitre\/"},"modified":"2026-04-13T22:41:48","modified_gmt":"2026-04-13T20:41:48","slug":"dentelles-de-france-comment-les-reconnaitre","status":"publish","type":"product","link":"https:\/\/www.libraria-occitana.org\/oc\/produch\/dentelles-de-france-comment-les-reconnaitre\/","title":{"rendered":"Dentelles de France : Comment les reconna\u00eetre"},"content":{"rendered":"<p>La dentelle, m\u00e9tier d&#8217;art par excellence, fait partie intimement et in\u00e9luctablement de notre histoire et de notre patrimoine. Chaque r\u00e9gion poss\u00e8de une dentelle sp\u00e9cifique, chaque ville revendique un genre. C&#8217;est donc \u00e0 la d\u00e9couverte des dentelles de Paris, du Puy-en-Velay, de Craponne, d&#8217;Issoire, de Mirecourt, de Luxeuil, de Valenciennes, de Lille, de Bailleul, de Chantilly, de Caen, de Bayeux, de Courseulles, de Sedan, d&#8217;Argentan, d&#8217;Alen\u00e7on, de Tulle, de Calais et de tant d&#8217;autres que ce livre vous convie.<\/p>\n","protected":false},"excerpt":{"rendered":"<p>La dentelle, m\u00e9tier d&#8217;art par excellence, fait partie intimement et in\u00e9luctablement de notre histoire et de notre patrimoine. Chaque r\u00e9gion poss\u00e8de une dentelle sp\u00e9cifique, chaque ville revendique un genre. C&#8217;est donc \u00e0 la d\u00e9couverte des dentelles de Paris, du Puy-en-Velay, de Craponne, d&#8217;Issoire, de Mirecourt, de Luxeuil, de Valenciennes, de Lille, de Bailleul, de Chantilly, [&hellip;]<\/p>\n","protected":false},"featured_media":43136,"template":"","meta":{"_acf_changed":false,"_genesis_hide_title":false,"_genesis_hide_breadcrumbs":false,"_genesis_hide_singular_image":false,"_genesis_hide_footer_widgets":false,"_genesis_custom_body_class":"","_genesis_custom_post_class":"","_genesis_layout":""},"product_brand":[],"product_cat":[7133,7213,7207],"product_tag":[],"class_list":{"0":"post-43138","1":"product","2":"type-product","3":"status-publish","4":"has-post-thumbnail","6":"product_cat-libres-oc","7":"product_cat-metiers-saubre-far-oc","8":"product_cat-tradicions-patrimoni-oc","9":"pa_auteur-fouriscot-mick-oc","10":"pa_editeur-christine-bonneton-oc","11":"pa_langue-francais-oc","12":"entry","14":"first","15":"outofstock","16":"shipping-taxable","17":"purchasable","18":"product-type-simple"},"acf":[],"_links":{"self":[{"href":"https:\/\/www.libraria-occitana.org\/oc\/wp-json\/wp\/v2\/product\/43138","targetHints":{"allow":["GET"]}}],"collection":[{"href":"https:\/\/www.libraria-occitana.org\/oc\/wp-json\/wp\/v2\/product"}],"about":[{"href":"https:\/\/www.libraria-occitana.org\/oc\/wp-json\/wp\/v2\/types\/product"}],"wp:featuredmedia":[{"embeddable":true,"href":"https:\/\/www.libraria-occitana.org\/oc\/wp-json\/wp\/v2\/media\/43136"}],"wp:attachment":[{"href":"https:\/\/www.libraria-occitana.org\/oc\/wp-json\/wp\/v2\/media?parent=43138"}],"wp:term":[{"taxonomy":"product_brand","embeddable":true,"href":"https:\/\/www.libraria-occitana.org\/oc\/wp-json\/wp\/v2\/product_brand?post=43138"},{"taxonomy":"product_cat","embeddable":true,"href":"https:\/\/www.libraria-occitana.org\/oc\/wp-json\/wp\/v2\/product_cat?post=43138"},{"taxonomy":"product_tag","embeddable":true,"href":"https:\/\/www.libraria-occitana.org\/oc\/wp-json\/wp\/v2\/product_tag?post=43138"}],"curies":[{"name":"wp","href":"https:\/\/api.w.org\/{rel}","templated":true}]}}