{"id":43160,"date":"2018-06-22T20:19:19","date_gmt":"2018-06-22T18:19:19","guid":{"rendered":"http:\/\/www.libraria-occitana.org\/?post_type=product&#038;p=43160"},"modified":"2026-04-03T05:46:11","modified_gmt":"2026-04-03T03:46:11","slug":"estutsi-mo-plumo-estugi-ma-pluma-je-cache-ma-plume","status":"publish","type":"product","link":"https:\/\/www.libraria-occitana.org\/oc\/produch\/estutsi-mo-plumo-estugi-ma-pluma-je-cache-ma-plume\/","title":{"rendered":"Estutsi mo plumo &#8211; Estugi ma pluma &#8211; Je cache ma plume"},"content":{"rendered":"<ul>\n<li>Un recueil in\u00e9dit de plus de 160 po\u00e8mes par l&#8217;auteur du <em>Ser ol Contou\u00a0<\/em>et de <em>Flour de brugo<\/em>.<\/li>\n<li>Textes pr\u00e9sent\u00e9s en trois versions : la graphie du Docteur Boissel, une transcription en occitan normalis\u00e9 et une adaptation en fran\u00e7ais versifi\u00e9.<\/li>\n<\/ul>\n<p>Le Docteur Boissel, m\u00e9decin et po\u00e8te de Saint-Cyprien en P\u00e9rigord Noir, est c\u00e9l\u00e8bre pour son ouvrage <em>Lo Ser ol Contou<\/em> paru en 1935. \u00c0 sa mort quatre ans plus tard, il laisse une quantit\u00e9 de po\u00e8mes, in\u00e9dits ou publi\u00e9s alors dans la presse locale.<br \/>\nPr\u00e8s de quatre-vingts ans plus tard, gr\u00e2ce aux documents retrouv\u00e9s aupr\u00e8s de ses descendants, des archives d\u00e9partementales et de divers interlocuteurs, une petite \u00e9quipe du Perce-Oreille a pu transcrire en occitan normalis\u00e9 et adapter, dans une traduction en fran\u00e7ais versifi\u00e9, cette \u0153uvre consid\u00e9rable.<\/p>\n<p>Des po\u00e8mes \u00e9l\u00e9giaques aux fables de La Fontaine adapt\u00e9es en patois, en passant par les textes comiques auxquels il nous avait d\u00e9j\u00e0 habitu\u00e9s, ces retrouvailles avec un auteur si pr\u00e9gnant dans la culture locale nous replongent dans l&#8217;univers quotidien de l&#8217;\u00e9poque, en difficile transition vers la modernit\u00e9, empreint de toute la bienveillance et de toute la malice du \u00ab bon docteur \u00bb.<\/p>\n","protected":false},"excerpt":{"rendered":"<p>Un recueil in\u00e9dit de plus de 160 po\u00e8mes par l&#8217;auteur du Ser ol Contou\u00a0et de Flour de brugo. Textes pr\u00e9sent\u00e9s en trois versions : la graphie du Docteur Boissel, une transcription en occitan normalis\u00e9 et une adaptation en fran\u00e7ais versifi\u00e9. Le Docteur Boissel, m\u00e9decin et po\u00e8te de Saint-Cyprien en P\u00e9rigord Noir, est c\u00e9l\u00e8bre pour son [&hellip;]<\/p>\n","protected":false},"featured_media":43155,"template":"","meta":{"_acf_changed":false,"_genesis_hide_title":false,"_genesis_hide_breadcrumbs":false,"_genesis_hide_singular_image":false,"_genesis_hide_footer_widgets":false,"_genesis_custom_body_class":"","_genesis_custom_post_class":"","_genesis_layout":""},"product_brand":[],"product_cat":[7133,7175,7181],"product_tag":[],"class_list":{"0":"post-43160","1":"product","2":"type-product","3":"status-publish","4":"has-post-thumbnail","6":"product_cat-libres-oc","7":"product_cat-literatura-oc","8":"product_cat-poesia-oc","9":"pa_auteur-boissel-pierre-oc","10":"pa_editeur-les-editions-du-perce-oreille-oc","11":"pa_illustrateur-audivert-jean-pierre-oc","12":"pa_illustrateur-bourges-audivert-monique-1-oc","13":"pa_illustrateur-dugros-joan-claudi-dugros-jean-claude-oc","14":"pa_langue-occitan-lengadocian-oc","15":"pa_langue-occitan-francais-oc","16":"entry","18":"first","19":"instock","20":"shipping-taxable","21":"purchasable","22":"product-type-simple"},"acf":[],"_links":{"self":[{"href":"https:\/\/www.libraria-occitana.org\/oc\/wp-json\/wp\/v2\/product\/43160","targetHints":{"allow":["GET"]}}],"collection":[{"href":"https:\/\/www.libraria-occitana.org\/oc\/wp-json\/wp\/v2\/product"}],"about":[{"href":"https:\/\/www.libraria-occitana.org\/oc\/wp-json\/wp\/v2\/types\/product"}],"wp:featuredmedia":[{"embeddable":true,"href":"https:\/\/www.libraria-occitana.org\/oc\/wp-json\/wp\/v2\/media\/43155"}],"wp:attachment":[{"href":"https:\/\/www.libraria-occitana.org\/oc\/wp-json\/wp\/v2\/media?parent=43160"}],"wp:term":[{"taxonomy":"product_brand","embeddable":true,"href":"https:\/\/www.libraria-occitana.org\/oc\/wp-json\/wp\/v2\/product_brand?post=43160"},{"taxonomy":"product_cat","embeddable":true,"href":"https:\/\/www.libraria-occitana.org\/oc\/wp-json\/wp\/v2\/product_cat?post=43160"},{"taxonomy":"product_tag","embeddable":true,"href":"https:\/\/www.libraria-occitana.org\/oc\/wp-json\/wp\/v2\/product_tag?post=43160"}],"curies":[{"name":"wp","href":"https:\/\/api.w.org\/{rel}","templated":true}]}}