{"id":43227,"date":"2015-06-30T20:04:17","date_gmt":"2015-06-30T18:04:17","guid":{"rendered":"http:\/\/www.libraria-occitana.org\/product\/un-camp-de-juifs-oublie-soudeilles-1941-1942\/"},"modified":"2026-04-02T20:26:06","modified_gmt":"2026-04-02T18:26:06","slug":"un-camp-de-juifs-oublie-soudeilles-1941-1942","status":"publish","type":"product","link":"https:\/\/www.libraria-occitana.org\/oc\/produch\/un-camp-de-juifs-oublie-soudeilles-1941-1942\/","title":{"rendered":"Un camp de Juifs oubli\u00e9, Soudeilles (1941-1942)"},"content":{"rendered":"<p>Le camp de Soudeilles n\u2019\u00e9tait r\u00e9pertori\u00e9 nulle part.<br \/>\nM\u00eame \u00e0 Soudeilles ses vestiges avaient disparu et son souvenir s\u2019\u00e9tait compl\u00e8tement estomp\u00e9.<br \/>\nLe devoir de m\u00e9moire imposait ce travail de recherche historique men\u00e9 depuis 1997 aux archives d\u00e9partementales de la Corr\u00e8ze et de la Haute-Vienne et aupr\u00e8s des survivants, des descendants comme des t\u00e9moins oculaires de ce camp qui a fonctionn\u00e9 de juin 1941 \u00e0 d\u00e9cembre 1942 \u00e0 Soudeilles (Corr\u00e8ze).<br \/>\nCe sont environ 550 hommes qui ont \u00e9t\u00e9 immatricul\u00e9s dans ce camp, travaillant \u00e0 l\u2019ext\u00e9rieur chez les agriculteurs, les artisans, et sur les chantiers d\u2019exploitation des for\u00eats et des tourbi\u00e8res\u2026<br \/>\nLes auteurs pr\u00e9sentent des aspects peu connus de la p\u00e9riode de la Seconde Guerre mondiale et de l\u2019Occupation : statut des travailleurs \u00e9trangers (TE), situation des r\u00e9fugi\u00e9s juifs. Ils cherchent \u00e0 comprendre comment d\u2019un village tranquille, en zone \u00ab dite \u00bb libre plusieurs dizaines de personnes ont pu \u00eatre d\u00e9port\u00e9es \u00e0 Drancy puis Auschwitz \u00e0 partir d\u2019ao\u00fbt 1942.<br \/>\nL\u2019ouvrage comprend en annexe, d\u2019une part les biographies succinctes de plus de 500 TE et d\u2019autre part les listes des 182 d\u00e9port\u00e9s et supplici\u00e9s du 665e GTE de Soudeilles.<\/p>\n","protected":false},"excerpt":{"rendered":"<p>Le camp de Soudeilles n\u2019\u00e9tait r\u00e9pertori\u00e9 nulle part. M\u00eame \u00e0 Soudeilles ses vestiges avaient disparu et son souvenir s\u2019\u00e9tait compl\u00e8tement estomp\u00e9. Le devoir de m\u00e9moire imposait ce travail de recherche historique men\u00e9 depuis 1997 aux archives d\u00e9partementales de la Corr\u00e8ze et de la Haute-Vienne et aupr\u00e8s des survivants, des descendants comme des t\u00e9moins oculaires de [&hellip;]<\/p>\n","protected":false},"featured_media":43225,"template":"","meta":{"_acf_changed":false,"_genesis_hide_title":false,"_genesis_hide_breadcrumbs":false,"_genesis_hide_singular_image":false,"_genesis_hide_footer_widgets":false,"_genesis_custom_body_class":"","_genesis_custom_post_class":"","_genesis_layout":""},"product_brand":[],"product_cat":[7133,7149,7159],"product_tag":[],"class_list":{"0":"post-43227","1":"product","2":"type-product","3":"status-publish","4":"has-post-thumbnail","6":"product_cat-libres-oc","7":"product_cat-istoria-geografia-oc","8":"product_cat-istoria-moderna-e-contemporala-oc","9":"pa_auteur-estrade-paul-oc","10":"pa_auteur-estrade-szwarckopf-mouny-oc","11":"pa_editeur-les-monedieres-oc","12":"pa_langue-francais-oc","13":"entry","15":"first","16":"instock","17":"shipping-taxable","18":"purchasable","19":"product-type-simple"},"acf":[],"_links":{"self":[{"href":"https:\/\/www.libraria-occitana.org\/oc\/wp-json\/wp\/v2\/product\/43227","targetHints":{"allow":["GET"]}}],"collection":[{"href":"https:\/\/www.libraria-occitana.org\/oc\/wp-json\/wp\/v2\/product"}],"about":[{"href":"https:\/\/www.libraria-occitana.org\/oc\/wp-json\/wp\/v2\/types\/product"}],"wp:featuredmedia":[{"embeddable":true,"href":"https:\/\/www.libraria-occitana.org\/oc\/wp-json\/wp\/v2\/media\/43225"}],"wp:attachment":[{"href":"https:\/\/www.libraria-occitana.org\/oc\/wp-json\/wp\/v2\/media?parent=43227"}],"wp:term":[{"taxonomy":"product_brand","embeddable":true,"href":"https:\/\/www.libraria-occitana.org\/oc\/wp-json\/wp\/v2\/product_brand?post=43227"},{"taxonomy":"product_cat","embeddable":true,"href":"https:\/\/www.libraria-occitana.org\/oc\/wp-json\/wp\/v2\/product_cat?post=43227"},{"taxonomy":"product_tag","embeddable":true,"href":"https:\/\/www.libraria-occitana.org\/oc\/wp-json\/wp\/v2\/product_tag?post=43227"}],"curies":[{"name":"wp","href":"https:\/\/api.w.org\/{rel}","templated":true}]}}