{"id":43252,"date":"2017-12-04T20:32:44","date_gmt":"2017-12-04T19:32:44","guid":{"rendered":"http:\/\/www.libraria-occitana.org\/product\/lo-plaser-de-chantar-dins-los-vilatges\/"},"modified":"2026-04-13T01:41:28","modified_gmt":"2026-04-12T23:41:28","slug":"lo-plaser-de-chantar-dins-los-vilatges","status":"publish","type":"product","link":"https:\/\/www.libraria-occitana.org\/oc\/produch\/lo-plaser-de-chantar-dins-los-vilatges\/","title":{"rendered":"Lo plaser de chantar dins los vilatges"},"content":{"rendered":"<p><strong>Titres :<\/strong><br \/>\n1. Les ch\u00e2taignes du Limousin (recueilli par J. Lagueny)<br \/>\n2. La petite Roselle (recueilli par J. S\u00e9gurel)<br \/>\n3. Je suis gar\u00e7on malheureux sur la terre<br \/>\n4. Totjorn la vielha creda<br \/>\n5. \u00d4 Limousin<br \/>\n6. Le rossignol (M. Rollinat)<br \/>\n7. Les scieurs de long<br \/>\n8. La vielha<br \/>\n9. Un j\u00f2une pastre somelhava<br \/>\n10. La Brian\u00e7a (J. Mazabraud ; F. Sarre)<br \/>\n11. Les messieurs de la Tour<br \/>\n12. Le cochon cul noir (polka, paroles Claude Ducot\u00e9)<br \/>\n13. Lo boier<br \/>\n14. La belle chevri\u00e8re<br \/>\n15. Lo chabretaire (F. Richard ; F. Sarre)<br \/>\n16. N\u00f2stras vielhas (Frances ; M. du Treuil)<br \/>\n17. Duerm mon pitit (paroles J. Petit)<br \/>\n18. Le cantou (J. Vaissade)<br \/>\n19. Les ma\u00e7ons de la Creuse (paroles J. Petit)<br \/>\n20. Parla me<br \/>\n21. La maiada (J. Rebier ; A. Le Gentile)<br \/>\n22. Se canta<\/p>\n","protected":false},"excerpt":{"rendered":"<p>Titres : 1. Les ch\u00e2taignes du Limousin (recueilli par J. Lagueny) 2. La petite Roselle (recueilli par J. S\u00e9gurel) 3. Je suis gar\u00e7on malheureux sur la terre 4. Totjorn la vielha creda 5. \u00d4 Limousin 6. Le rossignol (M. Rollinat) 7. Les scieurs de long 8. La vielha 9. Un j\u00f2une pastre somelhava 10. La [&hellip;]<\/p>\n","protected":false},"featured_media":43244,"template":"","meta":{"_acf_changed":false,"_genesis_hide_title":false,"_genesis_hide_breadcrumbs":false,"_genesis_hide_singular_image":false,"_genesis_hide_footer_widgets":false,"_genesis_custom_body_class":"","_genesis_custom_post_class":"","_genesis_layout":""},"product_brand":[],"product_cat":[16683,7237],"product_tag":[],"class_list":{"0":"post-43252","1":"product","2":"type-product","3":"status-publish","4":"has-post-thumbnail","6":"product_cat-musica-oc","7":"product_cat-tradicion-oc","8":"pa_auteur-lou-rossigno-do-limouzi-oc","9":"pa_editeur-lou-rossigno-do-limouzi-fr-oc","10":"pa_langue-francais-oc","11":"pa_langue-occitan-oc","12":"pa_langue-occitan-lemosin-oc","13":"entry","15":"first","16":"outofstock","17":"shipping-taxable","18":"purchasable","19":"product-type-simple"},"acf":[],"_links":{"self":[{"href":"https:\/\/www.libraria-occitana.org\/oc\/wp-json\/wp\/v2\/product\/43252","targetHints":{"allow":["GET"]}}],"collection":[{"href":"https:\/\/www.libraria-occitana.org\/oc\/wp-json\/wp\/v2\/product"}],"about":[{"href":"https:\/\/www.libraria-occitana.org\/oc\/wp-json\/wp\/v2\/types\/product"}],"wp:featuredmedia":[{"embeddable":true,"href":"https:\/\/www.libraria-occitana.org\/oc\/wp-json\/wp\/v2\/media\/43244"}],"wp:attachment":[{"href":"https:\/\/www.libraria-occitana.org\/oc\/wp-json\/wp\/v2\/media?parent=43252"}],"wp:term":[{"taxonomy":"product_brand","embeddable":true,"href":"https:\/\/www.libraria-occitana.org\/oc\/wp-json\/wp\/v2\/product_brand?post=43252"},{"taxonomy":"product_cat","embeddable":true,"href":"https:\/\/www.libraria-occitana.org\/oc\/wp-json\/wp\/v2\/product_cat?post=43252"},{"taxonomy":"product_tag","embeddable":true,"href":"https:\/\/www.libraria-occitana.org\/oc\/wp-json\/wp\/v2\/product_tag?post=43252"}],"curies":[{"name":"wp","href":"https:\/\/api.w.org\/{rel}","templated":true}]}}