{"id":43259,"date":"2015-12-19T11:05:11","date_gmt":"2015-12-19T10:05:11","guid":{"rendered":"http:\/\/www.libraria-occitana.org\/product\/marcelle-delpastre-chants-traditionnels-2-cd\/"},"modified":"2026-04-29T02:56:13","modified_gmt":"2026-04-29T00:56:13","slug":"marcelle-delpastre-chants-traditionnels-2-cd","status":"publish","type":"product","link":"https:\/\/www.libraria-occitana.org\/oc\/produch\/marcelle-delpastre-chants-traditionnels-2-cd\/","title":{"rendered":"Marcelle Delpastre : Chants traditionnels (2 CD)"},"content":{"rendered":"<p><strong>CD1<\/strong><br \/>\n(registradis de 1994)<\/p>\n<p>1. La chan\u00e7on de Martisson 2&#8217;14<br \/>\n2. Commentaire 2&#8217;20<br \/>\n3. La chan\u00e7on de la faussa vielha 2&#8217;41<br \/>\n4. Commentaire 1&#8217;28<br \/>\n5. Alaens dins quau pa\u00eds bas 3&#8217;34<br \/>\n6. Commentaire 3&#8217;10<br \/>\n7. La chan\u00e7on de la Margui 3&#8217;19<br \/>\n8. Commentaire 1&#8217;28<br \/>\n9. La chan\u00e7on de la Granda Marie 1&#8217;53<br \/>\n10. Commentaire 0&#8217;46<br \/>\n11. Chastanha grilhada 0&#8217;38<br \/>\n12. Quand te &#8216;nava veire 1&#8217;16<br \/>\n13. La chan\u00e7on dau merle 4&#8217;32<br \/>\n14. Commentaire 0&#8217;30<br \/>\n15. Rondes enfantines \u00e0 l&#8217;\u00e9cole 11&#8217;02<br \/>\n16. La Aula 4&#8217;04<br \/>\n17. Oes Jana, leva-te ! 1&#8217;39<br \/>\n18. La chan\u00e7on de Coduron 0&#8217;54<br \/>\n19. Adieu la ville de Perpignan 1&#8217;29<\/p>\n<p><strong>CD 2<\/strong><br \/>\n(registradis de 1997 e de 1978)<\/p>\n<p>1. L\u00e0-haut sur ces rochers 3&#8217;05<br \/>\n2. J&#8217;ai fait une ma\u00eetresse (1) 1&#8217;50<br \/>\n3. J&#8217;ai fait une ma\u00eetresse (2) 5&#8217;01<br \/>\n4. J&#8217;ai fait une ma\u00eetresse (3) 0&#8217;16<br \/>\n5. La chan\u00e7on de Nicolas 2&#8217;10<br \/>\n6. J&#8217;entends tambour, j&#8217;entends trompette 1&#8217;19<br \/>\n7. Mariden la Miette 2&#8217;00<br \/>\n8. \u00c0 l&#8217;\u00e2ge de quinze ans 0&#8217;20<br \/>\n9. \u00c0 quatorz&#8217; ans demi 1&#8217;52<br \/>\n10. Los tres cardaires 2&#8217;27<br \/>\n11. En traversar lo pa\u00eds de l&#8217;Auvernha 1&#8217;30<br \/>\n12. L\u00e0-bas dans la prairie 3&#8217;28<br \/>\n13. Quand ieu n&#8217;era p&#8217;titi\u00f2ta 2&#8217;52<br \/>\n14. Marchand, petit marchand 1&#8217;59<br \/>\n15. La Guilhaumela 0&#8217;23<br \/>\n16. \u00c9l\u00e9ments de quadrille 0&#8217;50<br \/>\n17. Rossignolet charmant (1) 0&#8217;18<br \/>\n18. Rossignolet charmant (2) 0&#8217;27<br \/>\n19. Rossignolet charmant (3) 2&#8217;31<br \/>\n20. Rossignolet du bois joli 2&#8217;44<br \/>\n21. P&#8217;tita Marie, v\u00f2les-tu venir 0&#8217;28<br \/>\n22. Tua ton chin, Marie 0&#8217;42<br \/>\n23. Petit papillon volage 2&#8217;13<br \/>\n24. La Aula 8&#8217;45<\/p>\n","protected":false},"excerpt":{"rendered":"<p>CD1 (registradis de 1994) 1. La chan\u00e7on de Martisson 2&#8217;14 2. Commentaire 2&#8217;20 3. La chan\u00e7on de la faussa vielha 2&#8217;41 4. Commentaire 1&#8217;28 5. Alaens dins quau pa\u00eds bas 3&#8217;34 6. Commentaire 3&#8217;10 7. La chan\u00e7on de la Margui 3&#8217;19 8. Commentaire 1&#8217;28 9. La chan\u00e7on de la Granda Marie 1&#8217;53 10. Commentaire 0&#8217;46 [&hellip;]<\/p>\n","protected":false},"featured_media":38026,"template":"","meta":{"_acf_changed":false,"_genesis_hide_title":false,"_genesis_hide_breadcrumbs":false,"_genesis_hide_singular_image":false,"_genesis_hide_footer_widgets":false,"_genesis_custom_body_class":"","_genesis_custom_post_class":"","_genesis_layout":""},"product_brand":[],"product_cat":[16683,7237],"product_tag":[],"class_list":{"0":"post-43259","1":"product","2":"type-product","3":"status-publish","4":"has-post-thumbnail","6":"product_cat-musica-oc","7":"product_cat-tradicion-oc","8":"pa_auteur-delpastre-marcela-oc","9":"pa_editeur-lo-chamin-de-sent-jaume-oc","10":"pa_langue-francais-oc","11":"pa_langue-occitan-oc","12":"pa_langue-occitan-lemosin-oc","13":"entry","15":"first","16":"instock","17":"shipping-taxable","18":"purchasable","19":"product-type-simple"},"acf":[],"_links":{"self":[{"href":"https:\/\/www.libraria-occitana.org\/oc\/wp-json\/wp\/v2\/product\/43259","targetHints":{"allow":["GET"]}}],"collection":[{"href":"https:\/\/www.libraria-occitana.org\/oc\/wp-json\/wp\/v2\/product"}],"about":[{"href":"https:\/\/www.libraria-occitana.org\/oc\/wp-json\/wp\/v2\/types\/product"}],"wp:featuredmedia":[{"embeddable":true,"href":"https:\/\/www.libraria-occitana.org\/oc\/wp-json\/wp\/v2\/media\/38026"}],"wp:attachment":[{"href":"https:\/\/www.libraria-occitana.org\/oc\/wp-json\/wp\/v2\/media?parent=43259"}],"wp:term":[{"taxonomy":"product_brand","embeddable":true,"href":"https:\/\/www.libraria-occitana.org\/oc\/wp-json\/wp\/v2\/product_brand?post=43259"},{"taxonomy":"product_cat","embeddable":true,"href":"https:\/\/www.libraria-occitana.org\/oc\/wp-json\/wp\/v2\/product_cat?post=43259"},{"taxonomy":"product_tag","embeddable":true,"href":"https:\/\/www.libraria-occitana.org\/oc\/wp-json\/wp\/v2\/product_tag?post=43259"}],"curies":[{"name":"wp","href":"https:\/\/api.w.org\/{rel}","templated":true}]}}