{"id":43272,"date":"2018-09-07T16:03:38","date_gmt":"2018-09-07T14:03:38","guid":{"rendered":"http:\/\/www.libraria-occitana.org\/product\/les-carnets-de-guerre-de-louis-barthas-tonnelier-1914-1918\/"},"modified":"2026-04-16T21:22:04","modified_gmt":"2026-04-16T19:22:04","slug":"les-carnets-de-guerre-de-louis-barthas-1914-1918","status":"publish","type":"product","link":"https:\/\/www.libraria-occitana.org\/oc\/produch\/les-carnets-de-guerre-de-louis-barthas-1914-1918\/","title":{"rendered":"Les carnets de guerre de Louis Barthas 1914-1918"},"content":{"rendered":"<p>Tonnelier originaire de l\u2019Aude, Louis Barthas est envoy\u00e9 au front d\u00e8s 1914. D\u00e9mobilis\u00e9 en 1919, il met au propre ses notes prises tout au long du conflit. Militant socialiste et \u00e9crivain \u00e0 son insu, le caporal Barthas a observ\u00e9 jour apr\u00e8s jour la vie dans les tranch\u00e9es : les rats, la boue, les bombes\u2026<br \/>\nAvec une plume extraordinaire et un \u00e9tonnant sens de l\u2019humour, il d\u00e9crit les poilus livr\u00e9s en masse \u00e0 une mort anonyme, les chefs assoiff\u00e9s de gloire, mais aussi les Allemands, qu\u2019on appelle \u00ab ennemis \u00bb mais avec lesquels on fraternise \u00e0 l\u2019abri des regards.<br \/>\nPubli\u00e9s aux \u00e9ditions Maspero en 1978, les <em>Carnets de guerre de Louis Barthas<\/em> sont devenus un classique, traduit dans de nombreux pays. Fredman met son trait au service de cette \u0153uvre unique. Compos\u00e9e d\u2019extraits soigneusement s\u00e9lectionn\u00e9s, respectant l\u2019esprit et la lettre des <em>Carnets<\/em> originaux, son adaptation graphique donne une nouvelle vie \u00e0 ce t\u00e9moignage exceptionnel.<\/p>\n","protected":false},"excerpt":{"rendered":"<p>Tonnelier originaire de l\u2019Aude, Louis Barthas est envoy\u00e9 au front d\u00e8s 1914. D\u00e9mobilis\u00e9 en 1919, il met au propre ses notes prises tout au long du conflit. Militant socialiste et \u00e9crivain \u00e0 son insu, le caporal Barthas a observ\u00e9 jour apr\u00e8s jour la vie dans les tranch\u00e9es : les rats, la boue, les bombes\u2026 Avec [&hellip;]<\/p>\n","protected":false},"featured_media":43270,"template":"","meta":{"_acf_changed":false,"_genesis_hide_title":false,"_genesis_hide_breadcrumbs":false,"_genesis_hide_singular_image":false,"_genesis_hide_footer_widgets":false,"_genesis_custom_body_class":"","_genesis_custom_post_class":"","_genesis_layout":""},"product_brand":[],"product_cat":[7169,7165,7133],"product_tag":[],"class_list":{"0":"post-43272","1":"product","2":"type-product","3":"status-publish","4":"has-post-thumbnail","6":"product_cat-benda-dessenhada-oc","7":"product_cat-jounessa-bd-umor","8":"product_cat-libres-oc","9":"pa_auteur-fredman-oc","10":"pa_editeur-la-decouverte-oc","11":"pa_langue-francais-oc","12":"entry","14":"first","15":"outofstock","16":"shipping-taxable","17":"purchasable","18":"product-type-simple"},"acf":[],"_links":{"self":[{"href":"https:\/\/www.libraria-occitana.org\/oc\/wp-json\/wp\/v2\/product\/43272","targetHints":{"allow":["GET"]}}],"collection":[{"href":"https:\/\/www.libraria-occitana.org\/oc\/wp-json\/wp\/v2\/product"}],"about":[{"href":"https:\/\/www.libraria-occitana.org\/oc\/wp-json\/wp\/v2\/types\/product"}],"wp:featuredmedia":[{"embeddable":true,"href":"https:\/\/www.libraria-occitana.org\/oc\/wp-json\/wp\/v2\/media\/43270"}],"wp:attachment":[{"href":"https:\/\/www.libraria-occitana.org\/oc\/wp-json\/wp\/v2\/media?parent=43272"}],"wp:term":[{"taxonomy":"product_brand","embeddable":true,"href":"https:\/\/www.libraria-occitana.org\/oc\/wp-json\/wp\/v2\/product_brand?post=43272"},{"taxonomy":"product_cat","embeddable":true,"href":"https:\/\/www.libraria-occitana.org\/oc\/wp-json\/wp\/v2\/product_cat?post=43272"},{"taxonomy":"product_tag","embeddable":true,"href":"https:\/\/www.libraria-occitana.org\/oc\/wp-json\/wp\/v2\/product_tag?post=43272"}],"curies":[{"name":"wp","href":"https:\/\/api.w.org\/{rel}","templated":true}]}}