{"id":43293,"date":"2018-05-11T15:47:46","date_gmt":"2018-05-11T13:47:46","guid":{"rendered":"http:\/\/www.libraria-occitana.org\/?post_type=product&#038;p=43293"},"modified":"2026-04-17T20:36:17","modified_gmt":"2026-04-17T18:36:17","slug":"petite-histoire-des-cathares","status":"publish","type":"product","link":"https:\/\/www.libraria-occitana.org\/oc\/produch\/petite-histoire-des-cathares\/","title":{"rendered":"Petite Histoire des Cathares"},"content":{"rendered":"<p>Enfin, un ouvrage faisant le point s\u00e9rieusement et clairement sur une question qui passionne les Fran\u00e7ais mais qui a souvent \u00e9t\u00e9 trait\u00e9e de mani\u00e8re anecdotique et partielle.<\/p>\n<p>Un ouvrage proposant une vue g\u00e9n\u00e9rale de la question cathare, mais qui insiste sur les aspects religieux du ph\u00e9nom\u00e8ne, et pose clairement la question : H\u00e9r\u00e9sie ou dissidence ? L&#8217;h\u00e9r\u00e9sie put-elle \u00eatre un libre choix \u2013 celui qui menait au b\u00fbcher \u2013 au temps de l&#8217;\u00c9glise conqu\u00e9rante et r\u00e9formatrice ? Est-ce l&#8217;\u00c9glise elle-m\u00eame qui, pour mieux affirmer sa domination sur la chr\u00e9tient\u00e9, \u00ab inventa \u00bb le ph\u00e9nom\u00e8ne h\u00e9r\u00e9tique ? Comment expliquer en ce cas que purent se d\u00e9velopper, sp\u00e9cialement en Italie et en Pays d&#8217;Oc, de v\u00e9ritables \u00c9glises chr\u00e9tiennes sans lien avec Rome, des \u00c9glises d\u00e9ployant leurs institutions propres, leur clerg\u00e9, s\u00e9culier et r\u00e9gulier, leurs rites et liturgies du salut de l&#8217;\u00e2me, leur lecture savante des \u00c9critures, leur litt\u00e9rature religieuse et leurs id\u00e9aux apostoliques ? Comment expliquer la durable r\u00e9sistance que leurs croyants oppos\u00e8rent \u00e0 la r\u00e9pression la plus absolue qui se put alors concevoir, celle de la papaut\u00e9 \u00e9paul\u00e9e par la monarchie cap\u00e9tienne \u2013 croisades, Inquisition ?<\/p>\n<p>Pour la premi\u00e8re fois, un inventaire clair et pr\u00e9cis de la documentation sur la question cathare.<\/p>\n<p>Un ouvrage qui, par ses indications en fin de chapitre et par ses photographies in\u00e9dites, dues \u00e0 un photographe sp\u00e9cialis\u00e9 dans l&#8217;histoire cathare, Jean-Louis Gasc, propose aux lecteurs de visiter les principaux sites du Catharisme.<\/p>\n","protected":false},"excerpt":{"rendered":"<p>Enfin, un ouvrage faisant le point s\u00e9rieusement et clairement sur une question qui passionne les Fran\u00e7ais mais qui a souvent \u00e9t\u00e9 trait\u00e9e de mani\u00e8re anecdotique et partielle. Un ouvrage proposant une vue g\u00e9n\u00e9rale de la question cathare, mais qui insiste sur les aspects religieux du ph\u00e9nom\u00e8ne, et pose clairement la question : H\u00e9r\u00e9sie ou dissidence [&hellip;]<\/p>\n","protected":false},"featured_media":43296,"template":"","meta":{"_acf_changed":false,"_genesis_hide_title":false,"_genesis_hide_breadcrumbs":false,"_genesis_hide_singular_image":false,"_genesis_hide_footer_widgets":false,"_genesis_custom_body_class":"","_genesis_custom_post_class":"","_genesis_layout":""},"product_brand":[],"product_cat":[7161,7149,7133],"product_tag":[],"class_list":{"0":"post-43293","1":"product","2":"type-product","3":"status-publish","4":"has-post-thumbnail","6":"product_cat-istoria-medievala-oc","7":"product_cat-istoria-geografia-oc","8":"product_cat-libres-oc","9":"pa_auteur-brenon-anne-oc","10":"pa_editeur-cairn-oc","11":"pa_langue-francais-oc","12":"entry","14":"first","15":"outofstock","16":"shipping-taxable","17":"purchasable","18":"product-type-simple"},"acf":[],"_links":{"self":[{"href":"https:\/\/www.libraria-occitana.org\/oc\/wp-json\/wp\/v2\/product\/43293","targetHints":{"allow":["GET"]}}],"collection":[{"href":"https:\/\/www.libraria-occitana.org\/oc\/wp-json\/wp\/v2\/product"}],"about":[{"href":"https:\/\/www.libraria-occitana.org\/oc\/wp-json\/wp\/v2\/types\/product"}],"wp:featuredmedia":[{"embeddable":true,"href":"https:\/\/www.libraria-occitana.org\/oc\/wp-json\/wp\/v2\/media\/43296"}],"wp:attachment":[{"href":"https:\/\/www.libraria-occitana.org\/oc\/wp-json\/wp\/v2\/media?parent=43293"}],"wp:term":[{"taxonomy":"product_brand","embeddable":true,"href":"https:\/\/www.libraria-occitana.org\/oc\/wp-json\/wp\/v2\/product_brand?post=43293"},{"taxonomy":"product_cat","embeddable":true,"href":"https:\/\/www.libraria-occitana.org\/oc\/wp-json\/wp\/v2\/product_cat?post=43293"},{"taxonomy":"product_tag","embeddable":true,"href":"https:\/\/www.libraria-occitana.org\/oc\/wp-json\/wp\/v2\/product_tag?post=43293"}],"curies":[{"name":"wp","href":"https:\/\/api.w.org\/{rel}","templated":true}]}}