{"id":43337,"date":"2014-04-17T11:45:40","date_gmt":"2014-04-17T09:45:40","guid":{"rendered":"http:\/\/www.libraria-occitana.org\/?post_type=product&#038;p=43337"},"modified":"2026-04-29T10:30:04","modified_gmt":"2026-04-29T08:30:04","slug":"secher-les-couillons-jurons-insultes-et-autres-amabilites","status":"publish","type":"product","link":"https:\/\/www.libraria-occitana.org\/oc\/produch\/secher-les-couillons-jurons-insultes-et-autres-amabilites\/","title":{"rendered":"S\u00e9cher les couillons : Jurons, insultes et autres amabilit\u00e9s"},"content":{"rendered":"<p>Petit dictionnaire \u00e0 l\u2019usage des gourmands de mots, ce floril\u00e8ge caustique et rabelaisien rassemble jurons, insultes, blasph\u00e8mes auxquels leur origine occitane conf\u00e8re une belle \u00e9tranget\u00e9. On ne s\u2019\u00e9tonnera point de constater qu\u2019ils s\u2019attaquent avec d\u00e9lectation aux imb\u00e9ciles, aux paresseux, aux empot\u00e9s, aux avares, aux pr\u00e9tentieux. S\u2019ils brocardent particuli\u00e8rement les femmes, c\u2019est pour t\u00e9moigner d\u2019une obsession maladive pour toutes choses relatives aux affaires sexuelles. Quant aux eccl\u00e9siastiques, omnipr\u00e9sents dans ce d\u00e9partement de vieille tradition catholique, ils en prennent naturellement pour leur soutane. Apr\u00e8s le succ\u00e8s des <em>1001 mots de l\u2019Aveyron<\/em>, Daniel Crozes ouvre le fonds secret d\u2019une langue savoureuse.<\/p>\n","protected":false},"excerpt":{"rendered":"<p>Petit dictionnaire \u00e0 l\u2019usage des gourmands de mots, ce floril\u00e8ge caustique et rabelaisien rassemble jurons, insultes, blasph\u00e8mes auxquels leur origine occitane conf\u00e8re une belle \u00e9tranget\u00e9. On ne s\u2019\u00e9tonnera point de constater qu\u2019ils s\u2019attaquent avec d\u00e9lectation aux imb\u00e9ciles, aux paresseux, aux empot\u00e9s, aux avares, aux pr\u00e9tentieux. S\u2019ils brocardent particuli\u00e8rement les femmes, c\u2019est pour t\u00e9moigner d\u2019une obsession [&hellip;]<\/p>\n","protected":false},"featured_media":43335,"template":"","meta":{"_acf_changed":false,"_genesis_hide_title":false,"_genesis_hide_breadcrumbs":false,"_genesis_hide_singular_image":false,"_genesis_hide_footer_widgets":false,"_genesis_custom_body_class":"","_genesis_custom_post_class":"","_genesis_layout":""},"product_brand":[],"product_cat":[7137,7133,7147],"product_tag":[],"class_list":{"0":"post-43337","1":"product","2":"type-product","3":"status-publish","4":"has-post-thumbnail","6":"product_cat-diccionaris-lenga-escolar-oc","7":"product_cat-libres-oc","8":"product_cat-vocabulari-biais-de-dire-oc","9":"pa_auteur-crozes-daniel-oc","10":"pa_editeur-editions-du-rouergue-oc","11":"pa_langue-francais-oc","12":"entry","14":"first","15":"instock","16":"shipping-taxable","17":"purchasable","18":"product-type-simple"},"acf":[],"_links":{"self":[{"href":"https:\/\/www.libraria-occitana.org\/oc\/wp-json\/wp\/v2\/product\/43337","targetHints":{"allow":["GET"]}}],"collection":[{"href":"https:\/\/www.libraria-occitana.org\/oc\/wp-json\/wp\/v2\/product"}],"about":[{"href":"https:\/\/www.libraria-occitana.org\/oc\/wp-json\/wp\/v2\/types\/product"}],"wp:featuredmedia":[{"embeddable":true,"href":"https:\/\/www.libraria-occitana.org\/oc\/wp-json\/wp\/v2\/media\/43335"}],"wp:attachment":[{"href":"https:\/\/www.libraria-occitana.org\/oc\/wp-json\/wp\/v2\/media?parent=43337"}],"wp:term":[{"taxonomy":"product_brand","embeddable":true,"href":"https:\/\/www.libraria-occitana.org\/oc\/wp-json\/wp\/v2\/product_brand?post=43337"},{"taxonomy":"product_cat","embeddable":true,"href":"https:\/\/www.libraria-occitana.org\/oc\/wp-json\/wp\/v2\/product_cat?post=43337"},{"taxonomy":"product_tag","embeddable":true,"href":"https:\/\/www.libraria-occitana.org\/oc\/wp-json\/wp\/v2\/product_tag?post=43337"}],"curies":[{"name":"wp","href":"https:\/\/api.w.org\/{rel}","templated":true}]}}