{"id":43412,"date":"1991-07-18T10:10:08","date_gmt":"1991-07-18T08:10:08","guid":{"rendered":"http:\/\/www.libraria-occitana.org\/?post_type=product&#038;p=43412"},"modified":"2025-03-09T01:08:14","modified_gmt":"2025-03-09T00:08:14","slug":"le-vagabond-du-monde","status":"publish","type":"product","link":"https:\/\/www.libraria-occitana.org\/oc\/produch\/le-vagabond-du-monde\/","title":{"rendered":"Le vagabond du monde"},"content":{"rendered":"<p>\u00ab\u00a0Dans ces Notes et reportages, que je griffonnerai sur mes genoux, j\u2019oublierai l\u2019\u00e9crivain pour n\u2019\u00eatre que le vagabond, insouciant du style, de la compassion. Je dirai les choses telles qu\u2019elles se pr\u00e9senteront \u00e0 mon esprit, apr\u00e8s les avoir v\u00e9cues sur mes nouvelles routes et sur les anciennes. Ce sera le roman pris sur le vif de mes derni\u00e8res p\u00e9r\u00e9grinations\u2026 Devoir voluptueux. Besoin ardent de plonger dans la m\u00eal\u00e9e, de donner des coups et d\u2019en recevoir. Et surtout de pouvoir dire \u00e0 mon aise tout ce que je sens, tout ce que je pense. Voil\u00e0 ce que j\u2019ai toujours d\u00e9sir\u00e9 \u00eatre. Se r\u00e9alisent-ils, les vieux r\u00eaves\u00a0?\u00a0\u00bb<\/p>\n<p>Ainsi s&#8217;exprime Pana\u00eft Istrati dans ce recueil de textes divers \u2013 rares, dispers\u00e9s, in\u00e9dits \u2013 qui, s&#8217;ils n&#8217;ont pas le caract\u00e8re des\u00a0\u0153uvres achev\u00e9es, n&#8217;en refl\u00e8tent pas moins les pr\u00e9occupations constantes de leur auteur. Il s&#8217;agit avant tout d&#8217;un combat men\u00e9 pour la justice, pour l&#8217;\u00e9galit\u00e9, pour une soci\u00e9t\u00e9 plus humaine. Cela est plus essentiel que l&#8217;art. Cet art du conteur, qu&#8217;il poss\u00e8de \u00e0 merveille, Istrati crut un temps qu&#8217;il pouvait aider \u00e0 transformer la soci\u00e9t\u00e9. Vaincu, il ne renonce pas pour autant au combat pour la r\u00e9alisation de ses r\u00eaves. Ce combat, il le m\u00e8ne avec une seule arme : le c\u0153ur.<br \/>\nIstrati ? Un vagabond, certes&#8230; mais aussi <em>un combattant des r\u00eaves<\/em>.<br \/>\nEt <em>ses r\u00eaves<\/em>, on pourra juger de leur actualit\u00e9, sont <em>nos r\u00eaves<\/em> !<\/p>\n<p>Textes rares et in\u00e9dits rassembl\u00e9s et pr\u00e9sent\u00e9s par Daniel L\u00e9rault.<\/p>\n","protected":false},"excerpt":{"rendered":"<p>\u00ab\u00a0Dans ces Notes et reportages, que je griffonnerai sur mes genoux, j\u2019oublierai l\u2019\u00e9crivain pour n\u2019\u00eatre que le vagabond, insouciant du style, de la compassion. Je dirai les choses telles qu\u2019elles se pr\u00e9senteront \u00e0 mon esprit, apr\u00e8s les avoir v\u00e9cues sur mes nouvelles routes et sur les anciennes. Ce sera le roman pris sur le vif [&hellip;]<\/p>\n","protected":false},"featured_media":43410,"template":"","meta":{"_acf_changed":false,"_genesis_hide_title":false,"_genesis_hide_breadcrumbs":false,"_genesis_hide_singular_image":false,"_genesis_hide_footer_widgets":false,"_genesis_custom_body_class":"","_genesis_custom_post_class":"","_genesis_layout":""},"product_brand":[],"product_cat":[7133,7175,7203,7187],"product_tag":[],"class_list":{"0":"post-43412","1":"product","2":"type-product","3":"status-publish","4":"has-post-thumbnail","6":"product_cat-libres-oc","7":"product_cat-literatura-oc","8":"product_cat-politica-sociologia-actualitat-oc","9":"product_cat-temonhatges-memoris-oc","10":"pa_auteur-istrati-panait-oc","11":"pa_editeur-plein-chant-oc","12":"pa_illustrateur-lerault-daniel-oc","13":"pa_langue-francais-oc","14":"entry","16":"first","17":"outofstock","18":"shipping-taxable","19":"purchasable","20":"product-type-simple"},"acf":[],"_links":{"self":[{"href":"https:\/\/www.libraria-occitana.org\/oc\/wp-json\/wp\/v2\/product\/43412","targetHints":{"allow":["GET"]}}],"collection":[{"href":"https:\/\/www.libraria-occitana.org\/oc\/wp-json\/wp\/v2\/product"}],"about":[{"href":"https:\/\/www.libraria-occitana.org\/oc\/wp-json\/wp\/v2\/types\/product"}],"wp:featuredmedia":[{"embeddable":true,"href":"https:\/\/www.libraria-occitana.org\/oc\/wp-json\/wp\/v2\/media\/43410"}],"wp:attachment":[{"href":"https:\/\/www.libraria-occitana.org\/oc\/wp-json\/wp\/v2\/media?parent=43412"}],"wp:term":[{"taxonomy":"product_brand","embeddable":true,"href":"https:\/\/www.libraria-occitana.org\/oc\/wp-json\/wp\/v2\/product_brand?post=43412"},{"taxonomy":"product_cat","embeddable":true,"href":"https:\/\/www.libraria-occitana.org\/oc\/wp-json\/wp\/v2\/product_cat?post=43412"},{"taxonomy":"product_tag","embeddable":true,"href":"https:\/\/www.libraria-occitana.org\/oc\/wp-json\/wp\/v2\/product_tag?post=43412"}],"curies":[{"name":"wp","href":"https:\/\/api.w.org\/{rel}","templated":true}]}}