{"id":43418,"date":"1986-05-18T10:18:08","date_gmt":"1986-05-18T08:18:08","guid":{"rendered":"http:\/\/www.libraria-occitana.org\/?post_type=product&#038;p=43418"},"modified":"2025-03-09T00:42:26","modified_gmt":"2025-03-08T23:42:26","slug":"je-suis-des-milliers","status":"publish","type":"product","link":"https:\/\/www.libraria-occitana.org\/oc\/produch\/je-suis-des-milliers\/","title":{"rendered":"Je suis des milliers"},"content":{"rendered":"<p>Ces po\u00e8mes sur le monde du travail sont l\u2019\u0153uvre d\u2019un Su\u00e9dois mort depuis pr\u00e8s de quarante ans, qui fut ouvrier et marin. Ils disent la joie de l\u2019effort physique qui modifie le monde, mais aussi la peine, la peur de l\u2019accident, la \u00ab\u00a0honte\u00a0\u00bb du gr\u00e9viste qui d\u00e9serte le champ de bataille, la frustration du prol\u00e9taire priv\u00e9 du fruit de son labeur. Ils chantent aussi la fraternit\u00e9, qui n\u2019est jamais aussi forte et grisante que l\u00e0 o\u00f9 souffrent les hommes\u00a0: chantiers de tous genres mais aussi h\u00f4pitaux, o\u00f9 le malade peut \u00ab\u00a0devenir des milliers\u00a0\u00bb gr\u00e2ce au sang de ses semblables. Ce sont l\u00e0 des vers sans appr\u00eat mais qui vont droit au c\u0153ur, le contraire m\u00eame de ce que l\u2019on entend trop souvent par \u00ab\u00a0litt\u00e9rature\u00a0\u00bb\u00a0: le \u00ab\u00a0bien dire\u00a0\u00bb ne fait pas obstacle au sentiment, quiconque sait lire peut comprendre, peut-\u00eatre admirer, certainement entrer en communication.<\/p>\n<p>Po\u00e8mes choisis, traduits du su\u00e9dois et pr\u00e9sent\u00e9s par Philippe Bouquet.<\/p>\n","protected":false},"excerpt":{"rendered":"<p>Ces po\u00e8mes sur le monde du travail sont l\u2019\u0153uvre d\u2019un Su\u00e9dois mort depuis pr\u00e8s de quarante ans, qui fut ouvrier et marin. Ils disent la joie de l\u2019effort physique qui modifie le monde, mais aussi la peine, la peur de l\u2019accident, la \u00ab\u00a0honte\u00a0\u00bb du gr\u00e9viste qui d\u00e9serte le champ de bataille, la frustration du prol\u00e9taire [&hellip;]<\/p>\n","protected":false},"featured_media":43416,"template":"","meta":{"_acf_changed":false,"_genesis_hide_title":false,"_genesis_hide_breadcrumbs":false,"_genesis_hide_singular_image":false,"_genesis_hide_footer_widgets":false,"_genesis_custom_body_class":"","_genesis_custom_post_class":"","_genesis_layout":""},"product_brand":[],"product_cat":[7133,7175,7181],"product_tag":[],"class_list":{"0":"post-43418","1":"product","2":"type-product","3":"status-publish","4":"has-post-thumbnail","6":"product_cat-libres-oc","7":"product_cat-literatura-oc","8":"product_cat-poesia-oc","9":"pa_auteur-kjellgren-josef-oc","10":"pa_editeur-plein-chant-oc","11":"pa_illustrateur-bouquet-philippe-oc","12":"pa_langue-francais-oc","13":"entry","15":"first","16":"instock","17":"shipping-taxable","18":"purchasable","19":"product-type-simple"},"acf":[],"_links":{"self":[{"href":"https:\/\/www.libraria-occitana.org\/oc\/wp-json\/wp\/v2\/product\/43418","targetHints":{"allow":["GET"]}}],"collection":[{"href":"https:\/\/www.libraria-occitana.org\/oc\/wp-json\/wp\/v2\/product"}],"about":[{"href":"https:\/\/www.libraria-occitana.org\/oc\/wp-json\/wp\/v2\/types\/product"}],"wp:featuredmedia":[{"embeddable":true,"href":"https:\/\/www.libraria-occitana.org\/oc\/wp-json\/wp\/v2\/media\/43416"}],"wp:attachment":[{"href":"https:\/\/www.libraria-occitana.org\/oc\/wp-json\/wp\/v2\/media?parent=43418"}],"wp:term":[{"taxonomy":"product_brand","embeddable":true,"href":"https:\/\/www.libraria-occitana.org\/oc\/wp-json\/wp\/v2\/product_brand?post=43418"},{"taxonomy":"product_cat","embeddable":true,"href":"https:\/\/www.libraria-occitana.org\/oc\/wp-json\/wp\/v2\/product_cat?post=43418"},{"taxonomy":"product_tag","embeddable":true,"href":"https:\/\/www.libraria-occitana.org\/oc\/wp-json\/wp\/v2\/product_tag?post=43418"}],"curies":[{"name":"wp","href":"https:\/\/api.w.org\/{rel}","templated":true}]}}