{"id":43424,"date":"2015-09-18T10:22:46","date_gmt":"2015-09-18T08:22:46","guid":{"rendered":"http:\/\/www.libraria-occitana.org\/?post_type=product&#038;p=43424"},"modified":"2025-03-09T01:42:18","modified_gmt":"2025-03-09T00:42:18","slug":"poemes-des-faubourgs-et-dailleurs","status":"publish","type":"product","link":"https:\/\/www.libraria-occitana.org\/oc\/produch\/poemes-des-faubourgs-et-dailleurs\/","title":{"rendered":"Po\u00e8mes des faubourgs et d\u2019ailleurs"},"content":{"rendered":"<p>L&#8217;\u00e9crivain ouvrier Lucien Bourgeois (1882-1947) ne publia en volume que sa br\u00e8ve autobiographie, <em>L&#8217;Ascension<\/em> (1925), et un recueil de douze r\u00e9cits prol\u00e9tariens, <em>Faubourgs<\/em> (1931), tous deux r\u00e9\u00e9dit\u00e9s sur nos presses. Les po\u00e8mes du pr\u00e9sent recueil couvrent une grande partie de sa vie. Les premiers ont \u00e9t\u00e9 publi\u00e9s en 1906 dans la <em>Revue socialiste<\/em>. Ils sont suivis de quelques po\u00e8mes publi\u00e9s dans une \u00e9ph\u00e9m\u00e8re \u00ab\u00a0revue id\u00e9aliste d&#8217;art et de sociologie\u00a0\u00bb,\u00a0\u00a0<em>Art et pens\u00e9e<\/em>, fond\u00e9e par Lucien Bourgeois avec quelques camarades, po\u00e8mes dont le <em>Mercure de France<\/em> notait alors qu&#8217;ils \u00ab\u00a0r\u00e9v\u00e8lent un temp\u00e9rament original et fort\u00a0\u00bb.<\/p>\n<p>Par la suite, Bourgeois avait constitu\u00e9 un recueil d&#8217;une centaine de po\u00e8mes, dont le manuscrit a longtemps err\u00e9 dans les salles de lecture des \u00e9diteurs sans trouver preneur, malgr\u00e9 les louanges de Jean-Richard Bloch, de Maurice Bouchor et de la comtesse de Noailles. Seuls quelques fragments de ces <em>Po\u00e8mes des faubourgs et d&#8217;ailleurs<\/em> ont paru dans des p\u00e9riodiques, ou dans le recueil de <em>Douze po\u00e8tes<\/em> prol\u00e9tariens publi\u00e9s par les \u00c9ditions Sociales Internationales en 1931, et le manuscrit en semble aujourd&#8217;hui perdu. Le dernier po\u00e8me paru du vivant de Lucien Bourgeois date de 1945. Ces quelques po\u00e8mes rescap\u00e9s, par \u00ab\u00a0un po\u00e8te in\u00e9dit du prol\u00e9tariat fran\u00e7ais\u00a0\u00bb (Arnold Br\u00e9mond), nous ont sembl\u00e9 porteurs d&#8217;une \u00e9motion suffisamment profonde pour m\u00e9riter d&#8217;\u00eatre rassembl\u00e9s et partag\u00e9s.<\/p>\n","protected":false},"excerpt":{"rendered":"<p>L&#8217;\u00e9crivain ouvrier Lucien Bourgeois (1882-1947) ne publia en volume que sa br\u00e8ve autobiographie, L&#8217;Ascension (1925), et un recueil de douze r\u00e9cits prol\u00e9tariens, Faubourgs (1931), tous deux r\u00e9\u00e9dit\u00e9s sur nos presses. Les po\u00e8mes du pr\u00e9sent recueil couvrent une grande partie de sa vie. Les premiers ont \u00e9t\u00e9 publi\u00e9s en 1906 dans la Revue socialiste. Ils sont [&hellip;]<\/p>\n","protected":false},"featured_media":43422,"template":"","meta":{"_acf_changed":false,"_genesis_hide_title":false,"_genesis_hide_breadcrumbs":false,"_genesis_hide_singular_image":false,"_genesis_hide_footer_widgets":false,"_genesis_custom_body_class":"","_genesis_custom_post_class":"","_genesis_layout":""},"product_brand":[],"product_cat":[7133,7175,7181],"product_tag":[],"class_list":{"0":"post-43424","1":"product","2":"type-product","3":"status-publish","4":"has-post-thumbnail","6":"product_cat-libres-oc","7":"product_cat-literatura-oc","8":"product_cat-poesia-oc","9":"pa_auteur-bourgeois-lucien-oc","10":"pa_editeur-plein-chant-oc","11":"pa_langue-francais-oc","12":"entry","14":"first","15":"outofstock","16":"shipping-taxable","17":"purchasable","18":"product-type-simple"},"acf":[],"_links":{"self":[{"href":"https:\/\/www.libraria-occitana.org\/oc\/wp-json\/wp\/v2\/product\/43424","targetHints":{"allow":["GET"]}}],"collection":[{"href":"https:\/\/www.libraria-occitana.org\/oc\/wp-json\/wp\/v2\/product"}],"about":[{"href":"https:\/\/www.libraria-occitana.org\/oc\/wp-json\/wp\/v2\/types\/product"}],"wp:featuredmedia":[{"embeddable":true,"href":"https:\/\/www.libraria-occitana.org\/oc\/wp-json\/wp\/v2\/media\/43422"}],"wp:attachment":[{"href":"https:\/\/www.libraria-occitana.org\/oc\/wp-json\/wp\/v2\/media?parent=43424"}],"wp:term":[{"taxonomy":"product_brand","embeddable":true,"href":"https:\/\/www.libraria-occitana.org\/oc\/wp-json\/wp\/v2\/product_brand?post=43424"},{"taxonomy":"product_cat","embeddable":true,"href":"https:\/\/www.libraria-occitana.org\/oc\/wp-json\/wp\/v2\/product_cat?post=43424"},{"taxonomy":"product_tag","embeddable":true,"href":"https:\/\/www.libraria-occitana.org\/oc\/wp-json\/wp\/v2\/product_tag?post=43424"}],"curies":[{"name":"wp","href":"https:\/\/api.w.org\/{rel}","templated":true}]}}