{"id":43436,"date":"1985-11-18T10:38:41","date_gmt":"1985-11-18T09:38:41","guid":{"rendered":"http:\/\/www.libraria-occitana.org\/?post_type=product&#038;p=43436"},"modified":"2025-03-09T01:56:05","modified_gmt":"2025-03-09T00:56:05","slug":"theresa-autres-recits-de-la-vie-ordinaire","status":"publish","type":"product","link":"https:\/\/www.libraria-occitana.org\/oc\/produch\/theresa-autres-recits-de-la-vie-ordinaire\/","title":{"rendered":"Th\u00e9r\u00e9sa &#038; autres r\u00e9cits de la vie ordinaire"},"content":{"rendered":"<p>Les sujets des neuf nouvelles pr\u00e9sent\u00e9es ici sont tous puis\u00e9s dans la vie de gens ordinaires aux prises avec leur quotidien. Th\u00e9r\u00e9sa, l&#8217;immigr\u00e9e italienne \u00e0 la remorque d\u2019un mari qui a plus ou \u00ab\u00a0r\u00e9ussi\u00a0\u00bb dans le b\u00e2timent\u00a0; Johny, le conducteur de bulldozer et ses souvenirs amers\u00a0; Georges, l&#8217;ouvrier alcoolique face \u00e0 l\u2019\u00e9chec de son existence\u00a0; Francette, l&#8217;aide-m\u00e9nag\u00e8re, avec les vieilles ouvri\u00e8res dont elle a la charge\u00a0; Jo, le batteur fou de musique exil\u00e9 dans un orchestre \u00e0 flons-flons\u00a0; Hans, le routard \u00e0 la recherche d\u2019un havre\u00a0; Tony, le turfiste menac\u00e9 de licenciement\u00a0: autant de personnages banals que tous nous avons crois\u00e9s un jour sans penser \u00e0 leur histoire, \u00e0 leurs r\u00eaves \u00e0 leurs souffrances.<\/p>\n<p>R\u00e9gis Phily qui est des leurs les a longuement c\u00f4toy\u00e9s, a partag\u00e9 leurs journ\u00e9es, leur vie qui n&#8217;int\u00e9resse personne et dans lesquelles pourtant chacun peut se retrouver. Il nous les restitue dans toute la brutalit\u00e9, la v\u00e9rit\u00e9, de ses observations, en t\u00e9moin qui a des id\u00e9es sur la litt\u00e9rature et sur l&#8217;action concr\u00e8te et qui tente de les harmoniser \u00e0 travers son livre :\u00a0\u00ab Toujours lire, \u00e9couter, \u00e9crire, un besoin, une passion, pour t\u00e9moigner et clamer : Nous aussi nous pouvons nous exprimer&#8230; \u00bb<\/p>\n","protected":false},"excerpt":{"rendered":"<p>Les sujets des neuf nouvelles pr\u00e9sent\u00e9es ici sont tous puis\u00e9s dans la vie de gens ordinaires aux prises avec leur quotidien. Th\u00e9r\u00e9sa, l&#8217;immigr\u00e9e italienne \u00e0 la remorque d\u2019un mari qui a plus ou \u00ab\u00a0r\u00e9ussi\u00a0\u00bb dans le b\u00e2timent\u00a0; Johny, le conducteur de bulldozer et ses souvenirs amers\u00a0; Georges, l&#8217;ouvrier alcoolique face \u00e0 l\u2019\u00e9chec de son existence\u00a0; [&hellip;]<\/p>\n","protected":false},"featured_media":43434,"template":"","meta":{"_acf_changed":false,"_genesis_hide_title":false,"_genesis_hide_breadcrumbs":false,"_genesis_hide_singular_image":false,"_genesis_hide_footer_widgets":false,"_genesis_custom_body_class":"","_genesis_custom_post_class":"","_genesis_layout":""},"product_brand":[],"product_cat":[7133,7175,7183],"product_tag":[],"class_list":{"0":"post-43436","1":"product","2":"type-product","3":"status-publish","4":"has-post-thumbnail","6":"product_cat-libres-oc","7":"product_cat-literatura-oc","8":"product_cat-romans-novelas-oc","9":"pa_auteur-phily-regis-oc","10":"pa_editeur-plein-chant-oc","11":"pa_langue-francais-oc","12":"entry","14":"first","15":"instock","16":"shipping-taxable","17":"purchasable","18":"product-type-simple"},"acf":[],"_links":{"self":[{"href":"https:\/\/www.libraria-occitana.org\/oc\/wp-json\/wp\/v2\/product\/43436","targetHints":{"allow":["GET"]}}],"collection":[{"href":"https:\/\/www.libraria-occitana.org\/oc\/wp-json\/wp\/v2\/product"}],"about":[{"href":"https:\/\/www.libraria-occitana.org\/oc\/wp-json\/wp\/v2\/types\/product"}],"wp:featuredmedia":[{"embeddable":true,"href":"https:\/\/www.libraria-occitana.org\/oc\/wp-json\/wp\/v2\/media\/43434"}],"wp:attachment":[{"href":"https:\/\/www.libraria-occitana.org\/oc\/wp-json\/wp\/v2\/media?parent=43436"}],"wp:term":[{"taxonomy":"product_brand","embeddable":true,"href":"https:\/\/www.libraria-occitana.org\/oc\/wp-json\/wp\/v2\/product_brand?post=43436"},{"taxonomy":"product_cat","embeddable":true,"href":"https:\/\/www.libraria-occitana.org\/oc\/wp-json\/wp\/v2\/product_cat?post=43436"},{"taxonomy":"product_tag","embeddable":true,"href":"https:\/\/www.libraria-occitana.org\/oc\/wp-json\/wp\/v2\/product_tag?post=43436"}],"curies":[{"name":"wp","href":"https:\/\/api.w.org\/{rel}","templated":true}]}}