{"id":43471,"date":"1987-09-18T11:33:53","date_gmt":"1987-09-18T09:33:53","guid":{"rendered":"http:\/\/www.libraria-occitana.org\/?post_type=product&#038;p=43471"},"modified":"2025-03-09T02:02:24","modified_gmt":"2025-03-09T01:02:24","slug":"usines-recits-de-jeunesse","status":"publish","type":"product","link":"https:\/\/www.libraria-occitana.org\/oc\/produch\/usines-recits-de-jeunesse\/","title":{"rendered":"Usines : R\u00e9cits de jeunesse"},"content":{"rendered":"<p>N\u00e9 en 1912 de parents ouvriers, Jules Mougin a exerc\u00e9 \u00ab le plus beau m\u00e9tier du monde \u00bb ; celui de facteur rural au Revest-des-Brousses pr\u00e8s de Manosque o\u00f9 l&#8217;avait attir\u00e9, avec son \u00e9pouse, l&#8217;influence de Jean Giono. Plus connu aujourd&#8217;hui comme po\u00e8te et artiste \u00ab\u00a0brut\u00a0\u00bb, pacifiste inv\u00e9t\u00e9r\u00e9, infatigable \u00e9pistolier, Mougin dessine et sculpte \u00e0 partir de mat\u00e9riaux de r\u00e9cup\u00e9ration. Dans sa retraite angevine, il collectionne les bois peints, les cailloux, les bo\u00eetes, les poup\u00e9es, les cravates, les chapeaux melons\u2026 Cela ne doit pas faire oublier ses d\u00e9buts dans les ann\u00e9es 40, o\u00f9 son nom voisina fr\u00e9quemment au fronton des revues de po\u00e9sie ouvri\u00e8re avec ceux de Jean l&#8217;Anselme, Jean Vodaine, Gaston Chaissac ou Michel Ragon. Ce petit livre est de cette veine qui nous conte en trois brefs r\u00e9cits des \u00e9pisodes de son enfance dans le Nord de la France et dans le Paris populaire des ann\u00e9es 20. Un quatri\u00e8me texte, plus litt\u00e9raire, nous permet de mesurer combien Giono a pu marquer Mougin qui devait plus tard placer sa propre maison sous le signe de \u00ab\u00a0Baumugnes \u00bb. L&#8217;ensemble, pr\u00e8s de soixante-dix ans apr\u00e8s sa premi\u00e8re parution, a conserv\u00e9 tout son pouvoir d&#8217;\u00e9motion.<\/p>\n","protected":false},"excerpt":{"rendered":"<p>N\u00e9 en 1912 de parents ouvriers, Jules Mougin a exerc\u00e9 \u00ab le plus beau m\u00e9tier du monde \u00bb ; celui de facteur rural au Revest-des-Brousses pr\u00e8s de Manosque o\u00f9 l&#8217;avait attir\u00e9, avec son \u00e9pouse, l&#8217;influence de Jean Giono. Plus connu aujourd&#8217;hui comme po\u00e8te et artiste \u00ab\u00a0brut\u00a0\u00bb, pacifiste inv\u00e9t\u00e9r\u00e9, infatigable \u00e9pistolier, Mougin dessine et sculpte \u00e0 [&hellip;]<\/p>\n","protected":false},"featured_media":43469,"template":"","meta":{"_acf_changed":false,"_genesis_hide_title":false,"_genesis_hide_breadcrumbs":false,"_genesis_hide_singular_image":false,"_genesis_hide_footer_widgets":false,"_genesis_custom_body_class":"","_genesis_custom_post_class":"","_genesis_layout":""},"product_brand":[],"product_cat":[7133,7175,7187],"product_tag":[],"class_list":{"0":"post-43471","1":"product","2":"type-product","3":"status-publish","4":"has-post-thumbnail","6":"product_cat-libres-oc","7":"product_cat-literatura-oc","8":"product_cat-temonhatges-memoris-oc","9":"pa_auteur-mougin-jules-oc","10":"pa_editeur-plein-chant-oc","11":"pa_langue-francais-oc","12":"entry","14":"first","15":"instock","16":"shipping-taxable","17":"purchasable","18":"product-type-simple"},"acf":[],"_links":{"self":[{"href":"https:\/\/www.libraria-occitana.org\/oc\/wp-json\/wp\/v2\/product\/43471","targetHints":{"allow":["GET"]}}],"collection":[{"href":"https:\/\/www.libraria-occitana.org\/oc\/wp-json\/wp\/v2\/product"}],"about":[{"href":"https:\/\/www.libraria-occitana.org\/oc\/wp-json\/wp\/v2\/types\/product"}],"wp:featuredmedia":[{"embeddable":true,"href":"https:\/\/www.libraria-occitana.org\/oc\/wp-json\/wp\/v2\/media\/43469"}],"wp:attachment":[{"href":"https:\/\/www.libraria-occitana.org\/oc\/wp-json\/wp\/v2\/media?parent=43471"}],"wp:term":[{"taxonomy":"product_brand","embeddable":true,"href":"https:\/\/www.libraria-occitana.org\/oc\/wp-json\/wp\/v2\/product_brand?post=43471"},{"taxonomy":"product_cat","embeddable":true,"href":"https:\/\/www.libraria-occitana.org\/oc\/wp-json\/wp\/v2\/product_cat?post=43471"},{"taxonomy":"product_tag","embeddable":true,"href":"https:\/\/www.libraria-occitana.org\/oc\/wp-json\/wp\/v2\/product_tag?post=43471"}],"curies":[{"name":"wp","href":"https:\/\/api.w.org\/{rel}","templated":true}]}}