{"id":43477,"date":"2017-06-18T11:40:36","date_gmt":"2017-06-18T09:40:36","guid":{"rendered":"http:\/\/www.libraria-occitana.org\/?post_type=product&#038;p=43477"},"modified":"2026-04-18T00:52:02","modified_gmt":"2026-04-17T22:52:02","slug":"leternitat-estraviada-leternite-egaree","status":"publish","type":"product","link":"https:\/\/www.libraria-occitana.org\/oc\/produch\/leternitat-estraviada-leternite-egaree\/","title":{"rendered":"L\u2019Eternitat estraviada &#8211; L\u2019\u00c9ternit\u00e9 \u00e9gar\u00e9e"},"content":{"rendered":"<p>Ces quatre nouvelles de Jean-Yves Casanova nous conduisent d&#8217;Irlande \u00e0 la Corse en passant par Londres et la Haute-Provence. Le ton de l&#8217;ensemble est donn\u00e9 par <em>L&#8217;\u00e9ternit\u00e9 \u00e9gar\u00e9e<\/em>, ton proche des <em>Dubliners<\/em> de Joyce, m\u00eame si le texte se pr\u00e9occupe de toute autre chose.<br \/>\nCes quatre textes sont pr\u00e9occup\u00e9s par l&#8217;attente, le devenir des gens, de leurs personnalit\u00e9s, de leurs pens\u00e9es, des corps comme des \u00e2mes, devenir qu&#8217;accompagne la fuite du temps&#8230;<\/p>\n","protected":false},"excerpt":{"rendered":"<p>Ces quatre nouvelles de Jean-Yves Casanova nous conduisent d&#8217;Irlande \u00e0 la Corse en passant par Londres et la Haute-Provence. Le ton de l&#8217;ensemble est donn\u00e9 par L&#8217;\u00e9ternit\u00e9 \u00e9gar\u00e9e, ton proche des Dubliners de Joyce, m\u00eame si le texte se pr\u00e9occupe de toute autre chose. Ces quatre textes sont pr\u00e9occup\u00e9s par l&#8217;attente, le devenir des gens, [&hellip;]<\/p>\n","protected":false},"featured_media":43475,"template":"","meta":{"_acf_changed":false,"_genesis_hide_title":false,"_genesis_hide_breadcrumbs":false,"_genesis_hide_singular_image":false,"_genesis_hide_footer_widgets":false,"_genesis_custom_body_class":"","_genesis_custom_post_class":"","_genesis_layout":""},"product_brand":[],"product_cat":[7133,7175,7183],"product_tag":[],"class_list":{"0":"post-43477","1":"product","2":"type-product","3":"status-publish","4":"has-post-thumbnail","6":"product_cat-libres-oc","7":"product_cat-literatura-oc","8":"product_cat-romans-novelas-oc","9":"pa_auteur-casanova-jean-yves-oc","10":"pa_editeur-lauceu-libre-oc","11":"pa_langue-occitan-provencau-oc","12":"pa_langue-occitan-francais-oc","13":"entry","15":"first","16":"instock","17":"shipping-taxable","18":"purchasable","19":"product-type-simple"},"acf":[],"_links":{"self":[{"href":"https:\/\/www.libraria-occitana.org\/oc\/wp-json\/wp\/v2\/product\/43477","targetHints":{"allow":["GET"]}}],"collection":[{"href":"https:\/\/www.libraria-occitana.org\/oc\/wp-json\/wp\/v2\/product"}],"about":[{"href":"https:\/\/www.libraria-occitana.org\/oc\/wp-json\/wp\/v2\/types\/product"}],"wp:featuredmedia":[{"embeddable":true,"href":"https:\/\/www.libraria-occitana.org\/oc\/wp-json\/wp\/v2\/media\/43475"}],"wp:attachment":[{"href":"https:\/\/www.libraria-occitana.org\/oc\/wp-json\/wp\/v2\/media?parent=43477"}],"wp:term":[{"taxonomy":"product_brand","embeddable":true,"href":"https:\/\/www.libraria-occitana.org\/oc\/wp-json\/wp\/v2\/product_brand?post=43477"},{"taxonomy":"product_cat","embeddable":true,"href":"https:\/\/www.libraria-occitana.org\/oc\/wp-json\/wp\/v2\/product_cat?post=43477"},{"taxonomy":"product_tag","embeddable":true,"href":"https:\/\/www.libraria-occitana.org\/oc\/wp-json\/wp\/v2\/product_tag?post=43477"}],"curies":[{"name":"wp","href":"https:\/\/api.w.org\/{rel}","templated":true}]}}