{"id":43501,"date":"2017-10-18T13:47:40","date_gmt":"2017-10-18T11:47:40","guid":{"rendered":"http:\/\/www.libraria-occitana.org\/?post_type=product&#038;p=43501"},"modified":"2026-04-25T01:21:09","modified_gmt":"2026-04-24T23:21:09","slug":"raconte-meravihous-de-prouvenco-contes-merveilleux-de-provence","status":"publish","type":"product","link":"https:\/\/www.libraria-occitana.org\/oc\/produch\/raconte-meravihous-de-prouvenco-contes-merveilleux-de-provence\/","title":{"rendered":"Raconte meravihous de Prouv\u00e8n\u00e7o &#8211; Contes merveilleux de Provence"},"content":{"rendered":"<p>En proven\u00e7al graphie mistralienne accompagn\u00e9 d&#8217;une traduction fran\u00e7aise en suivant.<\/p>\n<p>Les \u00e9crivains proven\u00e7aux ont bien compris qu&#8217;une v\u00e9ritable langue litt\u00e9raire se devait de ne pas n\u00e9gliger la prose, la langue telle qu&#8217;elle \u00e9tait pratiqu\u00e9e et parl\u00e9e dans la vie quotidienne. Au d\u00e9but, ces textes \u00e9taient le plus souvent assez courts, d&#8217;autant qu&#8217;ils paraissaient dans des revues ou des publications p\u00e9riodiques ou r\u00e9guli\u00e8res telles que <em>L&#8217;Armana Prouven\u00e7au<\/em>. Plus tard, il y aura bien s\u00fbr la composition d&#8217;\u0153uvres plus amples.<br \/>\nDans cette profusion de textes courts et ramass\u00e9s, il ne faut pas voir un genre mineur ou d\u00e9pr\u00e9ci\u00e9. C&#8217;est ainsi que gr\u00e2ce \u00e0 Mireille Couston et Jean-Michel Jausseran, tout un pan de notre histoire litt\u00e9raire est remis \u00e0 la disposition du public proven\u00e7al. Qu&#8217;ils en soient remerci\u00e9s.<\/p>\n<p style=\"text-align: right;\">Remy Venture<\/p>\n<p>Avec des textes de Joseph d&#8217;Arbaud, Folco de Baroncelli-Javon, Val\u00e8re Bernard, \u00c9tienne Br\u00e9mond, Fernand Cl\u00e9ment, Andr\u00e9 Compan, Alphonse Daudet, Henriette Dibon, Bruno Durand, Charles Galtier, Marie Gasquet, Fran\u00e7ois Jouve, Marius Jouveau, Anselme Mathieu, Fr\u00e9d\u00e9ric Mistral, Pierre Pansier, Louis Remacle, Charles Rieu, Joseph Roumanille, Raymond Tallet.<\/p>\n<p><a href=\"http:\/\/Raconte de Prouv\u00e8n\u00e7o - Contes et r\u00e9cits de Provence\"><em>Raconte de Prouv\u00e8n\u00e7o &#8211; Contes et r\u00e9cits de Provence<\/em><\/a><\/p>\n","protected":false},"excerpt":{"rendered":"<p>En proven\u00e7al graphie mistralienne accompagn\u00e9 d&#8217;une traduction fran\u00e7aise en suivant. Les \u00e9crivains proven\u00e7aux ont bien compris qu&#8217;une v\u00e9ritable langue litt\u00e9raire se devait de ne pas n\u00e9gliger la prose, la langue telle qu&#8217;elle \u00e9tait pratiqu\u00e9e et parl\u00e9e dans la vie quotidienne. Au d\u00e9but, ces textes \u00e9taient le plus souvent assez courts, d&#8217;autant qu&#8217;ils paraissaient dans des [&hellip;]<\/p>\n","protected":false},"featured_media":43499,"template":"","meta":{"_acf_changed":false,"_genesis_hide_title":false,"_genesis_hide_breadcrumbs":false,"_genesis_hide_singular_image":false,"_genesis_hide_footer_widgets":false,"_genesis_custom_body_class":"","_genesis_custom_post_class":"","_genesis_layout":""},"product_brand":[],"product_cat":[7177,7133,7175,7183],"product_tag":[],"class_list":{"0":"post-43501","1":"product","2":"type-product","3":"status-publish","4":"has-post-thumbnail","6":"product_cat-contes-fablas-oc","7":"product_cat-libres-oc","8":"product_cat-literatura-oc","9":"product_cat-romans-novelas-oc","10":"pa_auteur-couston-mireille-oc","11":"pa_auteur-jausseran-jean-michel-oc","12":"pa_editeur-lauceu-libre-oc","13":"pa_illustrateur-braun-mina-oc","14":"pa_langue-occitan-provencau-oc","15":"pa_langue-occitan-francais-oc","16":"entry","18":"first","19":"instock","20":"shipping-taxable","21":"purchasable","22":"product-type-simple"},"acf":[],"_links":{"self":[{"href":"https:\/\/www.libraria-occitana.org\/oc\/wp-json\/wp\/v2\/product\/43501","targetHints":{"allow":["GET"]}}],"collection":[{"href":"https:\/\/www.libraria-occitana.org\/oc\/wp-json\/wp\/v2\/product"}],"about":[{"href":"https:\/\/www.libraria-occitana.org\/oc\/wp-json\/wp\/v2\/types\/product"}],"wp:featuredmedia":[{"embeddable":true,"href":"https:\/\/www.libraria-occitana.org\/oc\/wp-json\/wp\/v2\/media\/43499"}],"wp:attachment":[{"href":"https:\/\/www.libraria-occitana.org\/oc\/wp-json\/wp\/v2\/media?parent=43501"}],"wp:term":[{"taxonomy":"product_brand","embeddable":true,"href":"https:\/\/www.libraria-occitana.org\/oc\/wp-json\/wp\/v2\/product_brand?post=43501"},{"taxonomy":"product_cat","embeddable":true,"href":"https:\/\/www.libraria-occitana.org\/oc\/wp-json\/wp\/v2\/product_cat?post=43501"},{"taxonomy":"product_tag","embeddable":true,"href":"https:\/\/www.libraria-occitana.org\/oc\/wp-json\/wp\/v2\/product_tag?post=43501"}],"curies":[{"name":"wp","href":"https:\/\/api.w.org\/{rel}","templated":true}]}}