{"id":43542,"date":"2004-07-18T15:06:17","date_gmt":"2004-07-18T13:06:17","guid":{"rendered":"http:\/\/www.libraria-occitana.org\/?post_type=product&#038;p=43542"},"modified":"2026-04-29T01:26:06","modified_gmt":"2026-04-28T23:26:06","slug":"babali","status":"publish","type":"product","link":"https:\/\/www.libraria-occitana.org\/oc\/produch\/babali\/","title":{"rendered":"Babali"},"content":{"rendered":"<p>En proven\u00e7al graphie mistralienne avec la traduction fran\u00e7aise en regard.<\/p>\n<blockquote>\n<p>Au quarti\u00e9 di Rodo, en Avignoun, quau n\u2019a pas ausi parla, p\u00e8r lis ancian, de la pauro Babali ? \u00c8ro tant bello em\u00e9 sa palo caro d\u2019Espagnolo, si grands iue negre e si sege an ! Lou matin, quand passavo long de la Sorgo souto li platano di Tenchuri\u00e9, li veto de sa catalano blanco abandounado \u00e0 l\u2019auro, de tant qu\u2019\u00e8ro galanto l\u2019aurias begudo.<\/p>\n<p><em>Au quartier des Roues, en Avignon, qui donc n\u2019a point entendu les vieillards parler de la pauvre Babali ? Elle \u00e9tait si belle avec son p\u00e2le visage d\u2019espagnole, ses grands yeux noirs et ses seize ans ! Le matin, quand elle longeait la Sorgue sous les platanes des Teinturiers, les attaches de sa catalane blanche abandonn\u00e9es au vent, on l\u2019e\u00fbt croqu\u00e9e, tant elle \u00e9tait gentille !<\/em><\/p>\n<\/blockquote>\n<p><em>Babali<\/em> est un texte en prose du marquis Folco de Baroncelli, po\u00e8te, manadier, et disciple de Fr\u00e9d\u00e9ric Mistral. C\u2019est l\u2019histoire romantique d\u2019une petite brosseuse d\u2019indienne d\u2019Avignon, \u2018de cette indienne \u00e0 fleurs et \u00e0 ramages dont les Proven\u00e7ales se faisaient des fichus\u2019 qui tombe amoureuse d\u2019un beau et jeune gardian de Camargue.<\/p>\n<p>Texte court, \u00e9crit dans un proven\u00e7al beau et simple, ce texte publi\u00e9 dans les deux langues permet aux Proven\u00e7aux encore peu familiers avec leur langue d\u2019origine de lire un texte en proven\u00e7al avec facilit\u00e9.<\/p>\n","protected":false},"excerpt":{"rendered":"<p>En proven\u00e7al graphie mistralienne avec la traduction fran\u00e7aise en regard. Au quarti\u00e9 di Rodo, en Avignoun, quau n\u2019a pas ausi parla, p\u00e8r lis ancian, de la pauro Babali ? \u00c8ro tant bello em\u00e9 sa palo caro d\u2019Espagnolo, si grands iue negre e si sege an ! Lou matin, quand passavo long de la Sorgo souto [&hellip;]<\/p>\n","protected":false},"featured_media":43540,"template":"","meta":{"_acf_changed":false,"_genesis_hide_title":false,"_genesis_hide_breadcrumbs":false,"_genesis_hide_singular_image":false,"_genesis_hide_footer_widgets":false,"_genesis_custom_body_class":"","_genesis_custom_post_class":"","_genesis_layout":""},"product_brand":[],"product_cat":[7133,7175,7183],"product_tag":[],"class_list":{"0":"post-43542","1":"product","2":"type-product","3":"status-publish","4":"has-post-thumbnail","6":"product_cat-libres-oc","7":"product_cat-literatura-oc","8":"product_cat-romans-novelas-oc","9":"pa_auteur-de-baroncelli-folco-oc","10":"pa_editeur-lauceu-libre-oc","11":"pa_illustrateur-guiffrey-solange-oc","12":"pa_langue-occitan-provencau-oc","13":"pa_langue-occitan-francais-oc","14":"entry","16":"first","17":"instock","18":"shipping-taxable","19":"purchasable","20":"product-type-simple"},"acf":[],"_links":{"self":[{"href":"https:\/\/www.libraria-occitana.org\/oc\/wp-json\/wp\/v2\/product\/43542","targetHints":{"allow":["GET"]}}],"collection":[{"href":"https:\/\/www.libraria-occitana.org\/oc\/wp-json\/wp\/v2\/product"}],"about":[{"href":"https:\/\/www.libraria-occitana.org\/oc\/wp-json\/wp\/v2\/types\/product"}],"wp:featuredmedia":[{"embeddable":true,"href":"https:\/\/www.libraria-occitana.org\/oc\/wp-json\/wp\/v2\/media\/43540"}],"wp:attachment":[{"href":"https:\/\/www.libraria-occitana.org\/oc\/wp-json\/wp\/v2\/media?parent=43542"}],"wp:term":[{"taxonomy":"product_brand","embeddable":true,"href":"https:\/\/www.libraria-occitana.org\/oc\/wp-json\/wp\/v2\/product_brand?post=43542"},{"taxonomy":"product_cat","embeddable":true,"href":"https:\/\/www.libraria-occitana.org\/oc\/wp-json\/wp\/v2\/product_cat?post=43542"},{"taxonomy":"product_tag","embeddable":true,"href":"https:\/\/www.libraria-occitana.org\/oc\/wp-json\/wp\/v2\/product_tag?post=43542"}],"curies":[{"name":"wp","href":"https:\/\/api.w.org\/{rel}","templated":true}]}}