{"id":43590,"date":"2018-04-18T16:38:04","date_gmt":"2018-04-18T14:38:04","guid":{"rendered":"http:\/\/www.libraria-occitana.org\/?post_type=product&#038;p=43590"},"modified":"2026-04-29T10:33:44","modified_gmt":"2026-04-29T08:33:44","slug":"faucher-et-recolter-a-la-main","status":"publish","type":"product","link":"https:\/\/www.libraria-occitana.org\/oc\/produch\/faucher-et-recolter-a-la-main\/","title":{"rendered":"Faucher et r\u00e9colter \u00e0 la main"},"content":{"rendered":"<p>La faux est un outil \u00e0 la port\u00e9e de tous, \u00e0 la fois \u00e9cologique et \u00e9conomique, pourvu que sa manipulation et son entretien soient ma\u00eetris\u00e9s. Dans cet ouvrage, Ian Miller initie le lecteur \u00e0 l&#8217;art du fauchage, \u00e0 l&#8217;\u00e9chelle d&#8217;un jardin, d&#8217;un champ ou d&#8217;un pr\u00e9. Gr\u00e2ce \u00e0 des illustrations et conseils pr\u00e9cis, toutes les \u00e9tapes pour apprendre \u00e0 se servir d&#8217;une faux sont expliqu\u00e9es (choix du mat\u00e9riel, manipulation de l&#8217;outil, r\u00e9glages, battage, aiguisage, bonne posture, etc).<br \/>\nEt pour tous ceux qui souhaitent acqu\u00e9rir encore plus d&#8217;autonomie dans leurs pratiques, Ian Miller d\u00e9taille deux usages pr\u00e9cis de la faux : la r\u00e9alisation de son foin et de ses c\u00e9r\u00e9ales.<\/p>\n<p>\u00ab \u00c9crire sur la fauche \u00e0 la main, c&#8217;est attirer l&#8217;attention sur la relation directe entre la plante et le jardinier. La faux [&#8230;] n&#8217;impose pas l&#8217;autorit\u00e9 de sa puissance comme le font les tondeuses, dont le pouvoir extr\u00eame est de chasser du cerveau les utiles questions que pose la nature avec qui peut s&#8217;instaurer un dialogue. On coupe ou on ne coupe pas ? Avec la machine, on n&#8217;a pas le temps de r\u00e9pondre. \u00bb<\/p>\n<p style=\"text-align: right;\">Gilles Cl\u00e9ment<\/p>\n","protected":false},"excerpt":{"rendered":"<p>La faux est un outil \u00e0 la port\u00e9e de tous, \u00e0 la fois \u00e9cologique et \u00e9conomique, pourvu que sa manipulation et son entretien soient ma\u00eetris\u00e9s. Dans cet ouvrage, Ian Miller initie le lecteur \u00e0 l&#8217;art du fauchage, \u00e0 l&#8217;\u00e9chelle d&#8217;un jardin, d&#8217;un champ ou d&#8217;un pr\u00e9. Gr\u00e2ce \u00e0 des illustrations et conseils pr\u00e9cis, toutes les [&hellip;]<\/p>\n","protected":false},"featured_media":51524,"template":"","meta":{"_acf_changed":false,"_genesis_hide_title":false,"_genesis_hide_breadcrumbs":false,"_genesis_hide_singular_image":false,"_genesis_hide_footer_widgets":false,"_genesis_custom_body_class":"","_genesis_custom_post_class":"","_genesis_layout":""},"product_brand":[],"product_cat":[7133,7213,7197,7201,7207],"product_tag":[],"class_list":{"0":"post-43590","1":"product","2":"type-product","3":"status-publish","4":"has-post-thumbnail","6":"product_cat-libres-oc","7":"product_cat-metiers-saubre-far-oc","8":"product_cat-natura-torisme-oc","9":"product_cat-natura-vargier-oc","10":"product_cat-tradicions-patrimoni-oc","11":"pa_auteur-miller-ian-oc","12":"pa_editeur-editions-ulmer-oc","13":"pa_illustrateur-petit-elsa-oc","14":"pa_langue-francais-oc","15":"entry","17":"first","18":"outofstock","19":"shipping-taxable","20":"purchasable","21":"product-type-simple"},"acf":[],"_links":{"self":[{"href":"https:\/\/www.libraria-occitana.org\/oc\/wp-json\/wp\/v2\/product\/43590","targetHints":{"allow":["GET"]}}],"collection":[{"href":"https:\/\/www.libraria-occitana.org\/oc\/wp-json\/wp\/v2\/product"}],"about":[{"href":"https:\/\/www.libraria-occitana.org\/oc\/wp-json\/wp\/v2\/types\/product"}],"wp:featuredmedia":[{"embeddable":true,"href":"https:\/\/www.libraria-occitana.org\/oc\/wp-json\/wp\/v2\/media\/51524"}],"wp:attachment":[{"href":"https:\/\/www.libraria-occitana.org\/oc\/wp-json\/wp\/v2\/media?parent=43590"}],"wp:term":[{"taxonomy":"product_brand","embeddable":true,"href":"https:\/\/www.libraria-occitana.org\/oc\/wp-json\/wp\/v2\/product_brand?post=43590"},{"taxonomy":"product_cat","embeddable":true,"href":"https:\/\/www.libraria-occitana.org\/oc\/wp-json\/wp\/v2\/product_cat?post=43590"},{"taxonomy":"product_tag","embeddable":true,"href":"https:\/\/www.libraria-occitana.org\/oc\/wp-json\/wp\/v2\/product_tag?post=43590"}],"curies":[{"name":"wp","href":"https:\/\/api.w.org\/{rel}","templated":true}]}}