{"id":43625,"date":"2015-12-19T09:53:59","date_gmt":"2015-12-19T08:53:59","guid":{"rendered":"http:\/\/www.libraria-occitana.org\/?post_type=product&#038;p=43625"},"modified":"2026-04-25T21:06:13","modified_gmt":"2026-04-25T19:06:13","slug":"huit-siecles-de-litterature-occitane-en-auvergne-et-velay-morceaux-choisis","status":"publish","type":"product","link":"https:\/\/www.libraria-occitana.org\/oc\/produch\/huit-siecles-de-litterature-occitane-en-auvergne-et-velay-morceaux-choisis\/","title":{"rendered":"Huit si\u00e8cles de litt\u00e9rature occitane en Auvergne et Velay : Morceaux choisis"},"content":{"rendered":"<p>Entre les po\u00e8mes raffin\u00e9s des troubadours du 12<sup>e<\/sup> si\u00e8cle et les \u00e9crits vari\u00e9s des auteurs actuels, huit si\u00e8cles se sont \u00e9coul\u00e9s. Au cours de cette p\u00e9riode, de nombreux auteurs ont illustr\u00e9 avec talent les genres litt\u00e9raires de leur temps : po\u00e9sie, prose, th\u00e9\u00e2tre\u2026<\/p>\n<p>C\u2019est un panorama de cette riche litt\u00e9rature que pr\u00e9sente cet ouvrage en proposant une trentaine de morceaux choisis, des origines de notre langue aux auteurs d&#8217;aujourd&#8217;hui.<\/p>\n<p>La richesse ancienne, la vari\u00e9t\u00e9, comme la vitalit\u00e9 contemporaine de cette litt\u00e9rature \u00e9crite en occitan seront une r\u00e9v\u00e9lation pour nombre de lecteurs. Pour tous, ce sera le plaisir de d\u00e9couvrir ou de red\u00e9couvrir des voix trop longtemps inaudibles et un patrimoine litt\u00e9raire et linguistique extraordinaire.<\/p>\n","protected":false},"excerpt":{"rendered":"<p>Entre les po\u00e8mes raffin\u00e9s des troubadours du 12e si\u00e8cle et les \u00e9crits vari\u00e9s des auteurs actuels, huit si\u00e8cles se sont \u00e9coul\u00e9s. Au cours de cette p\u00e9riode, de nombreux auteurs ont illustr\u00e9 avec talent les genres litt\u00e9raires de leur temps : po\u00e9sie, prose, th\u00e9\u00e2tre\u2026 C\u2019est un panorama de cette riche litt\u00e9rature que pr\u00e9sente cet ouvrage en [&hellip;]<\/p>\n","protected":false},"featured_media":43623,"template":"","meta":{"_acf_changed":false,"_genesis_hide_title":false,"_genesis_hide_breadcrumbs":false,"_genesis_hide_singular_image":false,"_genesis_hide_footer_widgets":false,"_genesis_custom_body_class":"","_genesis_custom_post_class":"","_genesis_layout":""},"product_brand":[],"product_cat":[7189,7133,7175,7181,7185],"product_tag":[],"class_list":{"0":"post-43625","1":"product","2":"type-product","3":"status-publish","4":"has-post-thumbnail","6":"product_cat-estudis-literaris-oc","7":"product_cat-libres-oc","8":"product_cat-literatura-oc","9":"product_cat-poesia-oc","10":"product_cat-teatre-oc","11":"pa_auteur-roux-jean-oc","12":"pa_editeur-editions-emcc-oc","13":"pa_langue-occitan-auvernhat-oc","14":"pa_langue-occitan-lengadocian-oc","15":"pa_langue-occitan-medievau-oc","16":"pa_langue-occitan-francais-oc","17":"entry","19":"first","20":"instock","21":"shipping-taxable","22":"purchasable","23":"product-type-simple"},"acf":[],"_links":{"self":[{"href":"https:\/\/www.libraria-occitana.org\/oc\/wp-json\/wp\/v2\/product\/43625","targetHints":{"allow":["GET"]}}],"collection":[{"href":"https:\/\/www.libraria-occitana.org\/oc\/wp-json\/wp\/v2\/product"}],"about":[{"href":"https:\/\/www.libraria-occitana.org\/oc\/wp-json\/wp\/v2\/types\/product"}],"wp:featuredmedia":[{"embeddable":true,"href":"https:\/\/www.libraria-occitana.org\/oc\/wp-json\/wp\/v2\/media\/43623"}],"wp:attachment":[{"href":"https:\/\/www.libraria-occitana.org\/oc\/wp-json\/wp\/v2\/media?parent=43625"}],"wp:term":[{"taxonomy":"product_brand","embeddable":true,"href":"https:\/\/www.libraria-occitana.org\/oc\/wp-json\/wp\/v2\/product_brand?post=43625"},{"taxonomy":"product_cat","embeddable":true,"href":"https:\/\/www.libraria-occitana.org\/oc\/wp-json\/wp\/v2\/product_cat?post=43625"},{"taxonomy":"product_tag","embeddable":true,"href":"https:\/\/www.libraria-occitana.org\/oc\/wp-json\/wp\/v2\/product_tag?post=43625"}],"curies":[{"name":"wp","href":"https:\/\/api.w.org\/{rel}","templated":true}]}}