{"id":43682,"date":"2000-01-19T11:23:02","date_gmt":"2000-01-19T10:23:02","guid":{"rendered":"http:\/\/www.libraria-occitana.org\/?post_type=product&#038;p=43682"},"modified":"2026-04-17T23:41:50","modified_gmt":"2026-04-17T21:41:50","slug":"visages-de-mon-pays","status":"publish","type":"product","link":"https:\/\/www.libraria-occitana.org\/oc\/produch\/visages-de-mon-pays\/","title":{"rendered":"Visages de mon pays"},"content":{"rendered":"<p>En 1944-46 Ludovic Mass\u00e9 avait rassembl\u00e9 sous le titre <em>Visages de mon pays<\/em> des textes publi\u00e9s entre 1935 et 1938. Le sculpteur catalan Gustave Violet avait pr\u00e9par\u00e9 une s\u00e9rie de planches pour l\u2019illustration du volume, mais le projet de publication n\u2019aboutit pas.<\/p>\n<p>En 1984, sous ce titre les \u00e9ditions Plein Chant publiaient ces textes et d\u2019autres, li\u00e9s \u00e0 la Catalogne.<br \/>\nLa pr\u00e9sente \u00e9dition reprend cette compilation qui fait ressortir \u00e0 la fois tout l&#8217;attachement que Ludovic Mass\u00e9 vouait \u00e0 sa terre, hommes et paysages confondus, et le regard r\u00e9aliste et lucide qu&#8217;il savait porter sur les situations et les gens, en un lieu et pendant une p\u00e9riode particuli\u00e8rement douloureuse.<\/p>\n","protected":false},"excerpt":{"rendered":"<p>En 1944-46 Ludovic Mass\u00e9 avait rassembl\u00e9 sous le titre Visages de mon pays des textes publi\u00e9s entre 1935 et 1938. Le sculpteur catalan Gustave Violet avait pr\u00e9par\u00e9 une s\u00e9rie de planches pour l\u2019illustration du volume, mais le projet de publication n\u2019aboutit pas. En 1984, sous ce titre les \u00e9ditions Plein Chant publiaient ces textes et [&hellip;]<\/p>\n","protected":false},"featured_media":43680,"template":"","meta":{"_acf_changed":false,"_genesis_hide_title":false,"_genesis_hide_breadcrumbs":false,"_genesis_hide_singular_image":false,"_genesis_hide_footer_widgets":false,"_genesis_custom_body_class":"","_genesis_custom_post_class":"","_genesis_layout":""},"product_brand":[],"product_cat":[7133,7175,7183],"product_tag":[],"class_list":{"0":"post-43682","1":"product","2":"type-product","3":"status-publish","4":"has-post-thumbnail","6":"product_cat-libres-oc","7":"product_cat-literatura-oc","8":"product_cat-romans-novelas-oc","9":"pa_auteur-masse-ludovic-oc","10":"pa_editeur-trabucaire-oc","11":"pa_langue-francais-oc","12":"entry","14":"first","15":"instock","16":"shipping-taxable","17":"purchasable","18":"product-type-simple"},"acf":[],"_links":{"self":[{"href":"https:\/\/www.libraria-occitana.org\/oc\/wp-json\/wp\/v2\/product\/43682","targetHints":{"allow":["GET"]}}],"collection":[{"href":"https:\/\/www.libraria-occitana.org\/oc\/wp-json\/wp\/v2\/product"}],"about":[{"href":"https:\/\/www.libraria-occitana.org\/oc\/wp-json\/wp\/v2\/types\/product"}],"wp:featuredmedia":[{"embeddable":true,"href":"https:\/\/www.libraria-occitana.org\/oc\/wp-json\/wp\/v2\/media\/43680"}],"wp:attachment":[{"href":"https:\/\/www.libraria-occitana.org\/oc\/wp-json\/wp\/v2\/media?parent=43682"}],"wp:term":[{"taxonomy":"product_brand","embeddable":true,"href":"https:\/\/www.libraria-occitana.org\/oc\/wp-json\/wp\/v2\/product_brand?post=43682"},{"taxonomy":"product_cat","embeddable":true,"href":"https:\/\/www.libraria-occitana.org\/oc\/wp-json\/wp\/v2\/product_cat?post=43682"},{"taxonomy":"product_tag","embeddable":true,"href":"https:\/\/www.libraria-occitana.org\/oc\/wp-json\/wp\/v2\/product_tag?post=43682"}],"curies":[{"name":"wp","href":"https:\/\/api.w.org\/{rel}","templated":true}]}}