{"id":43718,"date":"2015-09-19T14:29:49","date_gmt":"2015-09-19T12:29:49","guid":{"rendered":"http:\/\/www.libraria-occitana.org\/?post_type=product&#038;p=43718"},"modified":"2025-03-09T00:32:14","modified_gmt":"2025-03-08T23:32:14","slug":"elva-suivi-de-dans-nos-bruyeres","status":"publish","type":"product","link":"https:\/\/www.libraria-occitana.org\/oc\/produch\/elva-suivi-de-dans-nos-bruyeres\/","title":{"rendered":"Elva, suivi de Dans nos bruy\u00e8res"},"content":{"rendered":"<p>N\u00e9e en Hollande d\u2019un gar\u00e7on d\u2019\u00e9curie et d\u2019une dentelli\u00e8re qui eurent neuf enfants, Neel Doff (1858-1942) connut dans son enfance et dans son adolescence une mis\u00e8re atroce, vivant dans les caves d\u2019Amsterdam ou des taudis d\u2019Anvers ou de Bruxelles, apr\u00e8s que ses parents aient \u00e9migr\u00e9 en Belgique pour tenter d\u2019\u00e9chapper \u00e0 la faim. D\u00e8s l\u2019\u00e2ge de huit ans elle s\u2019occupe \u00e0\u00a0 des petits m\u00e9tiers, \u00e0 douze ans elle est commissionnaire puis \u00ab trottin \u00bb chez une modiste. Survient une p\u00e9riode particuli\u00e8rement difficile et trouble o\u00f9 il semble qu\u2019elle ait connu la prostitution et l\u2019h\u00f4pital. Elle avait d\u00e9pass\u00e9 la cinquantaine lorsque, litt\u00e9ralement \u00e9touff\u00e9e par la remont\u00e9e de ses souvenirs, elle prit la plume pour transposer en des pages d\u2019un r\u00e9alisme \u00e0 la fois brutal, po\u00e9tique et d\u00e9pouill\u00e9 ses <em>Jours de famine et de d\u00e9tresse<\/em> (1911).<\/p>\n<p>Le pr\u00e9sent ouvrage se compose de deux nouvelles de longueurs in\u00e9gales et de tons tr\u00e8s diff\u00e9rents. La plus courte, \u00ab Elva \u00bb, dresse le portrait plein d&#8217;humour d&#8217;une petite bonne aussi d\u00e9lur\u00e9e qu&#8217;attachante, dont la na\u00efvet\u00e9 cynique horrifie Neel Doff. La plus longue,\u00a0 \u00ab Dans nos bruy\u00e8res \u00bb, \u00e9voque l&#8217;enfance et l&#8217;adolescence de Thyske, dixi\u00e8me enfant d&#8217;une famille de paysans pauvres, petit rouquin mal-aim\u00e9 \u00e0 la sensibilit\u00e9 \u00e9corch\u00e9e et \u00e0 l&#8217;esprit vif, et fait un tableau tr\u00e8s noir de la vie rurale en Campine dans les ann\u00e9es 1910. On retrouvera dans ces deux r\u00e9cits l&#8217;attention port\u00e9e par Neel Doff \u00e0 l&#8217;humanit\u00e9 des individus, jusque dans ses aspects les plus d\u00e9sesp\u00e9rants.<\/p>\n","protected":false},"excerpt":{"rendered":"<p>N\u00e9e en Hollande d\u2019un gar\u00e7on d\u2019\u00e9curie et d\u2019une dentelli\u00e8re qui eurent neuf enfants, Neel Doff (1858-1942) connut dans son enfance et dans son adolescence une mis\u00e8re atroce, vivant dans les caves d\u2019Amsterdam ou des taudis d\u2019Anvers ou de Bruxelles, apr\u00e8s que ses parents aient \u00e9migr\u00e9 en Belgique pour tenter d\u2019\u00e9chapper \u00e0 la faim. D\u00e8s l\u2019\u00e2ge [&hellip;]<\/p>\n","protected":false},"featured_media":43716,"template":"","meta":{"_acf_changed":false,"_genesis_hide_title":false,"_genesis_hide_breadcrumbs":false,"_genesis_hide_singular_image":false,"_genesis_hide_footer_widgets":false,"_genesis_custom_body_class":"","_genesis_custom_post_class":"","_genesis_layout":""},"product_brand":[],"product_cat":[7133,7175,7183],"product_tag":[],"class_list":{"0":"post-43718","1":"product","2":"type-product","3":"status-publish","4":"has-post-thumbnail","6":"product_cat-libres-oc","7":"product_cat-literatura-oc","8":"product_cat-romans-novelas-oc","9":"pa_auteur-doff-neel-oc","10":"pa_editeur-plein-chant-oc","11":"pa_langue-francais-oc","12":"entry","14":"first","15":"outofstock","16":"shipping-taxable","17":"purchasable","18":"product-type-simple"},"acf":[],"_links":{"self":[{"href":"https:\/\/www.libraria-occitana.org\/oc\/wp-json\/wp\/v2\/product\/43718","targetHints":{"allow":["GET"]}}],"collection":[{"href":"https:\/\/www.libraria-occitana.org\/oc\/wp-json\/wp\/v2\/product"}],"about":[{"href":"https:\/\/www.libraria-occitana.org\/oc\/wp-json\/wp\/v2\/types\/product"}],"wp:featuredmedia":[{"embeddable":true,"href":"https:\/\/www.libraria-occitana.org\/oc\/wp-json\/wp\/v2\/media\/43716"}],"wp:attachment":[{"href":"https:\/\/www.libraria-occitana.org\/oc\/wp-json\/wp\/v2\/media?parent=43718"}],"wp:term":[{"taxonomy":"product_brand","embeddable":true,"href":"https:\/\/www.libraria-occitana.org\/oc\/wp-json\/wp\/v2\/product_brand?post=43718"},{"taxonomy":"product_cat","embeddable":true,"href":"https:\/\/www.libraria-occitana.org\/oc\/wp-json\/wp\/v2\/product_cat?post=43718"},{"taxonomy":"product_tag","embeddable":true,"href":"https:\/\/www.libraria-occitana.org\/oc\/wp-json\/wp\/v2\/product_tag?post=43718"}],"curies":[{"name":"wp","href":"https:\/\/api.w.org\/{rel}","templated":true}]}}