{"id":43725,"date":"2017-10-19T14:38:04","date_gmt":"2017-10-19T12:38:04","guid":{"rendered":"http:\/\/www.libraria-occitana.org\/?post_type=product&#038;p=43725"},"modified":"2025-03-09T00:16:24","modified_gmt":"2025-03-08T23:16:24","slug":"coeur-indigne","status":"publish","type":"product","link":"https:\/\/www.libraria-occitana.org\/oc\/produch\/coeur-indigne\/","title":{"rendered":"C\u0153ur indign\u00e9"},"content":{"rendered":"<p>Autobiographie d&#8217;un ouvrier noir am\u00e9ricain.<br \/>\nTraduit de l&#8217;am\u00e9ricain et pr\u00e9sent\u00e9 par Camille Estienne.<\/p>\n<p>Petit-fils d&#8217;esclaves, Charles Denby (1907-1983) passe son enfance sur une plantation de coton de l&#8217;Alabama avant d&#8217;aller chercher du travail dans les usines automobiles de Detroit o\u00f9 il deviendra un militant syndical pugnace. Sur la plantation, la grand-m\u00e8re raconte ses souvenirs du temps de l&#8217;esclavage, les m\u00e9tayers noirs se d\u00e9fendent comme ils le peuvent contre les exactions des propri\u00e9taires blancs, et les jeunes partent vers le Nord o\u00f9 ils esp\u00e8rent \u00e9chapper au racisme et \u00e0 l&#8217;exploitation. Mais dans les usines du Nord, les Afro-Am\u00e9ricains sont rel\u00e9gu\u00e9s aux postes les plus durs, les moins qualifi\u00e9s et les plus mal pay\u00e9s \u2014 et les dirigeants syndicaux les incitent surtout \u00e0 prendre patience. Alors Denby apprend \u00e0 se battre.<br \/>\nEn pleine Seconde Guerre mondiale, il organise une gr\u00e8ve sauvage dans son atelier et se lie avec des militants trotskistes. Profond\u00e9ment d\u00e9\u00e7u par le racisme rampant des organisations politiques avec lesquelles il entre en contact, il poursuit son chemin en compagnie d\u2019opposants de gauche. En 1955, il devient r\u00e9dacteur en chef d\u2019un journal ouvrier, <em>News and Letters<\/em>, dans lequel il rend compte de l\u2019\u00e9mergence du Mouvement pour les droits civiques. Ouvrier de production dans l\u2019industrie automobile de 1943 jusqu\u2019\u00e0 sa retraite en 1973, il observe aussi les \u00e9volutions du nationalisme noir. Ce t\u00e9moignage remarquable souvent teint\u00e9 d\u2019humour se lit aussi comme la chronique pleine d\u2019espoir des actes de r\u00e9sistance par lesquels les opprim\u00e9s et les exploit\u00e9s cherchent \u00e0 se lib\u00e9rer de leurs cha\u00eenes.<\/p>\n","protected":false},"excerpt":{"rendered":"<p>Autobiographie d&#8217;un ouvrier noir am\u00e9ricain. Traduit de l&#8217;am\u00e9ricain et pr\u00e9sent\u00e9 par Camille Estienne. Petit-fils d&#8217;esclaves, Charles Denby (1907-1983) passe son enfance sur une plantation de coton de l&#8217;Alabama avant d&#8217;aller chercher du travail dans les usines automobiles de Detroit o\u00f9 il deviendra un militant syndical pugnace. Sur la plantation, la grand-m\u00e8re raconte ses souvenirs du [&hellip;]<\/p>\n","protected":false},"featured_media":43723,"template":"","meta":{"_acf_changed":false,"_genesis_hide_title":false,"_genesis_hide_breadcrumbs":false,"_genesis_hide_singular_image":false,"_genesis_hide_footer_widgets":false,"_genesis_custom_body_class":"","_genesis_custom_post_class":"","_genesis_layout":""},"product_brand":[],"product_cat":[7133,7175,7187],"product_tag":[],"class_list":{"0":"post-43725","1":"product","2":"type-product","3":"status-publish","4":"has-post-thumbnail","6":"product_cat-libres-oc","7":"product_cat-literatura-oc","8":"product_cat-temonhatges-memoris-oc","9":"pa_auteur-denby-charles-oc","10":"pa_editeur-plein-chant-oc","11":"pa_illustrateur-estienne-camille-oc","12":"pa_langue-francais-oc","13":"entry","15":"first","16":"outofstock","17":"shipping-taxable","18":"purchasable","19":"product-type-simple"},"acf":[],"_links":{"self":[{"href":"https:\/\/www.libraria-occitana.org\/oc\/wp-json\/wp\/v2\/product\/43725","targetHints":{"allow":["GET"]}}],"collection":[{"href":"https:\/\/www.libraria-occitana.org\/oc\/wp-json\/wp\/v2\/product"}],"about":[{"href":"https:\/\/www.libraria-occitana.org\/oc\/wp-json\/wp\/v2\/types\/product"}],"wp:featuredmedia":[{"embeddable":true,"href":"https:\/\/www.libraria-occitana.org\/oc\/wp-json\/wp\/v2\/media\/43723"}],"wp:attachment":[{"href":"https:\/\/www.libraria-occitana.org\/oc\/wp-json\/wp\/v2\/media?parent=43725"}],"wp:term":[{"taxonomy":"product_brand","embeddable":true,"href":"https:\/\/www.libraria-occitana.org\/oc\/wp-json\/wp\/v2\/product_brand?post=43725"},{"taxonomy":"product_cat","embeddable":true,"href":"https:\/\/www.libraria-occitana.org\/oc\/wp-json\/wp\/v2\/product_cat?post=43725"},{"taxonomy":"product_tag","embeddable":true,"href":"https:\/\/www.libraria-occitana.org\/oc\/wp-json\/wp\/v2\/product_tag?post=43725"}],"curies":[{"name":"wp","href":"https:\/\/api.w.org\/{rel}","templated":true}]}}