{"id":43740,"date":"1987-09-19T14:52:46","date_gmt":"1987-09-19T12:52:46","guid":{"rendered":"http:\/\/www.libraria-occitana.org\/?post_type=product&#038;p=43740"},"modified":"2025-03-09T01:08:05","modified_gmt":"2025-03-09T00:08:05","slug":"le-retour-du-vivant-et-autres-nouvelles","status":"publish","type":"product","link":"https:\/\/www.libraria-occitana.org\/oc\/produch\/le-retour-du-vivant-et-autres-nouvelles\/","title":{"rendered":"Le retour du vivant et autres nouvelles"},"content":{"rendered":"<p>L\u2019inspiration des nouvelles recueillies dans le pr\u00e9sent volume est enti\u00e8rement puis\u00e9e dans la vie populaire telle que la vit et la partage leur auteur. Sa biographie en situera donc mieux le climat et les \u00e9l\u00e9ments que n\u2019importe quel r\u00e9sum\u00e9\u00a0:<\/p>\n<p>Raymond Ceuppens est n\u00e9 \u00e0 Etterbeek (Bruxelles) en 1936, dans une famille d\u2019artisans passionn\u00e9s par la peinture et la photographie. Tr\u00e8s vite il quitte une \u00e9cole qui l\u2019int\u00e9resse fort peu. Il fr\u00e9quente un moment l\u2019Acad\u00e9mie de Bruxelles et passe son service militaire comme fusilier marin\u00a0: premier contact avec la mer et Ostende, ville dont il ne se d\u00e9prendra plus.<\/p>\n<p>Apr\u00e8s avoir \u00e9t\u00e9 photographe de presse, technicien de cin\u00e9ma, journaliste (reportages sur la mis\u00e8re dans les grandes villes d&#8217;Europe), permanent de la lutte urbaine, il est charpentier de marine, ouvrier en usine ou sur des chantiers navals. Au milieu de conditions souvent difficiles, il exerce divers m\u00e9tiers mal pay\u00e9s, choisissant ainsi le refus de parvenir.<\/p>\n<p>Entre-temps il peint, sculpte, \u00e9crit de nombreux articles, un recueil de po\u00e8mes (<em>Les lampes rouges de l&#8217;Atlantique Nord<\/em>) publi\u00e9 \u00e0 compte d&#8217;auteur, quatre volumes \u00e9dit\u00e9s par Deno\u00ebl : <em>\u00c0 bord de la Magda<\/em> (1979), <em>Sous la grand-voile<\/em> (1981), <em>L&#8217;\u00e9t\u00e9 pourri<\/em> (1982), <em>Le Bar des Tropiques<\/em> (1986) ; et une pi\u00e8ce de th\u00e9\u00e2tre in\u00e9dite : <em>La puissance du manque<\/em>.<\/p>\n<p>Quasiment inconnu en Belgique et fuyant les milieux litt\u00e9raires, il ne fera parler de lui qu&#8217;\u00e0 l&#8217;occasion de la remise du Prix Rossel, \u00ab le Goncourt belge\u00bb, pour son roman : <em>L&#8217;\u00e9t\u00e9 pourri<\/em>.<\/p>\n","protected":false},"excerpt":{"rendered":"<p>L\u2019inspiration des nouvelles recueillies dans le pr\u00e9sent volume est enti\u00e8rement puis\u00e9e dans la vie populaire telle que la vit et la partage leur auteur. Sa biographie en situera donc mieux le climat et les \u00e9l\u00e9ments que n\u2019importe quel r\u00e9sum\u00e9\u00a0: Raymond Ceuppens est n\u00e9 \u00e0 Etterbeek (Bruxelles) en 1936, dans une famille d\u2019artisans passionn\u00e9s par la [&hellip;]<\/p>\n","protected":false},"featured_media":43738,"template":"","meta":{"_acf_changed":false,"_genesis_hide_title":false,"_genesis_hide_breadcrumbs":false,"_genesis_hide_singular_image":false,"_genesis_hide_footer_widgets":false,"_genesis_custom_body_class":"","_genesis_custom_post_class":"","_genesis_layout":""},"product_brand":[],"product_cat":[7133,7175,7183],"product_tag":[],"class_list":{"0":"post-43740","1":"product","2":"type-product","3":"status-publish","4":"has-post-thumbnail","6":"product_cat-libres-oc","7":"product_cat-literatura-oc","8":"product_cat-romans-novelas-oc","9":"pa_auteur-ceuppens-raymond-oc","10":"pa_editeur-plein-chant-oc","11":"pa_langue-francais-oc","12":"entry","14":"first","15":"outofstock","16":"shipping-taxable","17":"purchasable","18":"product-type-simple"},"acf":[],"_links":{"self":[{"href":"https:\/\/www.libraria-occitana.org\/oc\/wp-json\/wp\/v2\/product\/43740","targetHints":{"allow":["GET"]}}],"collection":[{"href":"https:\/\/www.libraria-occitana.org\/oc\/wp-json\/wp\/v2\/product"}],"about":[{"href":"https:\/\/www.libraria-occitana.org\/oc\/wp-json\/wp\/v2\/types\/product"}],"wp:featuredmedia":[{"embeddable":true,"href":"https:\/\/www.libraria-occitana.org\/oc\/wp-json\/wp\/v2\/media\/43738"}],"wp:attachment":[{"href":"https:\/\/www.libraria-occitana.org\/oc\/wp-json\/wp\/v2\/media?parent=43740"}],"wp:term":[{"taxonomy":"product_brand","embeddable":true,"href":"https:\/\/www.libraria-occitana.org\/oc\/wp-json\/wp\/v2\/product_brand?post=43740"},{"taxonomy":"product_cat","embeddable":true,"href":"https:\/\/www.libraria-occitana.org\/oc\/wp-json\/wp\/v2\/product_cat?post=43740"},{"taxonomy":"product_tag","embeddable":true,"href":"https:\/\/www.libraria-occitana.org\/oc\/wp-json\/wp\/v2\/product_tag?post=43740"}],"curies":[{"name":"wp","href":"https:\/\/api.w.org\/{rel}","templated":true}]}}