{"id":43746,"date":"2016-09-19T14:59:31","date_gmt":"2016-09-19T12:59:31","guid":{"rendered":"http:\/\/www.libraria-occitana.org\/?post_type=product&#038;p=43746"},"modified":"2025-03-09T00:52:09","modified_gmt":"2025-03-08T23:52:09","slug":"lusine-nuit-et-jour-journal-dun-interimaire","status":"publish","type":"product","link":"https:\/\/www.libraria-occitana.org\/oc\/produch\/lusine-nuit-et-jour-journal-dun-interimaire\/","title":{"rendered":"L\u2019usine nuit et jour, journal d\u2019un int\u00e9rimaire"},"content":{"rendered":"<p>Quelque part en France, dans la zone industrielle d&#8217;une petite ville comme il y en a des milliers, un int\u00e9rimaire, \u00ab prolo fils de prolos \u00bb, travaille comme ouvrier dans une usine de galvanoplastie. Peu nombreux sans doute sont ceux qui connaissent le nom de ce traitement industriel par lequel la surface des m\u00e9taux est rendue inoxydable, et pourtant les produits galvanis\u00e9s se trouvent partout autour de nous : lampadaires urbains, glissi\u00e8res de s\u00e9curit\u00e9 sur les autoroutes, pyl\u00f4nes le long des voies ferr\u00e9es. Jour et nuit, dans cette prison qu&#8217;est toujours une usine, des ouvriers fixent sur d&#8217;\u00e9normes poutres les pi\u00e8ces de ferraille qui seront ainsi tremp\u00e9es dans un bain de zinc en fusion. Dans les pages d&#8217;un journal initialement tenu \u00e0 l&#8217;incitation de ses proches, Patrice Thibaudeaux raconte sobrement la vie au travail d&#8217;un ouvrier d&#8217;aujourd&#8217;hui, sans grands commentaires la plupart du temps, sauf quand la r\u00e9volte et la tristesse l&#8217;emportent. Dans ces pages o\u00f9 une particuli\u00e8re attention est port\u00e9e aux camarades de travail, dont les vies sont souvent marqu\u00e9es d\u00e8s l&#8217;enfance par une grande fragilit\u00e9, l&#8217;auteur apporte un t\u00e9moignage sans emphase ni compromis sur la r\u00e9alit\u00e9 de l&#8217;exploitation aujourd&#8217;hui.<\/p>\n","protected":false},"excerpt":{"rendered":"<p>Quelque part en France, dans la zone industrielle d&#8217;une petite ville comme il y en a des milliers, un int\u00e9rimaire, \u00ab prolo fils de prolos \u00bb, travaille comme ouvrier dans une usine de galvanoplastie. Peu nombreux sans doute sont ceux qui connaissent le nom de ce traitement industriel par lequel la surface des m\u00e9taux est [&hellip;]<\/p>\n","protected":false},"featured_media":43744,"template":"","meta":{"_acf_changed":false,"_genesis_hide_title":false,"_genesis_hide_breadcrumbs":false,"_genesis_hide_singular_image":false,"_genesis_hide_footer_widgets":false,"_genesis_custom_body_class":"","_genesis_custom_post_class":"","_genesis_layout":""},"product_brand":[],"product_cat":[7133,7175,7187],"product_tag":[],"class_list":{"0":"post-43746","1":"product","2":"type-product","3":"status-publish","4":"has-post-thumbnail","6":"product_cat-libres-oc","7":"product_cat-literatura-oc","8":"product_cat-temonhatges-memoris-oc","9":"pa_auteur-thibaudeaux-patrice-oc","10":"pa_editeur-plein-chant-oc","11":"pa_langue-francais-oc","12":"entry","14":"first","15":"outofstock","16":"shipping-taxable","17":"purchasable","18":"product-type-simple"},"acf":[],"_links":{"self":[{"href":"https:\/\/www.libraria-occitana.org\/oc\/wp-json\/wp\/v2\/product\/43746","targetHints":{"allow":["GET"]}}],"collection":[{"href":"https:\/\/www.libraria-occitana.org\/oc\/wp-json\/wp\/v2\/product"}],"about":[{"href":"https:\/\/www.libraria-occitana.org\/oc\/wp-json\/wp\/v2\/types\/product"}],"wp:featuredmedia":[{"embeddable":true,"href":"https:\/\/www.libraria-occitana.org\/oc\/wp-json\/wp\/v2\/media\/43744"}],"wp:attachment":[{"href":"https:\/\/www.libraria-occitana.org\/oc\/wp-json\/wp\/v2\/media?parent=43746"}],"wp:term":[{"taxonomy":"product_brand","embeddable":true,"href":"https:\/\/www.libraria-occitana.org\/oc\/wp-json\/wp\/v2\/product_brand?post=43746"},{"taxonomy":"product_cat","embeddable":true,"href":"https:\/\/www.libraria-occitana.org\/oc\/wp-json\/wp\/v2\/product_cat?post=43746"},{"taxonomy":"product_tag","embeddable":true,"href":"https:\/\/www.libraria-occitana.org\/oc\/wp-json\/wp\/v2\/product_tag?post=43746"}],"curies":[{"name":"wp","href":"https:\/\/api.w.org\/{rel}","templated":true}]}}