{"id":43801,"date":"2009-06-19T15:49:11","date_gmt":"2009-06-19T13:49:11","guid":{"rendered":"http:\/\/www.libraria-occitana.org\/?post_type=product&#038;p=43801"},"modified":"2025-03-09T00:18:15","modified_gmt":"2025-03-08T23:18:15","slug":"contes-du-matin","status":"publish","type":"product","link":"https:\/\/www.libraria-occitana.org\/oc\/produch\/contes-du-matin\/","title":{"rendered":"Contes du matin"},"content":{"rendered":"<p><em>Dans la petite ville<\/em>, recueil de contes dont le centre est la cit\u00e9 bourbonnaise qui vit na\u00eetre Charles-Louis Philippe en 1874, fut le dernier livre qu&#8217;il ait pr\u00e9par\u00e9 avant sa mort, en d\u00e9cembre 1909. Il restait alors un certain nombre de contes non recueillis en volume. La <em>Nouvelle Revue Fran\u00e7aise<\/em> en entreprit l\u2019\u00e9dition et les <em>Contes du Matin<\/em> en 1916, une suite aux personnages et aux th\u00e8mes vari\u00e9s, situ\u00e9s de la petite \u00e0 la grande ville, principalement Paris, en passant par quelques \u00ab\u00a0exotismes\u00a0\u00bb, selon l&#8217;expression de David Roe. Ces <em>Contes du Matin<\/em> doivent leur titre au journal <em>Le Matin<\/em> o\u00f9 Philippe les publia. Son regard \u00e0 la fois attendri et sans concession s&#8217;y exerce avec une sensibilit\u00e9 nourrie d&#8217;un sens profond de la psychologie des petites gens qu&#8217;il peint affectueusement, avec leurs d\u00e9fauts, leur humanit\u00e9, l&#8217;oppression des contradictions sociales ind\u00e9chiffrables qui p\u00e8se \u00e0 jamais sur eux, son pinceau exprimant un large m\u00e9pris envers les parvenus et les puissants et une pointe de cynisme quand il s&#8217;agit des \u00ab apaches\u00a0\u00bb.<\/p>\n","protected":false},"excerpt":{"rendered":"<p>Dans la petite ville, recueil de contes dont le centre est la cit\u00e9 bourbonnaise qui vit na\u00eetre Charles-Louis Philippe en 1874, fut le dernier livre qu&#8217;il ait pr\u00e9par\u00e9 avant sa mort, en d\u00e9cembre 1909. Il restait alors un certain nombre de contes non recueillis en volume. La Nouvelle Revue Fran\u00e7aise en entreprit l\u2019\u00e9dition et les [&hellip;]<\/p>\n","protected":false},"featured_media":43799,"template":"","meta":{"_acf_changed":false,"_genesis_hide_title":false,"_genesis_hide_breadcrumbs":false,"_genesis_hide_singular_image":false,"_genesis_hide_footer_widgets":false,"_genesis_custom_body_class":"","_genesis_custom_post_class":"","_genesis_layout":""},"product_brand":[],"product_cat":[7177,7133,7175],"product_tag":[],"class_list":{"0":"post-43801","1":"product","2":"type-product","3":"status-publish","4":"has-post-thumbnail","6":"product_cat-contes-fablas-oc","7":"product_cat-libres-oc","8":"product_cat-literatura-oc","9":"pa_auteur-philippe-charles-louis-oc","10":"pa_editeur-plein-chant-oc","11":"pa_langue-francais-oc","12":"entry","14":"first","15":"outofstock","16":"shipping-taxable","17":"purchasable","18":"product-type-simple"},"acf":[],"_links":{"self":[{"href":"https:\/\/www.libraria-occitana.org\/oc\/wp-json\/wp\/v2\/product\/43801","targetHints":{"allow":["GET"]}}],"collection":[{"href":"https:\/\/www.libraria-occitana.org\/oc\/wp-json\/wp\/v2\/product"}],"about":[{"href":"https:\/\/www.libraria-occitana.org\/oc\/wp-json\/wp\/v2\/types\/product"}],"wp:featuredmedia":[{"embeddable":true,"href":"https:\/\/www.libraria-occitana.org\/oc\/wp-json\/wp\/v2\/media\/43799"}],"wp:attachment":[{"href":"https:\/\/www.libraria-occitana.org\/oc\/wp-json\/wp\/v2\/media?parent=43801"}],"wp:term":[{"taxonomy":"product_brand","embeddable":true,"href":"https:\/\/www.libraria-occitana.org\/oc\/wp-json\/wp\/v2\/product_brand?post=43801"},{"taxonomy":"product_cat","embeddable":true,"href":"https:\/\/www.libraria-occitana.org\/oc\/wp-json\/wp\/v2\/product_cat?post=43801"},{"taxonomy":"product_tag","embeddable":true,"href":"https:\/\/www.libraria-occitana.org\/oc\/wp-json\/wp\/v2\/product_tag?post=43801"}],"curies":[{"name":"wp","href":"https:\/\/api.w.org\/{rel}","templated":true}]}}