{"id":43807,"date":"2012-03-19T15:58:58","date_gmt":"2012-03-19T14:58:58","guid":{"rendered":"http:\/\/www.libraria-occitana.org\/?post_type=product&#038;p=43807"},"modified":"2025-03-09T00:16:19","modified_gmt":"2025-03-08T23:16:19","slug":"chroniques-du-canard-sauvage","status":"publish","type":"product","link":"https:\/\/www.libraria-occitana.org\/oc\/produch\/chroniques-du-canard-sauvage\/","title":{"rendered":"Chroniques du Canard Sauvage"},"content":{"rendered":"<p>Charles-Louis Philippe (1874-1909) d\u00e9buta en litt\u00e9rature par des po\u00e8mes d\u2019inspirations symboliste, publia deux livres de nouvelles, puis un court roman autobiographiques <em>La M\u00e8re et l\u2019Enfant<\/em> (1900). Son livre suivant, <em>Bubu de Montparnasse<\/em> (1901), roman de prostitution, connut un succ\u00e8s d\u2019estime et de scandale, et \u00e9tablit sa r\u00e9putation d\u2019\u00e9crivain. En 1908 il fournira des contes au quotidien <em>Le Matin<\/em> qui seront rassembl\u00e9s apr\u00e8s sa mort en deux volumes, dans <em>la petite ville<\/em> (1910) et <a href=\"http:\/\/www.libraria-occitana.org\/produit\/contes-du-matin\/\"><em>Contes du Matin<\/em><\/a> (1916). Parall\u00e8lement, il donna \u00e0 <em>l\u2019Ermitage<\/em> et \u00e0 la <em>Revue Blanche<\/em> en 1901-1902, puis au <em>Canard Sauvage<\/em> en 1903, la quarantaine de textes repris ici dont la plupart portent sur des faits divers, crimes crapuleux, assassinats politiques, drames de la mis\u00e8re ou de la folie, \u00e9v\u00e9nements marquants ou faits de soci\u00e9t\u00e9. S\u2019y m\u00ealent cependant des fragments de roman et quelques textes qui auraient pu figurer dans les recueils de contes. Mais ici, peut-\u00eatre plus qu\u2019ailleurs, Philippe se place du c\u00f4t\u00e9 des personnages centraux de ses r\u00e9cits qui sont le plus souvent des coupables que la justice condamne. Il essaye de les comprendre, d\u2019expliquer leur d\u00e9rive, voire de la justifier dans la logique implacable d\u2019un monde qui d\u00e9termine tant leur destin tragique que celui de leurs victimes. Il n\u2019est pas indiff\u00e9rent de noter que les p\u00e9riodiques qui publi\u00e8rent ces textes \u00e9taient marqu\u00e9s par la pens\u00e9e anarchiste alors florissante dans les milieux intellectuels \u2013 et tr\u00e8s active sur le terrain, comme le d\u00e9montr\u00e8rent nombre d\u2019attentats accomplis en son nom \u00e0 la charni\u00e8re affol\u00e9e des deux si\u00e8cles, XIX<sup>e<\/sup> et XX<sup>e<\/sup>.<\/p>\n","protected":false},"excerpt":{"rendered":"<p>Charles-Louis Philippe (1874-1909) d\u00e9buta en litt\u00e9rature par des po\u00e8mes d\u2019inspirations symboliste, publia deux livres de nouvelles, puis un court roman autobiographiques La M\u00e8re et l\u2019Enfant (1900). Son livre suivant, Bubu de Montparnasse (1901), roman de prostitution, connut un succ\u00e8s d\u2019estime et de scandale, et \u00e9tablit sa r\u00e9putation d\u2019\u00e9crivain. En 1908 il fournira des contes au [&hellip;]<\/p>\n","protected":false},"featured_media":43805,"template":"","meta":{"_acf_changed":false,"_genesis_hide_title":false,"_genesis_hide_breadcrumbs":false,"_genesis_hide_singular_image":false,"_genesis_hide_footer_widgets":false,"_genesis_custom_body_class":"","_genesis_custom_post_class":"","_genesis_layout":""},"product_brand":[],"product_cat":[7133,7175,7183],"product_tag":[],"class_list":{"0":"post-43807","1":"product","2":"type-product","3":"status-publish","4":"has-post-thumbnail","6":"product_cat-libres-oc","7":"product_cat-literatura-oc","8":"product_cat-romans-novelas-oc","9":"pa_auteur-philippe-charles-louis-oc","10":"pa_editeur-plein-chant-oc","11":"pa_langue-francais-oc","12":"entry","14":"first","15":"outofstock","16":"shipping-taxable","17":"purchasable","18":"product-type-simple"},"acf":[],"_links":{"self":[{"href":"https:\/\/www.libraria-occitana.org\/oc\/wp-json\/wp\/v2\/product\/43807","targetHints":{"allow":["GET"]}}],"collection":[{"href":"https:\/\/www.libraria-occitana.org\/oc\/wp-json\/wp\/v2\/product"}],"about":[{"href":"https:\/\/www.libraria-occitana.org\/oc\/wp-json\/wp\/v2\/types\/product"}],"wp:featuredmedia":[{"embeddable":true,"href":"https:\/\/www.libraria-occitana.org\/oc\/wp-json\/wp\/v2\/media\/43805"}],"wp:attachment":[{"href":"https:\/\/www.libraria-occitana.org\/oc\/wp-json\/wp\/v2\/media?parent=43807"}],"wp:term":[{"taxonomy":"product_brand","embeddable":true,"href":"https:\/\/www.libraria-occitana.org\/oc\/wp-json\/wp\/v2\/product_brand?post=43807"},{"taxonomy":"product_cat","embeddable":true,"href":"https:\/\/www.libraria-occitana.org\/oc\/wp-json\/wp\/v2\/product_cat?post=43807"},{"taxonomy":"product_tag","embeddable":true,"href":"https:\/\/www.libraria-occitana.org\/oc\/wp-json\/wp\/v2\/product_tag?post=43807"}],"curies":[{"name":"wp","href":"https:\/\/api.w.org\/{rel}","templated":true}]}}