{"id":43838,"date":"2018-05-20T10:19:09","date_gmt":"2018-05-20T08:19:09","guid":{"rendered":"http:\/\/www.libraria-occitana.org\/?post_type=product&#038;p=43838"},"modified":"2026-04-12T22:41:23","modified_gmt":"2026-04-12T20:41:23","slug":"dictionnaire-de-la-langue-gauloise","status":"publish","type":"product","link":"https:\/\/www.libraria-occitana.org\/oc\/produch\/dictionnaire-de-la-langue-gauloise\/","title":{"rendered":"Dictionnaire de la langue gauloise"},"content":{"rendered":"<p>La langue gauloise se r\u00e9v\u00e8le peu \u00e0 peu. Elle est connue par des inscriptions r\u00e9dig\u00e9es en alphabet \u00e9trusque, grec ou latin, par l&#8217;onomastique (noms de personnes, noms de lieux, noms de dieux), par des emprunts que lui ont faits les langues actuelles et par les gloses, ces annotations sur les manuscrits qui aidaient le lecteur \u00e0 comprendre dans sa langue des mots d&#8217;origine \u00e9trang\u00e8re. Les linguistes, apr\u00e8s un tr\u00e8s long travail \u00e9tymologique et comparatif, commencent \u00e0 d\u00e9crypter cette langue celtique que parlaient les habitants de la Gaule quelques si\u00e8cles avant J.-C. et dont ils conserv\u00e8rent l&#8217;usage au tout d\u00e9but de notre \u00e8re. L&#8217;arch\u00e9ologie fait r\u00e9guli\u00e8rement d\u00e9couvrir de nouveaux documents \u00e9pigraphiques, ouvrant la perspective de comprendre de mieux en mieux le vocabulaire et la grammaire du gaulois. Ce dictionnaire comprend un peu plus de huit cents entr\u00e9es.<\/p>\n","protected":false},"excerpt":{"rendered":"<p>La langue gauloise se r\u00e9v\u00e8le peu \u00e0 peu. Elle est connue par des inscriptions r\u00e9dig\u00e9es en alphabet \u00e9trusque, grec ou latin, par l&#8217;onomastique (noms de personnes, noms de lieux, noms de dieux), par des emprunts que lui ont faits les langues actuelles et par les gloses, ces annotations sur les manuscrits qui aidaient le lecteur [&hellip;]<\/p>\n","protected":false},"featured_media":43836,"template":"","meta":{"_acf_changed":false,"_genesis_hide_title":false,"_genesis_hide_breadcrumbs":false,"_genesis_hide_singular_image":false,"_genesis_hide_footer_widgets":false,"_genesis_custom_body_class":"","_genesis_custom_post_class":"","_genesis_layout":""},"product_brand":[],"product_cat":[7139,7137,7133],"product_tag":[],"class_list":{"0":"post-43838","1":"product","2":"type-product","3":"status-publish","4":"has-post-thumbnail","6":"product_cat-diccionaris-gramaticas-oc","7":"product_cat-diccionaris-lenga-escolar-oc","8":"product_cat-libres-oc","9":"pa_auteur-delamarre-xavier-oc","10":"pa_editeur-editions-errance-oc","11":"pa_langue-francais-oc","12":"entry","14":"first","15":"instock","16":"shipping-taxable","17":"purchasable","18":"product-type-simple"},"acf":[],"_links":{"self":[{"href":"https:\/\/www.libraria-occitana.org\/oc\/wp-json\/wp\/v2\/product\/43838","targetHints":{"allow":["GET"]}}],"collection":[{"href":"https:\/\/www.libraria-occitana.org\/oc\/wp-json\/wp\/v2\/product"}],"about":[{"href":"https:\/\/www.libraria-occitana.org\/oc\/wp-json\/wp\/v2\/types\/product"}],"wp:featuredmedia":[{"embeddable":true,"href":"https:\/\/www.libraria-occitana.org\/oc\/wp-json\/wp\/v2\/media\/43836"}],"wp:attachment":[{"href":"https:\/\/www.libraria-occitana.org\/oc\/wp-json\/wp\/v2\/media?parent=43838"}],"wp:term":[{"taxonomy":"product_brand","embeddable":true,"href":"https:\/\/www.libraria-occitana.org\/oc\/wp-json\/wp\/v2\/product_brand?post=43838"},{"taxonomy":"product_cat","embeddable":true,"href":"https:\/\/www.libraria-occitana.org\/oc\/wp-json\/wp\/v2\/product_cat?post=43838"},{"taxonomy":"product_tag","embeddable":true,"href":"https:\/\/www.libraria-occitana.org\/oc\/wp-json\/wp\/v2\/product_tag?post=43838"}],"curies":[{"name":"wp","href":"https:\/\/api.w.org\/{rel}","templated":true}]}}