{"id":43844,"date":"2012-03-20T10:25:38","date_gmt":"2012-03-20T09:25:38","guid":{"rendered":"http:\/\/www.libraria-occitana.org\/?post_type=product&#038;p=43844"},"modified":"2026-04-08T02:47:01","modified_gmt":"2026-04-08T00:47:01","slug":"les-noms-dorigine-gauloise-tome-1-la-gaule-des-combats","status":"publish","type":"product","link":"https:\/\/www.libraria-occitana.org\/oc\/produch\/les-noms-dorigine-gauloise-tome-1-la-gaule-des-combats\/","title":{"rendered":"Les noms d&#8217;origine gauloise (tome 1) : La Gaule des combats"},"content":{"rendered":"<p>Ce livre analyse plusieurs centaines de noms et de mots se rattachant \u00e0 la guerre et aux valeurs guerri\u00e8res (morcellement des territoires, souci de la fronti\u00e8re, \u00e9quipement militaire, r\u00f4le des sites naturels pour la d\u00e9fense, quadrillage des places fortes, troupes et combats&#8230;), substrat riche qui souligne l&#8217;importance des pr\u00e9occupations martiales et des conflits. La Gaule revit \u00e0 travers les noms de nos lieux et les mots de notre lexique : ce sont des r\u00e9v\u00e9lateurs de civilisation. <em>Les Noms d&#8217;origine gauloise<\/em> sont une s\u00e9rie de trois ouvrages parus aux \u00e9ditions Errance : <em>La Gaule des combats<\/em> (tome 1) ; <em>La Gaule des activit\u00e9s \u00e9conomiques<\/em> (tome 2) ; <em>La Gaule des dieux<\/em> (tome 3). En tout 800 pages, 90 cartes, 130 illustrations, 3 000 noms de lieux et mots du lexique fran\u00e7ais d&#8217;origine gauloise \u00e9tudi\u00e9s en rapport avec l&#8217;histoire et l&#8217;arch\u00e9ologie. La civilisation gauloise est restitu\u00e9e \u00e0 partir des traces linguistiques que le gaulois a laiss\u00e9es dans le fran\u00e7ais : noms de hauteurs, de for\u00eats, de cours d&#8217;eau, de r\u00e9gions et de petits pays, de villes et de villages, de personnes, vocabulaire usuel et mots des langues r\u00e9gionales&#8230;<\/p>\n","protected":false},"excerpt":{"rendered":"<p>Ce livre analyse plusieurs centaines de noms et de mots se rattachant \u00e0 la guerre et aux valeurs guerri\u00e8res (morcellement des territoires, souci de la fronti\u00e8re, \u00e9quipement militaire, r\u00f4le des sites naturels pour la d\u00e9fense, quadrillage des places fortes, troupes et combats&#8230;), substrat riche qui souligne l&#8217;importance des pr\u00e9occupations martiales et des conflits. La Gaule [&hellip;]<\/p>\n","protected":false},"featured_media":43842,"template":"","meta":{"_acf_changed":false,"_genesis_hide_title":false,"_genesis_hide_breadcrumbs":false,"_genesis_hide_singular_image":false,"_genesis_hide_footer_widgets":false,"_genesis_custom_body_class":"","_genesis_custom_post_class":"","_genesis_layout":""},"product_brand":[],"product_cat":[7155,7149,7133,7163],"product_tag":[],"class_list":{"0":"post-43844","1":"product","2":"type-product","3":"status-publish","4":"has-post-thumbnail","6":"product_cat-istoria-antica-oc","7":"product_cat-istoria-geografia-oc","8":"product_cat-libres-oc","9":"product_cat-noms-de-luocs-noms-de-personas-oc","10":"pa_auteur-lacroix-jacques-oc","11":"pa_editeur-editions-errance-oc","12":"pa_langue-francais-oc","13":"entry","15":"first","16":"outofstock","17":"shipping-taxable","18":"purchasable","19":"product-type-simple"},"acf":[],"_links":{"self":[{"href":"https:\/\/www.libraria-occitana.org\/oc\/wp-json\/wp\/v2\/product\/43844","targetHints":{"allow":["GET"]}}],"collection":[{"href":"https:\/\/www.libraria-occitana.org\/oc\/wp-json\/wp\/v2\/product"}],"about":[{"href":"https:\/\/www.libraria-occitana.org\/oc\/wp-json\/wp\/v2\/types\/product"}],"wp:featuredmedia":[{"embeddable":true,"href":"https:\/\/www.libraria-occitana.org\/oc\/wp-json\/wp\/v2\/media\/43842"}],"wp:attachment":[{"href":"https:\/\/www.libraria-occitana.org\/oc\/wp-json\/wp\/v2\/media?parent=43844"}],"wp:term":[{"taxonomy":"product_brand","embeddable":true,"href":"https:\/\/www.libraria-occitana.org\/oc\/wp-json\/wp\/v2\/product_brand?post=43844"},{"taxonomy":"product_cat","embeddable":true,"href":"https:\/\/www.libraria-occitana.org\/oc\/wp-json\/wp\/v2\/product_cat?post=43844"},{"taxonomy":"product_tag","embeddable":true,"href":"https:\/\/www.libraria-occitana.org\/oc\/wp-json\/wp\/v2\/product_tag?post=43844"}],"curies":[{"name":"wp","href":"https:\/\/api.w.org\/{rel}","templated":true}]}}