{"id":43856,"date":"2013-10-20T10:44:54","date_gmt":"2013-10-20T08:44:54","guid":{"rendered":"http:\/\/www.libraria-occitana.org\/?post_type=product&#038;p=43856"},"modified":"2026-04-19T22:21:54","modified_gmt":"2026-04-19T20:21:54","slug":"un-bistrot-sinon-rien","status":"publish","type":"product","link":"https:\/\/www.libraria-occitana.org\/oc\/produch\/un-bistrot-sinon-rien\/","title":{"rendered":"Un bistrot sinon rien"},"content":{"rendered":"<p>\u00c0 quatre voix, un g\u00e9ographe, un ethnologue, une charg\u00e9e de mission des Parcs naturels et un photographe racontent des bistrots du Massif central, au fil des saisons. Ils confient leurs rencontres humaines et disent l\u2019importance de sauver ces lieux modestes et pr\u00e9cieux \u00e0 la fois.<\/p>\n","protected":false},"excerpt":{"rendered":"<p>\u00c0 quatre voix, un g\u00e9ographe, un ethnologue, une charg\u00e9e de mission des Parcs naturels et un photographe racontent des bistrots du Massif central, au fil des saisons. Ils confient leurs rencontres humaines et disent l\u2019importance de sauver ces lieux modestes et pr\u00e9cieux \u00e0 la fois.<\/p>\n","protected":false},"featured_media":43854,"template":"","meta":{"_acf_changed":false,"_genesis_hide_title":false,"_genesis_hide_breadcrumbs":false,"_genesis_hide_singular_image":false,"_genesis_hide_footer_widgets":false,"_genesis_custom_body_class":"","_genesis_custom_post_class":"","_genesis_layout":""},"product_brand":[],"product_cat":[7199,7133,7175,7197,7187],"product_tag":[],"class_list":{"0":"post-43856","1":"product","2":"type-product","3":"status-publish","4":"has-post-thumbnail","6":"product_cat-guides-torisme-viatge-oc","7":"product_cat-libres-oc","8":"product_cat-literatura-oc","9":"product_cat-natura-torisme-oc","10":"product_cat-temonhatges-memoris-oc","11":"pa_auteur-bourgault-pierrick-oc","12":"pa_auteur-desmichel-pascal-oc","13":"pa_auteur-soudiere-martin-de-la-oc","14":"pa_auteur-steiner-julia-oc","15":"pa_editeur-chamina-edition-oc","16":"pa_langue-francais-oc","17":"entry","19":"first","20":"instock","21":"shipping-taxable","22":"purchasable","23":"product-type-simple"},"acf":[],"_links":{"self":[{"href":"https:\/\/www.libraria-occitana.org\/oc\/wp-json\/wp\/v2\/product\/43856","targetHints":{"allow":["GET"]}}],"collection":[{"href":"https:\/\/www.libraria-occitana.org\/oc\/wp-json\/wp\/v2\/product"}],"about":[{"href":"https:\/\/www.libraria-occitana.org\/oc\/wp-json\/wp\/v2\/types\/product"}],"wp:featuredmedia":[{"embeddable":true,"href":"https:\/\/www.libraria-occitana.org\/oc\/wp-json\/wp\/v2\/media\/43854"}],"wp:attachment":[{"href":"https:\/\/www.libraria-occitana.org\/oc\/wp-json\/wp\/v2\/media?parent=43856"}],"wp:term":[{"taxonomy":"product_brand","embeddable":true,"href":"https:\/\/www.libraria-occitana.org\/oc\/wp-json\/wp\/v2\/product_brand?post=43856"},{"taxonomy":"product_cat","embeddable":true,"href":"https:\/\/www.libraria-occitana.org\/oc\/wp-json\/wp\/v2\/product_cat?post=43856"},{"taxonomy":"product_tag","embeddable":true,"href":"https:\/\/www.libraria-occitana.org\/oc\/wp-json\/wp\/v2\/product_tag?post=43856"}],"curies":[{"name":"wp","href":"https:\/\/api.w.org\/{rel}","templated":true}]}}