{"id":44033,"date":"2017-02-20T16:30:16","date_gmt":"2017-02-20T15:30:16","guid":{"rendered":"http:\/\/www.libraria-occitana.org\/?post_type=product&#038;p=44033"},"modified":"2026-04-08T21:41:32","modified_gmt":"2026-04-08T19:41:32","slug":"histoire-des-vicomtes-et-de-la-vicomte-de-limoges-tome-1","status":"publish","type":"product","link":"https:\/\/www.libraria-occitana.org\/oc\/produch\/histoire-des-vicomtes-et-de-la-vicomte-de-limoges-tome-1\/","title":{"rendered":"Histoire des vicomtes et de la vicomt\u00e9 de Limoges &#8211; Tome 1"},"content":{"rendered":"<p>Publi\u00e9 en 1873, cet ouvrage (en deux tomes) comblait le vide historique concernant l\u2019une des grandes anciennes provinces de France\u00a0: le Limousin. Incompr\u00e9hensiblement, l\u2019ouvrage n\u2019avait jamais \u00e9t\u00e9 r\u00e9\u00e9dit\u00e9 depuis lors et \u00e9tait devenu totalement introuvable.<\/p>\n<p>Certes l\u2019histoire du Limousin, plus qu\u2019\u00e0 son tour, a \u00e9t\u00e9 une histoire compliqu\u00e9e et pleine du bruit des ambitions et des guerres, locales ou g\u00e9n\u00e9rales.<\/p>\n<p>De la tribu gauloise des <em>Lemovici<\/em> en passant par les premiers comtes puis les turbulents vicomtes d\u2019apr\u00e8s l\u2019an 1000, leurs d\u00e9m\u00eal\u00e9es sanglantes avec le clerg\u00e9 et avec les ducs d\u2019Aquitaine \u2014 notamment Henri II et Richard C\u0153ur-de-Lion \u2014, la complexe passation d\u2019h\u00e9ritage au profit de la dynastie des ducs de Bretagne, rien n\u2019est \u00e9pargn\u00e9e \u00e0 la vicomt\u00e9 et \u00e0 sa population.<\/p>\n<p>Voici, enfin r\u00e9\u00e9dit\u00e9e et enti\u00e8rement recompos\u00e9e, cette palpitante histoire du Limousin qui ne manquera pas de passionner tous ceux qui ont de pr\u00e8s ou de loin une attache avec cette r\u00e9gion.<\/p>\n","protected":false},"excerpt":{"rendered":"<p>Publi\u00e9 en 1873, cet ouvrage (en deux tomes) comblait le vide historique concernant l\u2019une des grandes anciennes provinces de France\u00a0: le Limousin. Incompr\u00e9hensiblement, l\u2019ouvrage n\u2019avait jamais \u00e9t\u00e9 r\u00e9\u00e9dit\u00e9 depuis lors et \u00e9tait devenu totalement introuvable. Certes l\u2019histoire du Limousin, plus qu\u2019\u00e0 son tour, a \u00e9t\u00e9 une histoire compliqu\u00e9e et pleine du bruit des ambitions et [&hellip;]<\/p>\n","protected":false},"featured_media":44031,"template":"","meta":{"_acf_changed":false,"_genesis_hide_title":false,"_genesis_hide_breadcrumbs":false,"_genesis_hide_singular_image":false,"_genesis_hide_footer_widgets":false,"_genesis_custom_body_class":"","_genesis_custom_post_class":"","_genesis_layout":""},"product_brand":[],"product_cat":[7149,7133],"product_tag":[],"class_list":{"0":"post-44033","1":"product","2":"type-product","3":"status-publish","4":"has-post-thumbnail","6":"product_cat-istoria-geografia-oc","7":"product_cat-libres-oc","8":"pa_auteur-marvaud-francois-oc","9":"pa_editeur-editions-des-regionalismes-oc","10":"pa_langue-francais-oc","11":"entry","13":"first","14":"instock","15":"shipping-taxable","16":"purchasable","17":"product-type-simple"},"acf":[],"_links":{"self":[{"href":"https:\/\/www.libraria-occitana.org\/oc\/wp-json\/wp\/v2\/product\/44033","targetHints":{"allow":["GET"]}}],"collection":[{"href":"https:\/\/www.libraria-occitana.org\/oc\/wp-json\/wp\/v2\/product"}],"about":[{"href":"https:\/\/www.libraria-occitana.org\/oc\/wp-json\/wp\/v2\/types\/product"}],"wp:featuredmedia":[{"embeddable":true,"href":"https:\/\/www.libraria-occitana.org\/oc\/wp-json\/wp\/v2\/media\/44031"}],"wp:attachment":[{"href":"https:\/\/www.libraria-occitana.org\/oc\/wp-json\/wp\/v2\/media?parent=44033"}],"wp:term":[{"taxonomy":"product_brand","embeddable":true,"href":"https:\/\/www.libraria-occitana.org\/oc\/wp-json\/wp\/v2\/product_brand?post=44033"},{"taxonomy":"product_cat","embeddable":true,"href":"https:\/\/www.libraria-occitana.org\/oc\/wp-json\/wp\/v2\/product_cat?post=44033"},{"taxonomy":"product_tag","embeddable":true,"href":"https:\/\/www.libraria-occitana.org\/oc\/wp-json\/wp\/v2\/product_tag?post=44033"}],"curies":[{"name":"wp","href":"https:\/\/api.w.org\/{rel}","templated":true}]}}