{"id":44045,"date":"2018-02-20T16:40:54","date_gmt":"2018-02-20T15:40:54","guid":{"rendered":"http:\/\/www.libraria-occitana.org\/?post_type=product&#038;p=44045"},"modified":"2026-04-13T21:46:26","modified_gmt":"2026-04-13T19:46:26","slug":"contes-populaires-de-la-grande-lande-condes-de-le-lana-grand-tome-2","status":"publish","type":"product","link":"https:\/\/www.libraria-occitana.org\/oc\/produch\/contes-populaires-de-la-grande-lande-condes-de-le-lana-grand-tome-2\/","title":{"rendered":"Contes populaires de la Grande-Lande &#8211; Condes de le Lana-Grand Tome 2"},"content":{"rendered":"<p>Los\u00a0<em>Condes de le Lana-Grand<\/em>\u00a0que son ua de les j\u00f2ias de le literatura orau de le Gasconha. Lo l\u00edber aqueste qu\u2019apresenta los perm\u00e8irs condes que\u2019N Felix Arnaudin e publiqu\u00e8t deu temps qui \u00e8ra viu. Qu'es chic d\u00edser l'impourt\u00e9ncia qu'avot le culhida d'Arnaudin \u2013 lo \u201cp\u00e8c\u201d de Leboh\u00e8ira \u2013 entau sauvament de le mem\u00f2ria collectiva gascona. Un adobament en franc\u00e9s qu\u2019ajuder\u00e0 los qui la coneishen\u00e7a de le lenga gascona e h\u00e8 hr\u00e8ita ent\u00e0 poder seguir e presar lo t\u00e8xte originau. Un estudi\u00f2t suu prononciar deu gascon de le Lana-Grand que compl\u00e8ta de-plan l\u2019obratge.<\/p>\n<p><a href=\"http:\/\/www.libraria-occitana.org\/produit\/contes-populaires-de-la-grande-lande-tome-1\/\"><em>Contes populaires de la Grande-Lande - Condes de le Lana-Grand<\/em> Tome 1<\/a><\/p>\n","protected":false},"excerpt":{"rendered":"<p>Los\u00a0Condes de le Lana-Grand\u00a0que son ua de les j\u00f2ias de le literatura orau de le Gasconha. Lo l\u00edber aqueste qu\u2019apresenta los perm\u00e8irs condes que\u2019N Felix Arnaudin e publiqu\u00e8t deu temps qui \u00e8ra viu. Qu&#8217;es chic d\u00edser l&#8217;impourt\u00e9ncia qu&#8217;avot le culhida d&#8217;Arnaudin \u2013 lo \u201cp\u00e8c\u201d de Leboh\u00e8ira \u2013 entau sauvament de le mem\u00f2ria collectiva gascona. Un [&hellip;]<\/p>\n","protected":false},"featured_media":44043,"template":"","meta":{"_acf_changed":false,"_genesis_hide_title":false,"_genesis_hide_breadcrumbs":false,"_genesis_hide_singular_image":false,"_genesis_hide_footer_widgets":false,"_genesis_custom_body_class":"","_genesis_custom_post_class":"","_genesis_layout":""},"product_brand":[],"product_cat":[7177,7133,7175],"product_tag":[],"class_list":{"0":"post-44045","1":"product","2":"type-product","3":"status-publish","4":"has-post-thumbnail","6":"product_cat-contes-fablas-oc","7":"product_cat-libres-oc","8":"product_cat-literatura-oc","9":"pa_auteur-arnaudin-felix-oc","10":"pa_editeur-editions-des-regionalismes-oc","11":"pa_langue-occitan-gascon-oc","12":"pa_langue-occitan-francais-oc","13":"entry","15":"first","16":"instock","17":"shipping-taxable","18":"purchasable","19":"product-type-simple"},"acf":[],"_links":{"self":[{"href":"https:\/\/www.libraria-occitana.org\/oc\/wp-json\/wp\/v2\/product\/44045","targetHints":{"allow":["GET"]}}],"collection":[{"href":"https:\/\/www.libraria-occitana.org\/oc\/wp-json\/wp\/v2\/product"}],"about":[{"href":"https:\/\/www.libraria-occitana.org\/oc\/wp-json\/wp\/v2\/types\/product"}],"wp:featuredmedia":[{"embeddable":true,"href":"https:\/\/www.libraria-occitana.org\/oc\/wp-json\/wp\/v2\/media\/44043"}],"wp:attachment":[{"href":"https:\/\/www.libraria-occitana.org\/oc\/wp-json\/wp\/v2\/media?parent=44045"}],"wp:term":[{"taxonomy":"product_brand","embeddable":true,"href":"https:\/\/www.libraria-occitana.org\/oc\/wp-json\/wp\/v2\/product_brand?post=44045"},{"taxonomy":"product_cat","embeddable":true,"href":"https:\/\/www.libraria-occitana.org\/oc\/wp-json\/wp\/v2\/product_cat?post=44045"},{"taxonomy":"product_tag","embeddable":true,"href":"https:\/\/www.libraria-occitana.org\/oc\/wp-json\/wp\/v2\/product_tag?post=44045"}],"curies":[{"name":"wp","href":"https:\/\/api.w.org\/{rel}","templated":true}]}}