{"id":44057,"date":"2017-11-20T16:50:52","date_gmt":"2017-11-20T15:50:52","guid":{"rendered":"http:\/\/www.libraria-occitana.org\/?post_type=product&#038;p=44057"},"modified":"2026-04-02T21:21:35","modified_gmt":"2026-04-02T19:21:35","slug":"contes-populaires-de-la-gascogne-i-gers-armagnac","status":"publish","type":"product","link":"https:\/\/www.libraria-occitana.org\/oc\/produch\/contes-populaires-de-la-gascogne-i-gers-armagnac\/","title":{"rendered":"Contes populaires de la Gascogne I (Gers-Armagnac)"},"content":{"rendered":"<p>Los contes de Gasconha amassats preu Joan-Franc\u00e9s Blad\u00e8r capvath los departaments deu G\u00e8rs, d\u2019\u00d2ut-e-Garona e de las Pireneas-Hautas que son ua de las j\u00f2ias de la literatura orau de Gasconha.<br \/>\nQu\u2019eston publicats perm\u00e8ir en gascon dab dus libis confidenciaus en 1867 e 1874 apuish que coneishon la consecracion dab l\u2019arrevirada en franc\u00e9s (1886). E que cal\u00f3 b\u00e8th cent ans mei per tornar descubrir la version originau gascona...<br \/>\nPreu perm\u00e8ir c\u00f2p, qu\u2019an enfin lo leser de legir los dus t\u00e8xtes cap-e-cap : cadun que\u2019s poir\u00e0 ajudar de l\u2019un ent\u00e0 mielhe compr\u00e9ner l\u2019aute, e presar com cau lo despulhament, casi classic de l\u2019espression, d\u2019aqueths contes de la Gasconha de Davant.<\/p>\n<p>Mesa en grafia classica gascona : Eric Chaplain.<\/p>\n<p><a href=\"http:\/\/www.libraria-occitana.org\/produit\/contes-populaires-de-la-gascogne-ii-les-contes-mystiques-les-superstitions\/\"><em>Contes populaires de la Gascogne II : Les contes mystiques, les superstitions<\/em><\/a><\/p>\n","protected":false},"excerpt":{"rendered":"<p>Los contes de Gasconha amassats preu Joan-Franc\u00e9s Blad\u00e8r capvath los departaments deu G\u00e8rs, d\u2019\u00d2ut-e-Garona e de las Pireneas-Hautas que son ua de las j\u00f2ias de la literatura orau de Gasconha. Qu\u2019eston publicats perm\u00e8ir en gascon dab dus libis confidenciaus en 1867 e 1874 apuish que coneishon la consecracion dab l\u2019arrevirada en franc\u00e9s (1886). E que [&hellip;]<\/p>\n","protected":false},"featured_media":44055,"template":"","meta":{"_acf_changed":false,"_genesis_hide_title":false,"_genesis_hide_breadcrumbs":false,"_genesis_hide_singular_image":false,"_genesis_hide_footer_widgets":false,"_genesis_custom_body_class":"","_genesis_custom_post_class":"","_genesis_layout":""},"product_brand":[],"product_cat":[7133,7175,7177],"product_tag":[],"class_list":{"0":"post-44057","1":"product","2":"type-product","3":"status-publish","4":"has-post-thumbnail","6":"product_cat-libres-oc","7":"product_cat-literatura-oc","8":"product_cat-contes-fablas-oc","9":"pa_auteur-blade-jean-francois-oc","10":"pa_editeur-editions-des-regionalismes-oc","11":"pa_langue-occitan-gascon-oc","12":"pa_langue-occitan-francais-oc","13":"entry","15":"first","16":"outofstock","17":"shipping-taxable","18":"purchasable","19":"product-type-simple"},"acf":[],"_links":{"self":[{"href":"https:\/\/www.libraria-occitana.org\/oc\/wp-json\/wp\/v2\/product\/44057","targetHints":{"allow":["GET"]}}],"collection":[{"href":"https:\/\/www.libraria-occitana.org\/oc\/wp-json\/wp\/v2\/product"}],"about":[{"href":"https:\/\/www.libraria-occitana.org\/oc\/wp-json\/wp\/v2\/types\/product"}],"wp:featuredmedia":[{"embeddable":true,"href":"https:\/\/www.libraria-occitana.org\/oc\/wp-json\/wp\/v2\/media\/44055"}],"wp:attachment":[{"href":"https:\/\/www.libraria-occitana.org\/oc\/wp-json\/wp\/v2\/media?parent=44057"}],"wp:term":[{"taxonomy":"product_brand","embeddable":true,"href":"https:\/\/www.libraria-occitana.org\/oc\/wp-json\/wp\/v2\/product_brand?post=44057"},{"taxonomy":"product_cat","embeddable":true,"href":"https:\/\/www.libraria-occitana.org\/oc\/wp-json\/wp\/v2\/product_cat?post=44057"},{"taxonomy":"product_tag","embeddable":true,"href":"https:\/\/www.libraria-occitana.org\/oc\/wp-json\/wp\/v2\/product_tag?post=44057"}],"curies":[{"name":"wp","href":"https:\/\/api.w.org\/{rel}","templated":true}]}}