{"id":44087,"date":"2022-11-21T08:49:11","date_gmt":"2022-11-21T07:49:11","guid":{"rendered":"http:\/\/www.libraria-occitana.org\/?post_type=product&#038;p=44087"},"modified":"2026-04-17T22:01:22","modified_gmt":"2026-04-17T20:01:22","slug":"lexique-de-lancien-francais-ancienne-langue-francaise-du-ixe-au-xve-siecles","status":"publish","type":"product","link":"https:\/\/www.libraria-occitana.org\/oc\/produch\/lexique-de-lancien-francais-ancienne-langue-francaise-du-ixe-au-xve-siecles\/","title":{"rendered":"Lexique de l\u2019ancien fran\u00e7ais (Ancienne langue fran\u00e7aise du IXe au XVe si\u00e8cles)"},"content":{"rendered":"<p>Ce <em>Lexique<\/em>, \u00e9dit\u00e9 originellement en 1901, a \u00e9t\u00e9 r\u00e9alis\u00e9 \u00e0 partir du grand <em>Dictionnaire de l\u2019Ancienne langue fran\u00e7aise et de tous ses dialectes<\/em> en 10 volumes, il contient plus de 55.000 entr\u00e9es. Chaque mot est accompagn\u00e9 de sa classe grammaticale, de sa traduction ainsi que des divers sens, souvent nombreux, qui sont les siens dans les textes m\u00e9di\u00e9vaux. Il couvre l\u2019ensemble de l\u2019ancienne langue fran\u00e7aise du IX<sup>e<\/sup> au XV<sup>e<\/sup> si\u00e8cle. C\u2019est un instrument indispensable pour mieux comprendre les textes et la civilisation du Moyen \u00c2ge, et mieux appr\u00e9hender l\u2019\u00e9volution ancienne de la langue fran\u00e7aise.<\/p>\n","protected":false},"excerpt":{"rendered":"<p>Ce Lexique, \u00e9dit\u00e9 originellement en 1901, a \u00e9t\u00e9 r\u00e9alis\u00e9 \u00e0 partir du grand Dictionnaire de l\u2019Ancienne langue fran\u00e7aise et de tous ses dialectes en 10 volumes, il contient plus de 55.000 entr\u00e9es. Chaque mot est accompagn\u00e9 de sa classe grammaticale, de sa traduction ainsi que des divers sens, souvent nombreux, qui sont les siens dans [&hellip;]<\/p>\n","protected":false},"featured_media":44085,"template":"","meta":{"_acf_changed":false,"_genesis_hide_title":false,"_genesis_hide_breadcrumbs":false,"_genesis_hide_singular_image":false,"_genesis_hide_footer_widgets":false,"_genesis_custom_body_class":"","_genesis_custom_post_class":"","_genesis_layout":""},"product_brand":[],"product_cat":[7137,7133,7141],"product_tag":[],"class_list":{"0":"post-44087","1":"product","2":"type-product","3":"status-publish","4":"has-post-thumbnail","6":"product_cat-diccionaris-lenga-escolar-oc","7":"product_cat-libres-oc","8":"product_cat-linguistica-oc","9":"pa_auteur-godefroy-frederic-oc","10":"pa_editeur-editions-des-regionalismes-oc","11":"pa_langue-francais-oc","12":"entry","14":"first","15":"instock","16":"shipping-taxable","17":"purchasable","18":"product-type-simple"},"acf":[],"_links":{"self":[{"href":"https:\/\/www.libraria-occitana.org\/oc\/wp-json\/wp\/v2\/product\/44087","targetHints":{"allow":["GET"]}}],"collection":[{"href":"https:\/\/www.libraria-occitana.org\/oc\/wp-json\/wp\/v2\/product"}],"about":[{"href":"https:\/\/www.libraria-occitana.org\/oc\/wp-json\/wp\/v2\/types\/product"}],"wp:featuredmedia":[{"embeddable":true,"href":"https:\/\/www.libraria-occitana.org\/oc\/wp-json\/wp\/v2\/media\/44085"}],"wp:attachment":[{"href":"https:\/\/www.libraria-occitana.org\/oc\/wp-json\/wp\/v2\/media?parent=44087"}],"wp:term":[{"taxonomy":"product_brand","embeddable":true,"href":"https:\/\/www.libraria-occitana.org\/oc\/wp-json\/wp\/v2\/product_brand?post=44087"},{"taxonomy":"product_cat","embeddable":true,"href":"https:\/\/www.libraria-occitana.org\/oc\/wp-json\/wp\/v2\/product_cat?post=44087"},{"taxonomy":"product_tag","embeddable":true,"href":"https:\/\/www.libraria-occitana.org\/oc\/wp-json\/wp\/v2\/product_tag?post=44087"}],"curies":[{"name":"wp","href":"https:\/\/api.w.org\/{rel}","templated":true}]}}