{"id":44123,"date":"2017-02-21T09:47:13","date_gmt":"2017-02-21T08:47:13","guid":{"rendered":"http:\/\/www.libraria-occitana.org\/?post_type=product&#038;p=44123"},"modified":"2026-04-13T20:17:01","modified_gmt":"2026-04-13T18:17:01","slug":"richard-coeur-de-lion","status":"publish","type":"product","link":"https:\/\/www.libraria-occitana.org\/oc\/produch\/richard-coeur-de-lion\/","title":{"rendered":"Richard C\u0153ur de Lion"},"content":{"rendered":"<p>Richard C\u0153ur de Lion, n\u00e9 en 1157, fut le moins anglais des rois d&#8217;Angleterre, o\u00f9 il ne r\u00e9sida que six mois, r\u00e9gnant sur d&#8217;immenses territoires allant de l\u2019\u00c9cosse aux Pyr\u00e9n\u00e9es, et qu&#8217;il passa sa vie \u00e0 d\u00e9fendre. Enfant ch\u00e9ri de sa m\u00e8re, Ali\u00e9nor d&#8217;Aquitaine, il est le souverain le plus admir\u00e9 et le plus redout\u00e9 de son temps, incarnation des valeurs et des exc\u00e8s de la chevalerie. \u00c9lev\u00e9 au milieu des troubadours, capable de composer des vers, c&#8217;est pourtant \u00e0 la guerre qu&#8217;il forge sa r\u00e9putation. Guerre contre son p\u00e8re, Henri II Plantagen\u00eat, contre son fr\u00e8re, Jean sans Terre, contre le roi de France, Philippe Auguste, contre les barons poitevins. Et surtout guerre sainte, contre Saladin, au cours de l&#8217;\u00e9pop\u00e9e de la troisi\u00e8me croisade, o\u00f9 il se r\u00e9v\u00e8le un strat\u00e8ge hors pair. Terreur des musulmans, dont il gagne le respect, il est trahi par les souverains chr\u00e9tiens, qui jalousent ses exploits. Retenu prisonnier en Autriche, puis lib\u00e9r\u00e9 contre ran\u00e7on, il bat Philippe Auguste, \u00e9difie en deux ans Ch\u00e2teau-Gaillard, avant d&#8217;\u00eatre tu\u00e9 au si\u00e8ge de Ch\u00e2lus, en Limousin, par un trait d&#8217;arbal\u00e8te, en 1199.<\/p>\n<p>Inhum\u00e9e \u00e0 Fontevraud, cette figure de proue du Moyen \u00c2ge reste dans la m\u00e9moire collective comme l&#8217;invincible paladin, dont Walter Scott fera un h\u00e9ros romantique, alors qu&#8217;il l&#8217;\u00e9tait si peu.<\/p>\n","protected":false},"excerpt":{"rendered":"<p>Richard C\u0153ur de Lion, n\u00e9 en 1157, fut le moins anglais des rois d&#8217;Angleterre, o\u00f9 il ne r\u00e9sida que six mois, r\u00e9gnant sur d&#8217;immenses territoires allant de l\u2019\u00c9cosse aux Pyr\u00e9n\u00e9es, et qu&#8217;il passa sa vie \u00e0 d\u00e9fendre. Enfant ch\u00e9ri de sa m\u00e8re, Ali\u00e9nor d&#8217;Aquitaine, il est le souverain le plus admir\u00e9 et le plus redout\u00e9 [&hellip;]<\/p>\n","protected":false},"featured_media":44121,"template":"","meta":{"_acf_changed":false,"_genesis_hide_title":false,"_genesis_hide_breadcrumbs":false,"_genesis_hide_singular_image":false,"_genesis_hide_footer_widgets":false,"_genesis_custom_body_class":"","_genesis_custom_post_class":"","_genesis_layout":""},"product_brand":[],"product_cat":[7161,7149,7133],"product_tag":[],"class_list":{"0":"post-44123","1":"product","2":"type-product","3":"status-publish","4":"has-post-thumbnail","6":"product_cat-istoria-medievala-oc","7":"product_cat-istoria-geografia-oc","8":"product_cat-libres-oc","9":"pa_auteur-minois-georges-oc","10":"pa_editeur-perrin-oc","11":"pa_langue-francais-oc","12":"entry","14":"first","15":"instock","16":"shipping-taxable","17":"purchasable","18":"product-type-simple"},"acf":[],"_links":{"self":[{"href":"https:\/\/www.libraria-occitana.org\/oc\/wp-json\/wp\/v2\/product\/44123","targetHints":{"allow":["GET"]}}],"collection":[{"href":"https:\/\/www.libraria-occitana.org\/oc\/wp-json\/wp\/v2\/product"}],"about":[{"href":"https:\/\/www.libraria-occitana.org\/oc\/wp-json\/wp\/v2\/types\/product"}],"wp:featuredmedia":[{"embeddable":true,"href":"https:\/\/www.libraria-occitana.org\/oc\/wp-json\/wp\/v2\/media\/44121"}],"wp:attachment":[{"href":"https:\/\/www.libraria-occitana.org\/oc\/wp-json\/wp\/v2\/media?parent=44123"}],"wp:term":[{"taxonomy":"product_brand","embeddable":true,"href":"https:\/\/www.libraria-occitana.org\/oc\/wp-json\/wp\/v2\/product_brand?post=44123"},{"taxonomy":"product_cat","embeddable":true,"href":"https:\/\/www.libraria-occitana.org\/oc\/wp-json\/wp\/v2\/product_cat?post=44123"},{"taxonomy":"product_tag","embeddable":true,"href":"https:\/\/www.libraria-occitana.org\/oc\/wp-json\/wp\/v2\/product_tag?post=44123"}],"curies":[{"name":"wp","href":"https:\/\/api.w.org\/{rel}","templated":true}]}}