{"id":44171,"date":"2018-03-21T10:34:44","date_gmt":"2018-03-21T09:34:44","guid":{"rendered":"http:\/\/www.libraria-occitana.org\/?post_type=product&#038;p=44171"},"modified":"2025-03-09T00:28:19","modified_gmt":"2025-03-08T23:28:19","slug":"didier-homme-du-peuple","status":"publish","type":"product","link":"https:\/\/www.libraria-occitana.org\/oc\/produch\/didier-homme-du-peuple\/","title":{"rendered":"Didier, homme du peuple"},"content":{"rendered":"<p>Ce livre est le seul que Maurice Bonneff (1884-1914) ait publi\u00e9 sous son nom. Mais il en a \u00e9crit d&#8217;autres, cosign\u00e9s avec son fr\u00e8re L\u00e9on (1882-1914) : quatre enqu\u00eates fondamentales et exemplaires sur la condition ouvri\u00e8re \u00e0 la \u00ab belle \u00e9poque \u00bb qui pour \u00eatre si belle fut sans piti\u00e9 pour les plus d\u00e9munis. Situation que l&#8217;on peut m\u00e9diter aujourd&#8217;hui encore o\u00f9 les choses ont si peu chang\u00e9 pour les plus pauvres ! Les deux fr\u00e8res dont l&#8217;avenir \u00e9tait prometteur furent tu\u00e9s \u00e0 trois mois de distance au tout d\u00e9but de la Grande Boucherie. Didier, homme du peuple, roman mais aussi formidable document d&#8217;histoire sociale, nous conte la courte vie d&#8217;un orphelin devenu actif militant de la solidarit\u00e9 ouvri\u00e8re et de la cause syndicale. C&#8217;est en partie l&#8217;histoire romanc\u00e9e d&#8217;un syndicaliste mort \u00e0 la t\u00e2che, Henri P\u00e9rault (1886-1908). C&#8217;\u00e9tait un temps o\u00f9 le capitalisme atteignit des sommets dans l&#8217;exploitation honteuse des travailleurs les plus expos\u00e9s. Ici les terrassiers, les \u00ab taupiers \u00bb, comme ils se nommaient eux-m\u00eames, qui construisirent notamment de leurs mains le m\u00e9tro parisien. Didier est l&#8217;un d&#8217;entre eux qui, parall\u00e8lement \u00e0 l&#8217;exercice \u00e9puisant de son m\u00e9tier, milite comme militaient \u00e0 cette \u00e9poque les syndicalistes r\u00e9volutionnaires, tels Fernand Pelloutier, Am\u00e9d\u00e9e Dunois, Maurice Chambelland, Pierre Monatte et tant d&#8217;autres, dont l\u2019\u0153uvre constructive toute de d\u00e9vouement devait aboutir indirectement aux meilleurs acquis du Front populaire \u00e0 travers la diffusion souvent combattue de leur pens\u00e9e et de leurs actions en faveur de la solidarit\u00e9, de l&#8217;unit\u00e9 syndicale, du f\u00e9d\u00e9ralisme et de la coop\u00e9ration. Un roman oubli\u00e9 dont nous redonnons ici tous les \u00e9l\u00e9ments de la version compl\u00e8te, \u00e9dulcor\u00e9e lors de sa parution initiale en 1914.<\/p>\n","protected":false},"excerpt":{"rendered":"<p>Ce livre est le seul que Maurice Bonneff (1884-1914) ait publi\u00e9 sous son nom. Mais il en a \u00e9crit d&#8217;autres, cosign\u00e9s avec son fr\u00e8re L\u00e9on (1882-1914) : quatre enqu\u00eates fondamentales et exemplaires sur la condition ouvri\u00e8re \u00e0 la \u00ab belle \u00e9poque \u00bb qui pour \u00eatre si belle fut sans piti\u00e9 pour les plus d\u00e9munis. Situation [&hellip;]<\/p>\n","protected":false},"featured_media":44169,"template":"","meta":{"_acf_changed":false,"_genesis_hide_title":false,"_genesis_hide_breadcrumbs":false,"_genesis_hide_singular_image":false,"_genesis_hide_footer_widgets":false,"_genesis_custom_body_class":"","_genesis_custom_post_class":"","_genesis_layout":""},"product_brand":[],"product_cat":[7133,7175,7183],"product_tag":[],"class_list":{"0":"post-44171","1":"product","2":"type-product","3":"status-publish","4":"has-post-thumbnail","6":"product_cat-libres-oc","7":"product_cat-literatura-oc","8":"product_cat-romans-novelas-oc","9":"pa_auteur-bonneff-maurice-oc","10":"pa_editeur-plein-chant-oc","11":"pa_langue-francais-oc","12":"entry","14":"first","15":"outofstock","16":"shipping-taxable","17":"purchasable","18":"product-type-simple"},"acf":[],"_links":{"self":[{"href":"https:\/\/www.libraria-occitana.org\/oc\/wp-json\/wp\/v2\/product\/44171","targetHints":{"allow":["GET"]}}],"collection":[{"href":"https:\/\/www.libraria-occitana.org\/oc\/wp-json\/wp\/v2\/product"}],"about":[{"href":"https:\/\/www.libraria-occitana.org\/oc\/wp-json\/wp\/v2\/types\/product"}],"wp:featuredmedia":[{"embeddable":true,"href":"https:\/\/www.libraria-occitana.org\/oc\/wp-json\/wp\/v2\/media\/44169"}],"wp:attachment":[{"href":"https:\/\/www.libraria-occitana.org\/oc\/wp-json\/wp\/v2\/media?parent=44171"}],"wp:term":[{"taxonomy":"product_brand","embeddable":true,"href":"https:\/\/www.libraria-occitana.org\/oc\/wp-json\/wp\/v2\/product_brand?post=44171"},{"taxonomy":"product_cat","embeddable":true,"href":"https:\/\/www.libraria-occitana.org\/oc\/wp-json\/wp\/v2\/product_cat?post=44171"},{"taxonomy":"product_tag","embeddable":true,"href":"https:\/\/www.libraria-occitana.org\/oc\/wp-json\/wp\/v2\/product_tag?post=44171"}],"curies":[{"name":"wp","href":"https:\/\/api.w.org\/{rel}","templated":true}]}}