{"id":44177,"date":"2000-06-21T10:39:41","date_gmt":"2000-06-21T08:39:41","guid":{"rendered":"http:\/\/www.libraria-occitana.org\/?post_type=product&#038;p=44177"},"modified":"2025-03-09T01:48:21","modified_gmt":"2025-03-09T00:48:21","slug":"sincerite-suivi-de-gegene-nini","status":"publish","type":"product","link":"https:\/\/www.libraria-occitana.org\/oc\/produch\/sincerite-suivi-de-gegene-nini\/","title":{"rendered":"Sinc\u00e9rit\u00e9 suivi de G\u00e9g\u00e8ne &#038; Nini"},"content":{"rendered":"<p>Louis Nazzi fit para\u00eetre en 1909 les deux num\u00e9ros de sa petite revue <em>Sinc\u00e9rit\u00e9<\/em> dont il \u00e9tait l\u2019unique r\u00e9dacteur. Elle devait dans son esprit \u00eatre l\u2019arme principale, l\u2019\u00e2me, de son combat pour le <em>Sinc\u00e9risme<\/em>, courant de morale sociale et litt\u00e9raire qui fit sans doute peu d\u2019\u00e9mules mais auquel Nazzi resta fid\u00e8le jusqu\u2019au bout. Il consigna l\u00e0 ses r\u00e9voltes, ses r\u00e9flexions ses admirations et ses premiers essais litt\u00e9raires, notamment la nouvelle <em>Tortillard<\/em> qui brosse un tableau de l\u2019enfance des banlieues au d\u00e9but des ann\u00e9es 30, tel <em>Le pain quotidien<\/em> d\u2019Henry Poulaille, grand d\u00e9fenseur de Nazzi.<\/p>\n<p>L\u2019action de <em>G\u00e9g\u00e8ne &amp; Nini<\/em> s\u2019inscrit \u00e9galement dans cette lign\u00e9e des romans de l\u2019enfance populaire que L\u00e9on Frapi\u00e9, Alfred Machard, Louis Pergaud illustreront \u00e0 la m\u00eame \u00e9poque. Il s\u2019agit ici de l\u2019\u00e9veil aux sentiments amoureux de deux gosses d\u2019un quartier populaire. Cela est bross\u00e9 avec tendresse, humour et r\u00e9alisme par un jeune \u00e9crivain de vingt et un ans, puisque Nazzi \u00e9crivit cette histoire en 1905, au tout d\u00e9but de sa courte carri\u00e8re.<\/p>\n","protected":false},"excerpt":{"rendered":"<p>Louis Nazzi fit para\u00eetre en 1909 les deux num\u00e9ros de sa petite revue Sinc\u00e9rit\u00e9 dont il \u00e9tait l\u2019unique r\u00e9dacteur. Elle devait dans son esprit \u00eatre l\u2019arme principale, l\u2019\u00e2me, de son combat pour le Sinc\u00e9risme, courant de morale sociale et litt\u00e9raire qui fit sans doute peu d\u2019\u00e9mules mais auquel Nazzi resta fid\u00e8le jusqu\u2019au bout. Il consigna [&hellip;]<\/p>\n","protected":false},"featured_media":44175,"template":"","meta":{"_acf_changed":false,"_genesis_hide_title":false,"_genesis_hide_breadcrumbs":false,"_genesis_hide_singular_image":false,"_genesis_hide_footer_widgets":false,"_genesis_custom_body_class":"","_genesis_custom_post_class":"","_genesis_layout":""},"product_brand":[],"product_cat":[7133,7175,7183],"product_tag":[],"class_list":{"0":"post-44177","1":"product","2":"type-product","3":"status-publish","4":"has-post-thumbnail","6":"product_cat-libres-oc","7":"product_cat-literatura-oc","8":"product_cat-romans-novelas-oc","9":"pa_auteur-nazzi-louis-oc","10":"pa_editeur-plein-chant-oc","11":"pa_langue-francais-oc","12":"entry","14":"first","15":"instock","16":"shipping-taxable","17":"purchasable","18":"product-type-simple"},"acf":[],"_links":{"self":[{"href":"https:\/\/www.libraria-occitana.org\/oc\/wp-json\/wp\/v2\/product\/44177","targetHints":{"allow":["GET"]}}],"collection":[{"href":"https:\/\/www.libraria-occitana.org\/oc\/wp-json\/wp\/v2\/product"}],"about":[{"href":"https:\/\/www.libraria-occitana.org\/oc\/wp-json\/wp\/v2\/types\/product"}],"wp:featuredmedia":[{"embeddable":true,"href":"https:\/\/www.libraria-occitana.org\/oc\/wp-json\/wp\/v2\/media\/44175"}],"wp:attachment":[{"href":"https:\/\/www.libraria-occitana.org\/oc\/wp-json\/wp\/v2\/media?parent=44177"}],"wp:term":[{"taxonomy":"product_brand","embeddable":true,"href":"https:\/\/www.libraria-occitana.org\/oc\/wp-json\/wp\/v2\/product_brand?post=44177"},{"taxonomy":"product_cat","embeddable":true,"href":"https:\/\/www.libraria-occitana.org\/oc\/wp-json\/wp\/v2\/product_cat?post=44177"},{"taxonomy":"product_tag","embeddable":true,"href":"https:\/\/www.libraria-occitana.org\/oc\/wp-json\/wp\/v2\/product_tag?post=44177"}],"curies":[{"name":"wp","href":"https:\/\/api.w.org\/{rel}","templated":true}]}}