{"id":44189,"date":"1986-01-21T10:47:52","date_gmt":"1986-01-21T09:47:52","guid":{"rendered":"http:\/\/www.libraria-occitana.org\/?post_type=product&#038;p=44189"},"modified":"2025-03-09T01:32:27","modified_gmt":"2025-03-09T00:32:27","slug":"nouvel-age-litteraire","status":"publish","type":"product","link":"https:\/\/www.libraria-occitana.org\/oc\/produch\/nouvel-age-litteraire\/","title":{"rendered":"Nouvel \u00e2ge litt\u00e9raire"},"content":{"rendered":"<p>Le d\u00e9but du XX<sup>e<\/sup> si\u00e8cle est marqu\u00e9 par un intense d\u00e9bat sur ce que peut \u2013 ou doit \u2013 \u00eatre la culture d&#8217;une soci\u00e9t\u00e9 industrielle. On conna\u00eet bien les mouvements futuriste, surr\u00e9aliste, expressionniste, mais tr\u00e8s peu la controverse sur la litt\u00e9rature prol\u00e9tarienne qui pourtant, vers 1930, mobilisa les milieux intellectuels de gauche au grand complet, d&#8217;Henri Barbusse \u00e0 Emmanuel Mounier, en passant par Jean Gu\u00e9henno, Victor Serge, Andr\u00e9 Breton ou Paul Nizan\u2026 Litt\u00e9rature du prol\u00e9tariat : \u00e9crite par lui, comme le veut Poulaille, ou exprimant ses int\u00e9r\u00eats \u00e0 long terme, selon les vues du Parti Communiste ? Au-del\u00e0 d&#8217;un d\u00e9bat mal conduit et jamais conclu, l&#8217;aventure des \u00e9crivains prol\u00e9tariens pose quelques questions br\u00fblantes : quelles repr\u00e9sentations se font les \u00ab gens cultiv\u00e9s \u00bb des milieux populaires ? Pourquoi y-a-t-il en proportion si peu d\u2019ouvriers qui \u00e9crivent ? Si peu qui sont publi\u00e9s ? Quels rapports entre l\u2019\u00e9criture et l\u2019exp\u00e9rience sociale des auteurs ? La culture, la litt\u00e9rature, fascinent \u2013 mais l\u00e0 comme ailleurs existent des in\u00e9galit\u00e9s sociales.<\/p>\n<p>R\u00e9impression 2016.<\/p>\n","protected":false},"excerpt":{"rendered":"<p>Le d\u00e9but du XXe si\u00e8cle est marqu\u00e9 par un intense d\u00e9bat sur ce que peut \u2013 ou doit \u2013 \u00eatre la culture d&#8217;une soci\u00e9t\u00e9 industrielle. On conna\u00eet bien les mouvements futuriste, surr\u00e9aliste, expressionniste, mais tr\u00e8s peu la controverse sur la litt\u00e9rature prol\u00e9tarienne qui pourtant, vers 1930, mobilisa les milieux intellectuels de gauche au grand complet, [&hellip;]<\/p>\n","protected":false},"featured_media":44187,"template":"","meta":{"_acf_changed":false,"_genesis_hide_title":false,"_genesis_hide_breadcrumbs":false,"_genesis_hide_singular_image":false,"_genesis_hide_footer_widgets":false,"_genesis_custom_body_class":"","_genesis_custom_post_class":"","_genesis_layout":""},"product_brand":[],"product_cat":[7189,7133,7175],"product_tag":[],"class_list":{"0":"post-44189","1":"product","2":"type-product","3":"status-publish","4":"has-post-thumbnail","6":"product_cat-estudis-literaris-oc","7":"product_cat-libres-oc","8":"product_cat-literatura-oc","9":"pa_auteur-poulaille-henry-oc","10":"pa_editeur-plein-chant-oc","11":"pa_langue-francais-oc","12":"entry","14":"first","15":"instock","16":"shipping-taxable","17":"purchasable","18":"product-type-simple"},"acf":[],"_links":{"self":[{"href":"https:\/\/www.libraria-occitana.org\/oc\/wp-json\/wp\/v2\/product\/44189","targetHints":{"allow":["GET"]}}],"collection":[{"href":"https:\/\/www.libraria-occitana.org\/oc\/wp-json\/wp\/v2\/product"}],"about":[{"href":"https:\/\/www.libraria-occitana.org\/oc\/wp-json\/wp\/v2\/types\/product"}],"wp:featuredmedia":[{"embeddable":true,"href":"https:\/\/www.libraria-occitana.org\/oc\/wp-json\/wp\/v2\/media\/44187"}],"wp:attachment":[{"href":"https:\/\/www.libraria-occitana.org\/oc\/wp-json\/wp\/v2\/media?parent=44189"}],"wp:term":[{"taxonomy":"product_brand","embeddable":true,"href":"https:\/\/www.libraria-occitana.org\/oc\/wp-json\/wp\/v2\/product_brand?post=44189"},{"taxonomy":"product_cat","embeddable":true,"href":"https:\/\/www.libraria-occitana.org\/oc\/wp-json\/wp\/v2\/product_cat?post=44189"},{"taxonomy":"product_tag","embeddable":true,"href":"https:\/\/www.libraria-occitana.org\/oc\/wp-json\/wp\/v2\/product_tag?post=44189"}],"curies":[{"name":"wp","href":"https:\/\/api.w.org\/{rel}","templated":true}]}}