{"id":44276,"date":"2016-11-23T15:12:05","date_gmt":"2016-11-23T14:12:05","guid":{"rendered":"http:\/\/www.libraria-occitana.org\/product\/chansons-du-mont-lozere-cancons-del-mont-losera-libre-cd\/"},"modified":"2026-04-03T05:32:00","modified_gmt":"2026-04-03T03:32:00","slug":"chansons-du-mont-lozere-cancons-del-mont-losera-libre-cd","status":"publish","type":"product","link":"https:\/\/www.libraria-occitana.org\/oc\/produch\/chansons-du-mont-lozere-cancons-del-mont-losera-libre-cd\/","title":{"rendered":"Chansons du Mont Loz\u00e8re &#8211; Can\u00e7ons del mont Losera (libre + CD)"},"content":{"rendered":"<p>Ces 391 chansons du mont Loz\u00e8re ont \u00e9t\u00e9 recueillies \u00e0 la fin des ann\u00e9es 1970 et au d\u00e9but des ann\u00e9es 1980 sur tout le territoire du mont Loz\u00e8re. Elles constituent une m\u00e9moire fiable de ce que fut la pratique chansonni\u00e8re de la fin du XIXe et de la premi\u00e8re moiti\u00e9 du XXe si\u00e8cles.<\/p>\n<p>Cet ouvrage regroupe la majeure partie de la collecte de Claudette Castell et Nicole Coulomb, constitu\u00e9e de chants en fran\u00e7ais et en occitan, avec des commentaires, les traductions, ainsi que les partitions correspondantes.<br \/>\nUn disque audio (MP3) encart\u00e9 \u00e0 la fin du livre contient une s\u00e9lection repr\u00e9sentative de ces chansons et musiques du mont Loz\u00e8re.<\/p>\n","protected":false},"excerpt":{"rendered":"<p>Ces 391 chansons du mont Loz\u00e8re ont \u00e9t\u00e9 recueillies \u00e0 la fin des ann\u00e9es 1970 et au d\u00e9but des ann\u00e9es 1980 sur tout le territoire du mont Loz\u00e8re. Elles constituent une m\u00e9moire fiable de ce que fut la pratique chansonni\u00e8re de la fin du XIXe et de la premi\u00e8re moiti\u00e9 du XXe si\u00e8cles. Cet ouvrage [&hellip;]<\/p>\n","protected":false},"featured_media":44274,"template":"","meta":{"_acf_changed":false,"_genesis_hide_title":false,"_genesis_hide_breadcrumbs":false,"_genesis_hide_singular_image":false,"_genesis_hide_footer_widgets":false,"_genesis_custom_body_class":"","_genesis_custom_post_class":"","_genesis_layout":""},"product_brand":[],"product_cat":[7133,7191,7193],"product_tag":[],"class_list":{"0":"post-44276","1":"product","2":"type-product","3":"status-publish","4":"has-post-thumbnail","6":"product_cat-libres-oc","7":"product_cat-musica-danca-oc","8":"product_cat-particions-paraulas-de-chancons-oc","9":"pa_auteur-castell-claudette-oc","10":"pa_auteur-coulomb-nicole-oc","11":"pa_editeur-clair-de-terre-oc","12":"pa_editeur-cordae-la-talvera-oc","13":"pa_langue-francais-oc","14":"pa_langue-occitan-oc","15":"pa_langue-occitan-auvernhat-oc","16":"pa_langue-occitan-lengadocian-oc","17":"entry","19":"first","20":"instock","21":"shipping-taxable","22":"purchasable","23":"product-type-simple"},"acf":[],"_links":{"self":[{"href":"https:\/\/www.libraria-occitana.org\/oc\/wp-json\/wp\/v2\/product\/44276","targetHints":{"allow":["GET"]}}],"collection":[{"href":"https:\/\/www.libraria-occitana.org\/oc\/wp-json\/wp\/v2\/product"}],"about":[{"href":"https:\/\/www.libraria-occitana.org\/oc\/wp-json\/wp\/v2\/types\/product"}],"wp:featuredmedia":[{"embeddable":true,"href":"https:\/\/www.libraria-occitana.org\/oc\/wp-json\/wp\/v2\/media\/44274"}],"wp:attachment":[{"href":"https:\/\/www.libraria-occitana.org\/oc\/wp-json\/wp\/v2\/media?parent=44276"}],"wp:term":[{"taxonomy":"product_brand","embeddable":true,"href":"https:\/\/www.libraria-occitana.org\/oc\/wp-json\/wp\/v2\/product_brand?post=44276"},{"taxonomy":"product_cat","embeddable":true,"href":"https:\/\/www.libraria-occitana.org\/oc\/wp-json\/wp\/v2\/product_cat?post=44276"},{"taxonomy":"product_tag","embeddable":true,"href":"https:\/\/www.libraria-occitana.org\/oc\/wp-json\/wp\/v2\/product_tag?post=44276"}],"curies":[{"name":"wp","href":"https:\/\/api.w.org\/{rel}","templated":true}]}}