{"id":44282,"date":"2018-12-23T15:34:01","date_gmt":"2018-12-23T14:34:01","guid":{"rendered":"http:\/\/www.libraria-occitana.org\/product\/canta-cantanha\/"},"modified":"2026-04-29T01:16:40","modified_gmt":"2026-04-28T23:16:40","slug":"canta-cantanha","status":"publish","type":"product","link":"https:\/\/www.libraria-occitana.org\/oc\/produch\/canta-cantanha\/","title":{"rendered":"Canta Cantanha : recueil de 40 chants occitans harmonis\u00e9s pour ch\u0153urs mixtes"},"content":{"rendered":"<p>L\u2019expression occitane <em>Aver la cantanha<\/em> traduit une envie ou un besoin irr\u00e9pressible de chanter, seul ou \u00e0 plusieurs, peu importe.<br \/>\nToutefois chanter en groupe, notamment dans une chorale, est un acte \u00e9minemment social, qui au-del\u00e0 de l\u2019apprentissage du chant ou de ses techniques a \u00e9galement pour fonction de cr\u00e9er du lien et de la mixit\u00e9 sociale. D\u2019o\u00f9 l\u2019engouement actuel pour ce type d\u2019expression artistique.<br \/>\nMais chanter \u00e0 plusieurs en occitan permet aussi de grimper de plusieurs degr\u00e9s sur l\u2019\u00e9chelle du plaisir de donner de la voix.<br \/>\nIl s\u2019agit d\u2019une sorte de reconqu\u00eate de la parole occitane, d\u2019une autre fa\u00e7on de repeupler symboliquement le monde dans lequel nous vivons de mille cantil\u00e8nes et d\u2019une po\u00e9sie \u00e0 la fois nouvelle et <em>vi\u00e8lha coma lo camin<\/em>, vieille comme le chemin.<\/p>\n<p>Ce recueil renferme 23 chansons traditionnelles en occitan collect\u00e9es par l\u2019association CORDAE La Talvera et 17 chansons cr\u00e9\u00e9es par Daniel Loddo, l\u2019ensemble \u00e9tant harmonis\u00e9 \u00e0 deux ou trois voix par Thierry Rougier. Chaque chanson est accompagn\u00e9e de sa partition.<\/p>\n<p><strong><em>Per cantar plan, canta en occitan !<\/em><\/strong><\/p>\n<p>Textes en occitan, traduits en fran\u00e7ais.<\/p>\n","protected":false},"excerpt":{"rendered":"<p>L\u2019expression occitane Aver la cantanha traduit une envie ou un besoin irr\u00e9pressible de chanter, seul ou \u00e0 plusieurs, peu importe. Toutefois chanter en groupe, notamment dans une chorale, est un acte \u00e9minemment social, qui au-del\u00e0 de l\u2019apprentissage du chant ou de ses techniques a \u00e9galement pour fonction de cr\u00e9er du lien et de la mixit\u00e9 [&hellip;]<\/p>\n","protected":false},"featured_media":44280,"template":"","meta":{"_acf_changed":false,"_genesis_hide_title":false,"_genesis_hide_breadcrumbs":false,"_genesis_hide_singular_image":false,"_genesis_hide_footer_widgets":false,"_genesis_custom_body_class":"","_genesis_custom_post_class":"","_genesis_layout":""},"product_brand":[],"product_cat":[7133,7191,7193],"product_tag":[],"class_list":{"0":"post-44282","1":"product","2":"type-product","3":"status-publish","4":"has-post-thumbnail","6":"product_cat-libres-oc","7":"product_cat-musica-danca-oc","8":"product_cat-particions-paraulas-de-chancons-oc","9":"pa_auteur-cordae-la-talvera-fr-oc","10":"pa_auteur-loddo-daniel-oc","11":"pa_auteur-rougier-thierry-oc","12":"pa_editeur-cordae-la-talvera-oc","13":"pa_langue-occitan-lengadocian-oc","14":"pa_langue-occitan-francais-oc","15":"entry","17":"first","18":"instock","19":"shipping-taxable","20":"purchasable","21":"product-type-simple"},"acf":[],"_links":{"self":[{"href":"https:\/\/www.libraria-occitana.org\/oc\/wp-json\/wp\/v2\/product\/44282","targetHints":{"allow":["GET"]}}],"collection":[{"href":"https:\/\/www.libraria-occitana.org\/oc\/wp-json\/wp\/v2\/product"}],"about":[{"href":"https:\/\/www.libraria-occitana.org\/oc\/wp-json\/wp\/v2\/types\/product"}],"wp:featuredmedia":[{"embeddable":true,"href":"https:\/\/www.libraria-occitana.org\/oc\/wp-json\/wp\/v2\/media\/44280"}],"wp:attachment":[{"href":"https:\/\/www.libraria-occitana.org\/oc\/wp-json\/wp\/v2\/media?parent=44282"}],"wp:term":[{"taxonomy":"product_brand","embeddable":true,"href":"https:\/\/www.libraria-occitana.org\/oc\/wp-json\/wp\/v2\/product_brand?post=44282"},{"taxonomy":"product_cat","embeddable":true,"href":"https:\/\/www.libraria-occitana.org\/oc\/wp-json\/wp\/v2\/product_cat?post=44282"},{"taxonomy":"product_tag","embeddable":true,"href":"https:\/\/www.libraria-occitana.org\/oc\/wp-json\/wp\/v2\/product_tag?post=44282"}],"curies":[{"name":"wp","href":"https:\/\/api.w.org\/{rel}","templated":true}]}}